{"id":7039,"date":"2026-05-13T22:38:19","date_gmt":"2026-05-13T20:38:19","guid":{"rendered":"https:\/\/www.pocapots.es\/produit\/charter-brunch\/"},"modified":"2026-05-15T12:19:20","modified_gmt":"2026-05-15T10:19:20","slug":"charter-brunch","status":"publish","type":"product","link":"https:\/\/www.pocapots.es\/es\/produit\/charter-brunch\/","title":{"rendered":"Charter Brunch \u2014 embarquez les saveurs"},"content":{"rendered":"<p><strong>30 \u20ac par personne \u2014 minimum 5 personnes (5 produits par commande).<\/strong><\/p>\n<p>Une formule brunch pens\u00e9e pour le bateau : tout est pr\u00eat \u00e0 servir, rien \u00e0 cuisiner, conservation simple.<\/p>\n<h4>Composition<\/h4>\n<ul>\n<li>Jus d&rsquo;orange press\u00e9 frais<\/li>\n<li>Assortiment de croissants et pains au chocolat<\/li>\n<li>Toasts d&rsquo;avocat aux \u0153ufs brouill\u00e9s<\/li>\n<li>Plancha de fromages et confitures, pain frais<\/li>\n<li>Plancha de charcuterie et fruits secs, pain frais<\/li>\n<li>P\u00e2tisseries fran\u00e7aises (financier, brownie)<\/li>\n<li>Plateau de fruits frais<\/li>\n<\/ul>\n<h4>Logistique partenaire<\/h4>\n<ul>\n<li>D\u00e9lai minimum de commande : 48 h avant la sortie<\/li>\n<li>Livraison incluse : Port Vell, Marina Vela et Port Ol\u00edmpic, Barcelone<\/li>\n<li>Conditionnement traiteur pr\u00eat \u00e0 servir, plateaux compostables<\/li>\n<\/ul>\n<p><em>Commande &amp; devis : <a href=\"mailto:virginie@pocapots.es\">virginie@pocapots.es<\/a> \u00b7 <a href=\"tel:+34693586456\">+34 693 58 64 56<\/a><\/em><\/p>","protected":false},"excerpt":{"rendered":"<p>Brunch frais et gourmand pr\u00eat-\u00e0-embarquer pour vos sorties en mer. Minimum 5 personnes. Livraison incluse sur Port Vell, Marina Vela et Port Ol\u00edmpic.<\/p>","protected":false},"featured_media":7042,"template":"","meta":{"rank_math_title":"","rank_math_description":"","rank_math_focus_keyword":"","rank_math_robots":"","rank_math_canonical_url":"","rank_math_facebook_title":"","rank_math_facebook_description":"","_joinchat":[]},"product_brand":[],"product_cat":[288],"product_tag":[],"class_list":{"0":"post-7039","1":"product","2":"type-product","3":"status-publish","4":"has-post-thumbnail","6":"product_cat-charter-catering","8":"first","9":"instock","10":"taxable","11":"shipping-taxable","12":"purchasable","13":"product-type-simple"},"_links":{"self":[{"href":"https:\/\/www.pocapots.es\/es\/wp-json\/wp\/v2\/product\/7039","targetHints":{"allow":["GET"]}}],"collection":[{"href":"https:\/\/www.pocapots.es\/es\/wp-json\/wp\/v2\/product"}],"about":[{"href":"https:\/\/www.pocapots.es\/es\/wp-json\/wp\/v2\/types\/product"}],"wp:featuredmedia":[{"embeddable":true,"href":"https:\/\/www.pocapots.es\/es\/wp-json\/wp\/v2\/media\/7042"}],"wp:attachment":[{"href":"https:\/\/www.pocapots.es\/es\/wp-json\/wp\/v2\/media?parent=7039"}],"wp:term":[{"taxonomy":"product_brand","embeddable":true,"href":"https:\/\/www.pocapots.es\/es\/wp-json\/wp\/v2\/product_brand?post=7039"},{"taxonomy":"product_cat","embeddable":true,"href":"https:\/\/www.pocapots.es\/es\/wp-json\/wp\/v2\/product_cat?post=7039"},{"taxonomy":"product_tag","embeddable":true,"href":"https:\/\/www.pocapots.es\/es\/wp-json\/wp\/v2\/product_tag?post=7039"}],"curies":[{"name":"wp","href":"https:\/\/api.w.org\/{rel}","templated":true}]}}