{"id":6601,"date":"2025-04-01T17:03:26","date_gmt":"2025-04-01T15:03:26","guid":{"rendered":"https:\/\/www.pocapots.es\/?post_type=product&#038;p=6601"},"modified":"2026-04-21T01:11:40","modified_gmt":"2026-04-20T23:11:40","slug":"arroz-cantones-y-pato-laqueado-2","status":"publish","type":"product","link":"https:\/\/www.pocapots.es\/es\/produit\/riz-cantonnais-et-canard-laque\/","title":{"rendered":"Arroz canton\u00e9s y pato pekin\u00e9s"},"content":{"rendered":"<h2 class=\"wp-block-heading\">Composition<\/h2>\n\n\n\n<ul class=\"wp-block-list\">\n<li>Arroz salteado, huevos, guisantes y este pato pekin\u00e9s... Estar\u00e1s lamiendo el cuenco hasta dejarlo limpio.<\/li>\n<\/ul>\n\n\n\n<h2 class=\"wp-block-heading\">Conseil d\u2019accord<\/h2>\n\n\n\n<p>Plat g\u00e9n\u00e9reux, servi en partage. Accord avec un rouge structur\u00e9 : Priorat, Montsant, ou un Bordeaux de rive droite. \u00c0 pr\u00e9voir 2 bouteilles pour 6 convives.<\/p>\n\n\n\n<h2 class=\"wp-block-heading\">Livraison &#038; fabrication<\/h2>\n\n\n\n<p>Fabriqu\u00e9 le jour m\u00eame dans nos cuisines. <strong>Livraison offerte \u00e0 Barcelone d\u00e8s 60 \u20ac HT.<\/strong> Pour les commandes &gt; 6 unit\u00e9s, pr\u00e9voir <strong>48 h \u00e0 l\u2019avance<\/strong>.<\/p>\n\n\n\n<p><em>Al\u00e9rgenos: huevo, soja, gluten<\/em><\/p>","protected":false},"excerpt":{"rendered":"<p>Arroz salteado, huevos, guisantes y este pato pekin\u00e9s... Estar\u00e1s lamiendo el cuenco hasta dejarlo limpio.<br \/>\nAl\u00e9rgenos: huevo, soja, gluten<\/p>","protected":false},"featured_media":2304,"template":"","meta":{"rank_math_title":"Riz Cantonnais et canard laqu\u00e9\u200b \u00e0 Barcelone | Poc a Pots","rank_math_description":"Riz saut\u00e9, \u0153ufs, petits pois, et ce canard laqu\u00e9\u2026 Vous allez l\u00e9cher le bol. Livraison offerte \u00e0 Barcelone d\u00e8s 60 \u20ac HT. Commandez en ligne.","rank_math_focus_keyword":"riz cantonnais et canard laqu\u00e9\u200b","rank_math_robots":null,"rank_math_canonical_url":"","rank_math_facebook_title":"","rank_math_facebook_description":"","_joinchat":[]},"product_brand":[],"product_cat":[81],"product_tag":[168,165],"class_list":{"0":"post-6601","1":"product","2":"type-product","3":"status-publish","4":"has-post-thumbnail","6":"product_cat-plats","7":"product_tag-asiatique","8":"product_tag-viandes","10":"first","11":"instock","12":"taxable","13":"shipping-taxable","14":"purchasable","15":"product-type-simple"},"_links":{"self":[{"href":"https:\/\/www.pocapots.es\/es\/wp-json\/wp\/v2\/product\/6601","targetHints":{"allow":["GET"]}}],"collection":[{"href":"https:\/\/www.pocapots.es\/es\/wp-json\/wp\/v2\/product"}],"about":[{"href":"https:\/\/www.pocapots.es\/es\/wp-json\/wp\/v2\/types\/product"}],"wp:featuredmedia":[{"embeddable":true,"href":"https:\/\/www.pocapots.es\/es\/wp-json\/wp\/v2\/media\/2304"}],"wp:attachment":[{"href":"https:\/\/www.pocapots.es\/es\/wp-json\/wp\/v2\/media?parent=6601"}],"wp:term":[{"taxonomy":"product_brand","embeddable":true,"href":"https:\/\/www.pocapots.es\/es\/wp-json\/wp\/v2\/product_brand?post=6601"},{"taxonomy":"product_cat","embeddable":true,"href":"https:\/\/www.pocapots.es\/es\/wp-json\/wp\/v2\/product_cat?post=6601"},{"taxonomy":"product_tag","embeddable":true,"href":"https:\/\/www.pocapots.es\/es\/wp-json\/wp\/v2\/product_tag?post=6601"}],"curies":[{"name":"wp","href":"https:\/\/api.w.org\/{rel}","templated":true}]}}