{"id":6586,"date":"2025-04-01T17:03:24","date_gmt":"2025-04-01T15:03:24","guid":{"rendered":"https:\/\/www.pocapots.es\/?post_type=product&#038;p=6586"},"modified":"2026-04-21T01:12:27","modified_gmt":"2026-04-20T23:12:27","slug":"cerdo-a-baja-temperatura-con-caramelo","status":"publish","type":"product","link":"https:\/\/www.pocapots.es\/es\/produit\/porc-cuisson-basse-temperature-au-caramel\/","title":{"rendered":"Cerdo a baja temperatura con caramelo"},"content":{"rendered":"<h2 class=\"wp-block-heading\">Composition<\/h2>\n\n\n\n<ul class=\"wp-block-list\">\n<li>Cerdo tierno, salsa de caramelo... Lo \u00faltimo en comida agridulce.<\/li>\n<\/ul>\n\n\n\n<h2 class=\"wp-block-heading\">Consejo de maridaje<\/h2>\n\n\n\n<p>Servir caliente o templado para compartir. Marida con un vino tinto redondo de Catalu\u00f1a (Garnacha, Tempranillo) o un blanco gastron\u00f3mico seg\u00fan el plato.<\/p>\n\n\n\n<h2 class=\"wp-block-heading\">Entrega &#038; elaboraci\u00f3n<\/h2>\n\n\n\n<p>Elaborado el mismo d\u00eda en nuestras cocinas. <strong>Entrega gratuita en Barcelona desde 60 \u20ac IVA excl.<\/strong> Para pedidos &gt; 6 unidades, prever <strong>48 h de antelaci\u00f3n<\/strong>.<\/p>\n\n\n\n<p><em>Al\u00e9rgenos: soja, s\u00e9samo<\/em><\/p>","protected":false},"excerpt":{"rendered":"<p>Cerdo tierno, salsa de caramelo... Lo \u00faltimo en comida agridulce.<br \/>\nAl\u00e9rgenos: soja, s\u00e9samo<\/p>","protected":false},"featured_media":1178,"template":"","meta":{"rank_math_title":"Porc cuisson basse temp\u00e9rature au caramel \u00e0 Barcelone | Poc a ...","rank_math_description":"Porc tendre, sauce au caramel\u2026 Sucr\u00e9-sal\u00e9 dans sa version ultime. Livraison offerte \u00e0 Barcelone d\u00e8s 60 \u20ac HT. Commandez en ligne.","rank_math_focus_keyword":"porc cuisson basse temp\u00e9rature au caramel","rank_math_robots":null,"rank_math_canonical_url":"","rank_math_facebook_title":"","rank_math_facebook_description":"","_joinchat":[]},"product_brand":[],"product_cat":[81],"product_tag":[168,165],"class_list":{"0":"post-6586","1":"product","2":"type-product","3":"status-publish","4":"has-post-thumbnail","6":"product_cat-plats","7":"product_tag-asiatique","8":"product_tag-viandes","10":"first","11":"instock","12":"taxable","13":"shipping-taxable","14":"purchasable","15":"product-type-simple"},"_links":{"self":[{"href":"https:\/\/www.pocapots.es\/es\/wp-json\/wp\/v2\/product\/6586","targetHints":{"allow":["GET"]}}],"collection":[{"href":"https:\/\/www.pocapots.es\/es\/wp-json\/wp\/v2\/product"}],"about":[{"href":"https:\/\/www.pocapots.es\/es\/wp-json\/wp\/v2\/types\/product"}],"wp:featuredmedia":[{"embeddable":true,"href":"https:\/\/www.pocapots.es\/es\/wp-json\/wp\/v2\/media\/1178"}],"wp:attachment":[{"href":"https:\/\/www.pocapots.es\/es\/wp-json\/wp\/v2\/media?parent=6586"}],"wp:term":[{"taxonomy":"product_brand","embeddable":true,"href":"https:\/\/www.pocapots.es\/es\/wp-json\/wp\/v2\/product_brand?post=6586"},{"taxonomy":"product_cat","embeddable":true,"href":"https:\/\/www.pocapots.es\/es\/wp-json\/wp\/v2\/product_cat?post=6586"},{"taxonomy":"product_tag","embeddable":true,"href":"https:\/\/www.pocapots.es\/es\/wp-json\/wp\/v2\/product_tag?post=6586"}],"curies":[{"name":"wp","href":"https:\/\/api.w.org\/{rel}","templated":true}]}}