{"id":6583,"date":"2025-04-01T17:03:24","date_gmt":"2025-04-01T15:03:24","guid":{"rendered":"https:\/\/www.pocapots.es\/?post_type=product&#038;p=6583"},"modified":"2026-04-21T01:12:37","modified_gmt":"2026-04-20T23:12:37","slug":"tajine-de-pollo-y-citricos","status":"publish","type":"product","link":"https:\/\/www.pocapots.es\/es\/produit\/tajine-de-poulet-aux-agrumes\/","title":{"rendered":"Tagine de pollo con c\u00edtricos"},"content":{"rendered":"<h2 class=\"wp-block-heading\">Composition<\/h2>\n\n\n\n<ul class=\"wp-block-list\">\n<li>Pollo cocido a fuego lento, verduras en conserva, especias... sol garantizado en su plato.<\/li>\n<\/ul>\n\n\n\n<h2 class=\"wp-block-heading\">Consejo de maridaje<\/h2>\n\n\n\n<p>Plato perfumado con especias del Magreb. Marida con un rosado del Languedoc, un tinto ligero Syrah o un t\u00e9 de menta. Servir con s\u00e9mola fina y harissa aparte.<\/p>\n\n\n\n<h2 class=\"wp-block-heading\">Entrega &#038; elaboraci\u00f3n<\/h2>\n\n\n\n<p>Elaborado el mismo d\u00eda en nuestras cocinas. <strong>Entrega gratuita en Barcelona desde 60 \u20ac IVA excl.<\/strong> Para pedidos &gt; 6 unidades, prever <strong>48 h de antelaci\u00f3n<\/strong>.<\/p>\n\n\n\n<p><em>Al\u00e9rgenos: s\u00e9samo y frutos de c\u00e1scara<\/em><\/p>","protected":false},"excerpt":{"rendered":"<p>Pollo cocido a fuego lento, verduras en conserva, especias... sol garantizado en su plato.<br \/>\nAl\u00e9rgenos: s\u00e9samo y frutos de c\u00e1scara<\/p>","protected":false},"featured_media":1183,"template":"","meta":{"rank_math_title":"Tajine de poulet aux agrumes \u00e0 Barcelone | Poc a Pots","rank_math_description":"Poulet mijot\u00e9, l\u00e9gumes confits, \u00e9pices\u2026 Soleil garanti dans l\u2019assiette. Livraison offerte \u00e0 Barcelone d\u00e8s 60 \u20ac HT. Commandez en ligne.","rank_math_focus_keyword":"tajine de poulet aux agrumes","rank_math_robots":null,"rank_math_canonical_url":"","rank_math_facebook_title":"","rank_math_facebook_description":"","_joinchat":[]},"product_brand":[],"product_cat":[81],"product_tag":[165],"class_list":{"0":"post-6583","1":"product","2":"type-product","3":"status-publish","4":"has-post-thumbnail","6":"product_cat-plats","7":"product_tag-viandes","9":"first","10":"instock","11":"taxable","12":"shipping-taxable","13":"purchasable","14":"product-type-simple"},"_links":{"self":[{"href":"https:\/\/www.pocapots.es\/es\/wp-json\/wp\/v2\/product\/6583","targetHints":{"allow":["GET"]}}],"collection":[{"href":"https:\/\/www.pocapots.es\/es\/wp-json\/wp\/v2\/product"}],"about":[{"href":"https:\/\/www.pocapots.es\/es\/wp-json\/wp\/v2\/types\/product"}],"wp:featuredmedia":[{"embeddable":true,"href":"https:\/\/www.pocapots.es\/es\/wp-json\/wp\/v2\/media\/1183"}],"wp:attachment":[{"href":"https:\/\/www.pocapots.es\/es\/wp-json\/wp\/v2\/media?parent=6583"}],"wp:term":[{"taxonomy":"product_brand","embeddable":true,"href":"https:\/\/www.pocapots.es\/es\/wp-json\/wp\/v2\/product_brand?post=6583"},{"taxonomy":"product_cat","embeddable":true,"href":"https:\/\/www.pocapots.es\/es\/wp-json\/wp\/v2\/product_cat?post=6583"},{"taxonomy":"product_tag","embeddable":true,"href":"https:\/\/www.pocapots.es\/es\/wp-json\/wp\/v2\/product_tag?post=6583"}],"curies":[{"name":"wp","href":"https:\/\/api.w.org\/{rel}","templated":true}]}}