{"id":6581,"date":"2025-04-01T17:03:24","date_gmt":"2025-04-01T15:03:24","guid":{"rendered":"https:\/\/www.pocapots.es\/?post_type=product&#038;p=6581"},"modified":"2026-04-21T01:12:43","modified_gmt":"2026-04-20T23:12:43","slug":"lasana-espinacas-tomate-ricotta","status":"publish","type":"product","link":"https:\/\/www.pocapots.es\/es\/produit\/lasagne-epinard-tomate-ricotta\/","title":{"rendered":"Lasa\u00f1a de espinacas, tomate y ricotta"},"content":{"rendered":"<h2 class=\"wp-block-heading\">Composition<\/h2>\n\n\n\n<ul class=\"wp-block-list\">\n<li>Pasta que se deshace en la boca, ricotta cremosa, espinacas... La Italia vegetariana en tu plato.<\/li>\n<\/ul>\n\n\n\n<h2 class=\"wp-block-heading\">Consejo de maridaje<\/h2>\n\n\n\n<p>Servir caliente o templado para compartir. Marida con un vino tinto redondo de Catalu\u00f1a (Garnacha, Tempranillo) o un blanco gastron\u00f3mico seg\u00fan el plato.<\/p>\n\n\n\n<h2 class=\"wp-block-heading\">Entrega &#038; elaboraci\u00f3n<\/h2>\n\n\n\n<p>Elaborado el mismo d\u00eda en nuestras cocinas. <strong>Entrega gratuita en Barcelona desde 60 \u20ac IVA excl.<\/strong> Para pedidos &gt; 6 unidades, prever <strong>48 h de antelaci\u00f3n<\/strong>.<\/p>\n\n\n\n<p><em>Al\u00e9rgenos: gluten, huevo, lactosa<\/em><\/p>","protected":false},"excerpt":{"rendered":"<p>Pasta que se deshace en la boca, ricotta cremosa, espinacas... La Italia vegetariana en tu plato.<br \/>\nAl\u00e9rgenos: gluten, huevo, lactosa<\/p>","protected":false},"featured_media":1191,"template":"","meta":{"rank_math_title":"Lasagnes Epinard, Tomate, Ricotta \u00e0 Barcelone | Poc a Pots","rank_math_description":"P\u00e2tes fondantes, ricotta cr\u00e9meuse, \u00e9pinards\u2026 L\u2019Italie v\u00e9g\u00e9tarienne dans l\u2019assiette. Livraison offerte \u00e0 Barcelone d\u00e8s 60 \u20ac HT. Commandez en ligne.","rank_math_focus_keyword":"lasagnes epinard, tomate, ricotta","rank_math_robots":null,"rank_math_canonical_url":"","rank_math_facebook_title":"","rank_math_facebook_description":"","_joinchat":[]},"product_brand":[],"product_cat":[81],"product_tag":[208,114],"class_list":{"0":"post-6581","1":"product","2":"type-product","3":"status-publish","4":"has-post-thumbnail","6":"product_cat-plats","7":"product_tag-lasagnes","8":"product_tag-vegetarien-2","10":"first","11":"instock","12":"featured","13":"taxable","14":"shipping-taxable","15":"purchasable","16":"product-type-simple"},"_links":{"self":[{"href":"https:\/\/www.pocapots.es\/es\/wp-json\/wp\/v2\/product\/6581","targetHints":{"allow":["GET"]}}],"collection":[{"href":"https:\/\/www.pocapots.es\/es\/wp-json\/wp\/v2\/product"}],"about":[{"href":"https:\/\/www.pocapots.es\/es\/wp-json\/wp\/v2\/types\/product"}],"wp:featuredmedia":[{"embeddable":true,"href":"https:\/\/www.pocapots.es\/es\/wp-json\/wp\/v2\/media\/1191"}],"wp:attachment":[{"href":"https:\/\/www.pocapots.es\/es\/wp-json\/wp\/v2\/media?parent=6581"}],"wp:term":[{"taxonomy":"product_brand","embeddable":true,"href":"https:\/\/www.pocapots.es\/es\/wp-json\/wp\/v2\/product_brand?post=6581"},{"taxonomy":"product_cat","embeddable":true,"href":"https:\/\/www.pocapots.es\/es\/wp-json\/wp\/v2\/product_cat?post=6581"},{"taxonomy":"product_tag","embeddable":true,"href":"https:\/\/www.pocapots.es\/es\/wp-json\/wp\/v2\/product_tag?post=6581"}],"curies":[{"name":"wp","href":"https:\/\/api.w.org\/{rel}","templated":true}]}}