{"id":6576,"date":"2025-04-01T17:03:19","date_gmt":"2025-04-01T15:03:19","guid":{"rendered":"https:\/\/www.pocapots.es\/?post_type=product&#038;p=6576"},"modified":"2026-04-21T01:12:59","modified_gmt":"2026-04-20T23:12:59","slug":"guiso-de-pavo-blanco","status":"publish","type":"product","link":"https:\/\/www.pocapots.es\/es\/produit\/blanquette-de-dinde\/","title":{"rendered":"Guiso de pavo blanco"},"content":{"rendered":"<h2 class=\"wp-block-heading\">Composition<\/h2>\n\n\n\n<ul class=\"wp-block-list\">\n<li>Pavo tierno, salsa blanca cremosa, verduritas\u2026 Es comfort food a la francesa.<\/li>\n<\/ul>\n\n\n\n<h2 class=\"wp-block-heading\">Consejo de maridaje<\/h2>\n\n\n\n<p>Un plato tierno y reconfortante. Marida bien con un blanco redondo (Chardonnay, Viognier) o un tinto ligero tipo Pinot Noir. Servir caliente, con arroz o quinoa.<\/p>\n\n\n\n<h2 class=\"wp-block-heading\">Entrega &#038; elaboraci\u00f3n<\/h2>\n\n\n\n<p>Elaborado el mismo d\u00eda en nuestras cocinas. <strong>Entrega gratuita en Barcelona desde 60 \u20ac IVA excl.<\/strong> Para pedidos &gt; 6 unidades, prever <strong>48 h de antelaci\u00f3n<\/strong>.<\/p>\n\n\n\n<p><em>Al\u00e9rgenos: gluten, lactosa<\/em><\/p>","protected":false},"excerpt":{"rendered":"<p>Pavo tierno, salsa blanca cremosa, verduritas... Es comida reconfortante al estilo franc\u00e9s.<br \/>\nAl\u00e9rgenos: gluten, lactosa<\/p>","protected":false},"featured_media":1956,"template":"","meta":{"rank_math_title":"Blanquette de Dinde \u2014 Plats \u00e0 partager \u00e0 Barcelone | Poc a Pots","rank_math_description":"Dinde tendre, sauce blanche cr\u00e9meuse, petits l\u00e9gumes\u2026 C\u2019est du confort food \u00e0 la fran\u00e7aise. Livraison offerte \u00e0 Barcelone d\u00e8s 60 \u20ac HT. Commandez en ligne.","rank_math_focus_keyword":"blanquette de dinde","rank_math_robots":null,"rank_math_canonical_url":"","rank_math_facebook_title":"","rank_math_facebook_description":"","_joinchat":[]},"product_brand":[],"product_cat":[81],"product_tag":[165],"class_list":{"0":"post-6576","1":"product","2":"type-product","3":"status-publish","4":"has-post-thumbnail","6":"product_cat-plats","7":"product_tag-viandes","9":"first","10":"instock","11":"taxable","12":"shipping-taxable","13":"purchasable","14":"product-type-simple"},"_links":{"self":[{"href":"https:\/\/www.pocapots.es\/es\/wp-json\/wp\/v2\/product\/6576","targetHints":{"allow":["GET"]}}],"collection":[{"href":"https:\/\/www.pocapots.es\/es\/wp-json\/wp\/v2\/product"}],"about":[{"href":"https:\/\/www.pocapots.es\/es\/wp-json\/wp\/v2\/types\/product"}],"wp:featuredmedia":[{"embeddable":true,"href":"https:\/\/www.pocapots.es\/es\/wp-json\/wp\/v2\/media\/1956"}],"wp:attachment":[{"href":"https:\/\/www.pocapots.es\/es\/wp-json\/wp\/v2\/media?parent=6576"}],"wp:term":[{"taxonomy":"product_brand","embeddable":true,"href":"https:\/\/www.pocapots.es\/es\/wp-json\/wp\/v2\/product_brand?post=6576"},{"taxonomy":"product_cat","embeddable":true,"href":"https:\/\/www.pocapots.es\/es\/wp-json\/wp\/v2\/product_cat?post=6576"},{"taxonomy":"product_tag","embeddable":true,"href":"https:\/\/www.pocapots.es\/es\/wp-json\/wp\/v2\/product_tag?post=6576"}],"curies":[{"name":"wp","href":"https:\/\/api.w.org\/{rel}","templated":true}]}}