{"id":6564,"date":"2025-04-01T17:03:18","date_gmt":"2025-04-01T15:03:18","guid":{"rendered":"https:\/\/www.pocapots.es\/?post_type=product&#038;p=6564"},"modified":"2026-04-21T01:13:36","modified_gmt":"2026-04-20T23:13:36","slug":"mini-tarta-de-queso-con-frutos-rojos","status":"publish","type":"product","link":"https:\/\/www.pocapots.es\/es\/produit\/mini-cheese-cake-aux-fruits-rouges\/","title":{"rendered":"Mini tarta de queso con frutos rojos"},"content":{"rendered":"<h2 class=\"wp-block-heading\">Composition<\/h2>\n\n\n\n<ul class=\"wp-block-list\">\n<li>Base biscuit\u00e9e, cr\u00e8me l\u00e9g\u00e8re, Fruits rouges\u2026 La petite douceur qui a tout d\u2019une grande.<\/li>\n<\/ul>\n\n\n\n<h2 class=\"wp-block-heading\">Consejo de maridaje<\/h2>\n\n\n\n<p>Perfecto para cerrar una comida. Marida con un vino dulce (Sauternes, Banyuls) o un cava semi-seco bien fr\u00edo. Opcionalmente, caf\u00e9 o t\u00e9 negro para un maridaje cl\u00e1sico y limpio.<\/p>\n\n\n\n<h2 class=\"wp-block-heading\">Entrega &#038; elaboraci\u00f3n<\/h2>\n\n\n\n<p>Elaborado el mismo d\u00eda en nuestras cocinas. <strong>Entrega gratuita en Barcelona desde 60 \u20ac IVA excl.<\/strong> Para pedidos &gt; 6 unidades, prever <strong>48 h de antelaci\u00f3n<\/strong>.<\/p>\n\n\n\n<p><em>Al\u00e9rgenos: gluten, huevo, lactosa<\/em><\/p>","protected":false},"excerpt":{"rendered":"<p>Base de galleta, crema ligera, frutos rojos... El peque\u00f1o dulce que tiene todas las papeletas para ser uno de los grandes.<br \/>\nAl\u00e9rgenos: gluten, huevo, lactosa<\/p>","protected":false},"featured_media":6678,"template":"","meta":{"rank_math_title":"Mini Cheese cake aux fruits rouges \u00e0 Barcelone | Poc a Pots","rank_math_description":"Base biscuit\u00e9e, cr\u00e8me l\u00e9g\u00e8re, Fruits rouges\u2026 La petite douceur qui a tout d\u2019une grande. Livraison offerte \u00e0 Barcelone d\u00e8s 60 \u20ac HT. Commandez en ligne.","rank_math_focus_keyword":"mini cheese cake aux fruits rouges","rank_math_robots":null,"rank_math_canonical_url":"","rank_math_facebook_title":"","rank_math_facebook_description":"","_joinchat":[]},"product_brand":[],"product_cat":[69],"product_tag":[254,159],"class_list":{"0":"post-6564","1":"product","2":"type-product","3":"status-publish","4":"has-post-thumbnail","6":"product_cat-plateaux-pour-buffet-sucres","7":"product_tag-farine-bio","8":"product_tag-fruits","10":"first","11":"instock","12":"taxable","13":"shipping-taxable","14":"purchasable","15":"product-type-simple"},"_links":{"self":[{"href":"https:\/\/www.pocapots.es\/es\/wp-json\/wp\/v2\/product\/6564","targetHints":{"allow":["GET"]}}],"collection":[{"href":"https:\/\/www.pocapots.es\/es\/wp-json\/wp\/v2\/product"}],"about":[{"href":"https:\/\/www.pocapots.es\/es\/wp-json\/wp\/v2\/types\/product"}],"wp:featuredmedia":[{"embeddable":true,"href":"https:\/\/www.pocapots.es\/es\/wp-json\/wp\/v2\/media\/6678"}],"wp:attachment":[{"href":"https:\/\/www.pocapots.es\/es\/wp-json\/wp\/v2\/media?parent=6564"}],"wp:term":[{"taxonomy":"product_brand","embeddable":true,"href":"https:\/\/www.pocapots.es\/es\/wp-json\/wp\/v2\/product_brand?post=6564"},{"taxonomy":"product_cat","embeddable":true,"href":"https:\/\/www.pocapots.es\/es\/wp-json\/wp\/v2\/product_cat?post=6564"},{"taxonomy":"product_tag","embeddable":true,"href":"https:\/\/www.pocapots.es\/es\/wp-json\/wp\/v2\/product_tag?post=6564"}],"curies":[{"name":"wp","href":"https:\/\/api.w.org\/{rel}","templated":true}]}}