{"id":6558,"date":"2025-04-01T17:03:18","date_gmt":"2025-04-01T15:03:18","guid":{"rendered":"https:\/\/www.pocapots.es\/?post_type=product&#038;p=6558"},"modified":"2025-04-01T17:03:21","modified_gmt":"2025-04-01T15:03:21","slug":"cafe-tiramisu-2","status":"publish","type":"product","link":"https:\/\/www.pocapots.es\/es\/produit\/tiramisu-cafe-2\/","title":{"rendered":"Caf\u00e9 tiramis\u00fa"},"content":{"rendered":"","protected":false},"excerpt":{"rendered":"<p>Bizcocho empapado en caf\u00e9, mascarpone cremoso... La dolce vita en un vaso.<br \/>\nAl\u00e9rgenos: gluten, huevo, lactosa<\/p>","protected":false},"featured_media":841,"template":"","meta":{"_joinchat":[]},"product_brand":[],"product_cat":[69],"product_tag":[],"class_list":{"0":"post-6558","1":"product","2":"type-product","3":"status-publish","4":"has-post-thumbnail","6":"product_cat-plateaux-pour-buffet-sucres","8":"first","9":"instock","10":"taxable","11":"shipping-taxable","12":"purchasable","13":"product-type-simple"},"_links":{"self":[{"href":"https:\/\/www.pocapots.es\/es\/wp-json\/wp\/v2\/product\/6558","targetHints":{"allow":["GET"]}}],"collection":[{"href":"https:\/\/www.pocapots.es\/es\/wp-json\/wp\/v2\/product"}],"about":[{"href":"https:\/\/www.pocapots.es\/es\/wp-json\/wp\/v2\/types\/product"}],"wp:featuredmedia":[{"embeddable":true,"href":"https:\/\/www.pocapots.es\/es\/wp-json\/wp\/v2\/media\/841"}],"wp:attachment":[{"href":"https:\/\/www.pocapots.es\/es\/wp-json\/wp\/v2\/media?parent=6558"}],"wp:term":[{"taxonomy":"product_brand","embeddable":true,"href":"https:\/\/www.pocapots.es\/es\/wp-json\/wp\/v2\/product_brand?post=6558"},{"taxonomy":"product_cat","embeddable":true,"href":"https:\/\/www.pocapots.es\/es\/wp-json\/wp\/v2\/product_cat?post=6558"},{"taxonomy":"product_tag","embeddable":true,"href":"https:\/\/www.pocapots.es\/es\/wp-json\/wp\/v2\/product_tag?post=6558"}],"curies":[{"name":"wp","href":"https:\/\/api.w.org\/{rel}","templated":true}]}}