{"id":6548,"date":"2025-04-01T17:03:13","date_gmt":"2025-04-01T15:03:13","guid":{"rendered":"https:\/\/www.pocapots.es\/?post_type=product&#038;p=6548"},"modified":"2025-04-02T21:15:00","modified_gmt":"2025-04-02T19:15:00","slug":"pan-con-tomate","status":"publish","type":"product","link":"https:\/\/www.pocapots.es\/es\/produit\/pan-con-tomate\/","title":{"rendered":"Pan con tomate y jam\u00f3n ib\u00e9rico"},"content":{"rendered":"","protected":false},"excerpt":{"rendered":"<p>Pan tostado, tomate reci\u00e9n rallado, aceite de oliva... La sencillez catalana en su m\u00e1xima expresi\u00f3n.<br \/>\nAl\u00e9rgenos : gluten<\/p>","protected":false},"featured_media":6683,"template":"","meta":{"_joinchat":[]},"product_brand":[],"product_cat":[68],"product_tag":[115,114],"class_list":{"0":"post-6548","1":"product","2":"type-product","3":"status-publish","4":"has-post-thumbnail","6":"product_cat-plateaux-pour-buffet","7":"product_tag-vegan","8":"product_tag-vegetarien-2","10":"first","11":"instock","12":"taxable","13":"shipping-taxable","14":"purchasable","15":"product-type-simple"},"_links":{"self":[{"href":"https:\/\/www.pocapots.es\/es\/wp-json\/wp\/v2\/product\/6548","targetHints":{"allow":["GET"]}}],"collection":[{"href":"https:\/\/www.pocapots.es\/es\/wp-json\/wp\/v2\/product"}],"about":[{"href":"https:\/\/www.pocapots.es\/es\/wp-json\/wp\/v2\/types\/product"}],"wp:featuredmedia":[{"embeddable":true,"href":"https:\/\/www.pocapots.es\/es\/wp-json\/wp\/v2\/media\/6683"}],"wp:attachment":[{"href":"https:\/\/www.pocapots.es\/es\/wp-json\/wp\/v2\/media?parent=6548"}],"wp:term":[{"taxonomy":"product_brand","embeddable":true,"href":"https:\/\/www.pocapots.es\/es\/wp-json\/wp\/v2\/product_brand?post=6548"},{"taxonomy":"product_cat","embeddable":true,"href":"https:\/\/www.pocapots.es\/es\/wp-json\/wp\/v2\/product_cat?post=6548"},{"taxonomy":"product_tag","embeddable":true,"href":"https:\/\/www.pocapots.es\/es\/wp-json\/wp\/v2\/product_tag?post=6548"}],"curies":[{"name":"wp","href":"https:\/\/api.w.org\/{rel}","templated":true}]}}