{"id":6535,"date":"2025-04-01T17:03:12","date_gmt":"2025-04-01T15:03:12","guid":{"rendered":"https:\/\/www.pocapots.es\/?post_type=product&#038;p=6535"},"modified":"2025-04-01T17:03:15","modified_gmt":"2025-04-01T15:03:15","slug":"mini-hamburguesa-de-pollo-al-estragon-con-mayonesa","status":"publish","type":"product","link":"https:\/\/www.pocapots.es\/es\/produit\/mini-burger-poulet-estragon-mayonnaise\/","title":{"rendered":"Mini hamburguesa de pollo al estrag\u00f3n y mayonesa"},"content":{"rendered":"","protected":false},"excerpt":{"rendered":"<p>Pollo tierno, estrag\u00f3n arom\u00e1tico, mayonesa casera... Que sea mini no significa que escatimemos en sabor.<br \/>\nAl\u00e9rgenos: gluten, huevos, mostaza<\/p>","protected":false},"featured_media":4254,"template":"","meta":{"_joinchat":[]},"product_brand":[],"product_cat":[68],"product_tag":[186,129,175],"class_list":{"0":"post-6535","1":"product","2":"type-product","3":"status-publish","4":"has-post-thumbnail","6":"product_cat-plateaux-pour-buffet","7":"product_tag-burgers","8":"product_tag-cocktail","9":"product_tag-pica-pica","11":"first","12":"instock","13":"taxable","14":"shipping-taxable","15":"purchasable","16":"product-type-simple"},"_links":{"self":[{"href":"https:\/\/www.pocapots.es\/es\/wp-json\/wp\/v2\/product\/6535","targetHints":{"allow":["GET"]}}],"collection":[{"href":"https:\/\/www.pocapots.es\/es\/wp-json\/wp\/v2\/product"}],"about":[{"href":"https:\/\/www.pocapots.es\/es\/wp-json\/wp\/v2\/types\/product"}],"wp:featuredmedia":[{"embeddable":true,"href":"https:\/\/www.pocapots.es\/es\/wp-json\/wp\/v2\/media\/4254"}],"wp:attachment":[{"href":"https:\/\/www.pocapots.es\/es\/wp-json\/wp\/v2\/media?parent=6535"}],"wp:term":[{"taxonomy":"product_brand","embeddable":true,"href":"https:\/\/www.pocapots.es\/es\/wp-json\/wp\/v2\/product_brand?post=6535"},{"taxonomy":"product_cat","embeddable":true,"href":"https:\/\/www.pocapots.es\/es\/wp-json\/wp\/v2\/product_cat?post=6535"},{"taxonomy":"product_tag","embeddable":true,"href":"https:\/\/www.pocapots.es\/es\/wp-json\/wp\/v2\/product_tag?post=6535"}],"curies":[{"name":"wp","href":"https:\/\/api.w.org\/{rel}","templated":true}]}}