{"id":6522,"date":"2025-04-01T17:03:10","date_gmt":"2025-04-01T15:03:10","guid":{"rendered":"https:\/\/www.pocapots.es\/?post_type=product&#038;p=6522"},"modified":"2026-04-21T01:15:42","modified_gmt":"2026-04-20T23:15:42","slug":"california-rolls-makis","status":"publish","type":"product","link":"https:\/\/www.pocapots.es\/es\/produit\/makis-california-rolls\/","title":{"rendered":"Rollitos de makis california"},"content":{"rendered":"<h2 class=\"wp-block-heading\">Composition<\/h2>\n\n\n\n<ul class=\"wp-block-list\">\n<li>Arroz, aguacate, surimi, pepino... Es como Tokio, pero sin jet lag.<\/li>\n<\/ul>\n\n\n\n<h2 class=\"wp-block-heading\">Consejo de maridaje<\/h2>\n\n\n\n<p>Pieza de c\u00f3ctel ideal para aperitivo o buffet cena. Marida con un cava brut, un vino blanco seco (Xarel\u00b7lo, Macabeu) o un tinto ligero bien fresco. Servir fr\u00edo, reci\u00e9n sacado de la nevera.<\/p>\n\n\n\n<h2 class=\"wp-block-heading\">Entrega &#038; elaboraci\u00f3n<\/h2>\n\n\n\n<p>Elaborado el mismo d\u00eda en nuestras cocinas. <strong>Entrega gratuita en Barcelona desde 60 \u20ac IVA excl.<\/strong> Para pedidos &gt; 6 unidades, prever <strong>48 h de antelaci\u00f3n<\/strong>.<\/p>\n\n\n\n<p><em>Al\u00e9rgenos: pescado, soja, marisco<\/em><\/p>","protected":false},"excerpt":{"rendered":"<p>Arroz, aguacate, surimi, pepino... Es como Tokio, pero sin jet lag.<br \/>\nAl\u00e9rgenos: pescado, soja, marisco<\/p>","protected":false},"featured_media":4290,"template":"","meta":{"rank_math_title":"Makis California rolls \u00e0 Barcelone | Poc a Pots","rank_math_description":"Riz, avocat, surimi, concombre\u2026 C\u2019est comme \u00e0 Tokyo, mais sans le d\u00e9calage horaire. Livraison offerte \u00e0 Barcelone d\u00e8s 60 \u20ac HT. Commandez en ligne.","rank_math_focus_keyword":"makis california rolls","rank_math_robots":null,"rank_math_canonical_url":"","rank_math_facebook_title":"","rank_math_facebook_description":"","_joinchat":[]},"product_brand":[],"product_cat":[68],"product_tag":[168,115,114],"class_list":{"0":"post-6522","1":"product","2":"type-product","3":"status-publish","4":"has-post-thumbnail","6":"product_cat-plateaux-pour-buffet","7":"product_tag-asiatique","8":"product_tag-vegan","9":"product_tag-vegetarien-2","11":"first","12":"instock","13":"taxable","14":"shipping-taxable","15":"purchasable","16":"product-type-simple"},"_links":{"self":[{"href":"https:\/\/www.pocapots.es\/es\/wp-json\/wp\/v2\/product\/6522","targetHints":{"allow":["GET"]}}],"collection":[{"href":"https:\/\/www.pocapots.es\/es\/wp-json\/wp\/v2\/product"}],"about":[{"href":"https:\/\/www.pocapots.es\/es\/wp-json\/wp\/v2\/types\/product"}],"wp:featuredmedia":[{"embeddable":true,"href":"https:\/\/www.pocapots.es\/es\/wp-json\/wp\/v2\/media\/4290"}],"wp:attachment":[{"href":"https:\/\/www.pocapots.es\/es\/wp-json\/wp\/v2\/media?parent=6522"}],"wp:term":[{"taxonomy":"product_brand","embeddable":true,"href":"https:\/\/www.pocapots.es\/es\/wp-json\/wp\/v2\/product_brand?post=6522"},{"taxonomy":"product_cat","embeddable":true,"href":"https:\/\/www.pocapots.es\/es\/wp-json\/wp\/v2\/product_cat?post=6522"},{"taxonomy":"product_tag","embeddable":true,"href":"https:\/\/www.pocapots.es\/es\/wp-json\/wp\/v2\/product_tag?post=6522"}],"curies":[{"name":"wp","href":"https:\/\/api.w.org\/{rel}","templated":true}]}}