{"id":6515,"date":"2025-04-01T17:03:06","date_gmt":"2025-04-01T15:03:06","guid":{"rendered":"https:\/\/www.pocapots.es\/?post_type=product&#038;p=6515"},"modified":"2025-04-02T18:47:55","modified_gmt":"2025-04-02T16:47:55","slug":"mini-verrine-de-ensalada-de-quinoa","status":"publish","type":"product","link":"https:\/\/www.pocapots.es\/es\/produit\/mini-verrine-de-salade-de-quinoa\/","title":{"rendered":"Mini verrine de ensalada de quinoa"},"content":{"rendered":"","protected":false},"excerpt":{"rendered":"<p>\u00a1Tama\u00f1o peque\u00f1o, frescura grande! Quinoa, verduras crujientes y una vinagreta ligera. Es sano, as\u00ed que compensa el postre.<br \/>\nAl\u00e9rgenos: ninguno<\/p>","protected":false},"featured_media":4743,"template":"","meta":{"_joinchat":[]},"product_brand":[],"product_cat":[68],"product_tag":[225,115],"class_list":{"0":"post-6515","1":"product","2":"type-product","3":"status-publish","4":"has-post-thumbnail","6":"product_cat-plateaux-pour-buffet","7":"product_tag-salades","8":"product_tag-vegan","10":"first","11":"instock","12":"taxable","13":"shipping-taxable","14":"purchasable","15":"product-type-simple"},"_links":{"self":[{"href":"https:\/\/www.pocapots.es\/es\/wp-json\/wp\/v2\/product\/6515","targetHints":{"allow":["GET"]}}],"collection":[{"href":"https:\/\/www.pocapots.es\/es\/wp-json\/wp\/v2\/product"}],"about":[{"href":"https:\/\/www.pocapots.es\/es\/wp-json\/wp\/v2\/types\/product"}],"wp:featuredmedia":[{"embeddable":true,"href":"https:\/\/www.pocapots.es\/es\/wp-json\/wp\/v2\/media\/4743"}],"wp:attachment":[{"href":"https:\/\/www.pocapots.es\/es\/wp-json\/wp\/v2\/media?parent=6515"}],"wp:term":[{"taxonomy":"product_brand","embeddable":true,"href":"https:\/\/www.pocapots.es\/es\/wp-json\/wp\/v2\/product_brand?post=6515"},{"taxonomy":"product_cat","embeddable":true,"href":"https:\/\/www.pocapots.es\/es\/wp-json\/wp\/v2\/product_cat?post=6515"},{"taxonomy":"product_tag","embeddable":true,"href":"https:\/\/www.pocapots.es\/es\/wp-json\/wp\/v2\/product_tag?post=6515"}],"curies":[{"name":"wp","href":"https:\/\/api.w.org\/{rel}","templated":true}]}}