{"id":6514,"date":"2025-04-01T17:03:06","date_gmt":"2025-04-01T15:03:06","guid":{"rendered":"https:\/\/www.pocapots.es\/?post_type=product&#038;p=6514"},"modified":"2026-04-21T01:16:08","modified_gmt":"2026-04-20T23:16:08","slug":"mini-ensalada-de-patata","status":"publish","type":"product","link":"https:\/\/www.pocapots.es\/es\/produit\/mini-salade-de-pomme-de-terre\/","title":{"rendered":"Mini ensalada de patata"},"content":{"rendered":"<h2 class=\"wp-block-heading\">Composition<\/h2>\n\n\n\n<ul class=\"wp-block-list\">\n<li>Des pommes de terre fondantes, une vinaigrette bien relev\u00e9e et quelques herbes fra\u00eeches<\/li>\n<li>Une petite bombe de saveur.<\/li>\n<\/ul>\n\n\n\n<h2 class=\"wp-block-heading\">Consejo de maridaje<\/h2>\n\n\n\n<p>Pieza de c\u00f3ctel ideal para aperitivo o buffet cena. Marida con un cava brut, un vino blanco seco (Xarel\u00b7lo, Macabeu) o un tinto ligero bien fresco. Servir fr\u00edo, reci\u00e9n sacado de la nevera.<\/p>\n\n\n\n<h2 class=\"wp-block-heading\">Entrega &#038; elaboraci\u00f3n<\/h2>\n\n\n\n<p>Elaborado el mismo d\u00eda en nuestras cocinas. <strong>Entrega gratuita en Barcelona desde 60 \u20ac IVA excl.<\/strong> Para pedidos &gt; 6 unidades, prever <strong>48 h de antelaci\u00f3n<\/strong>.<\/p>\n\n\n\n<p><em>Al\u00e9rgenos : mostaza<\/em><\/p>","protected":false},"excerpt":{"rendered":"<p>Patatas que se deshacen en la boca, una vinagreta \u00e1cida y algunas hierbas frescas. Una peque\u00f1a bomba de sabor.<br \/>\nAl\u00e9rgenos : mostaza<\/p>","protected":false},"featured_media":1188,"template":"","meta":{"rank_math_title":"Mini Salade de Pomme de Terre \u00e0 Barcelone | Poc a Pots","rank_math_description":"Des pommes de terre fondantes, une vinaigrette bien relev\u00e9e et quelques herbes fra\u00eeches. Une peti\u2026 Livraison Barcelone d\u00e8s 60\u20ac.","rank_math_focus_keyword":"mini salade de pomme de terre","rank_math_robots":null,"rank_math_canonical_url":"","rank_math_facebook_title":"","rank_math_facebook_description":"","_joinchat":[]},"product_brand":[],"product_cat":[68],"product_tag":[225,115],"class_list":{"0":"post-6514","1":"product","2":"type-product","3":"status-publish","4":"has-post-thumbnail","6":"product_cat-plateaux-pour-buffet","7":"product_tag-salades","8":"product_tag-vegan","10":"first","11":"instock","12":"taxable","13":"shipping-taxable","14":"purchasable","15":"product-type-simple"},"_links":{"self":[{"href":"https:\/\/www.pocapots.es\/es\/wp-json\/wp\/v2\/product\/6514","targetHints":{"allow":["GET"]}}],"collection":[{"href":"https:\/\/www.pocapots.es\/es\/wp-json\/wp\/v2\/product"}],"about":[{"href":"https:\/\/www.pocapots.es\/es\/wp-json\/wp\/v2\/types\/product"}],"wp:featuredmedia":[{"embeddable":true,"href":"https:\/\/www.pocapots.es\/es\/wp-json\/wp\/v2\/media\/1188"}],"wp:attachment":[{"href":"https:\/\/www.pocapots.es\/es\/wp-json\/wp\/v2\/media?parent=6514"}],"wp:term":[{"taxonomy":"product_brand","embeddable":true,"href":"https:\/\/www.pocapots.es\/es\/wp-json\/wp\/v2\/product_brand?post=6514"},{"taxonomy":"product_cat","embeddable":true,"href":"https:\/\/www.pocapots.es\/es\/wp-json\/wp\/v2\/product_cat?post=6514"},{"taxonomy":"product_tag","embeddable":true,"href":"https:\/\/www.pocapots.es\/es\/wp-json\/wp\/v2\/product_tag?post=6514"}],"curies":[{"name":"wp","href":"https:\/\/api.w.org\/{rel}","templated":true}]}}