{"id":6511,"date":"2025-04-01T17:03:05","date_gmt":"2025-04-01T15:03:05","guid":{"rendered":"https:\/\/www.pocapots.es\/?post_type=product&#038;p=6511"},"modified":"2026-04-21T01:16:18","modified_gmt":"2026-04-20T23:16:18","slug":"tabla-de-quesos-franceses","status":"publish","type":"product","link":"https:\/\/www.pocapots.es\/es\/produit\/plateau-de-fromages-francais\/","title":{"rendered":"tabla de quesos franceses"},"content":{"rendered":"<h2 class=\"wp-block-heading\">Composition<\/h2>\n\n\n\n<ul class=\"wp-block-list\">\n<li>Un viaje gustativo por Francia: cremoso, con cuerpo, dulce... Y un olor que impone respeto.<\/li>\n<\/ul>\n\n\n\n<h2 class=\"wp-block-heading\">Consejo de maridaje<\/h2>\n\n\n\n<p>Servir caliente o templado para compartir. Marida con un vino tinto redondo de Catalu\u00f1a (Garnacha, Tempranillo) o un blanco gastron\u00f3mico seg\u00fan el plato.<\/p>\n\n\n\n<h2 class=\"wp-block-heading\">Entrega &#038; elaboraci\u00f3n<\/h2>\n\n\n\n<p>Elaborado el mismo d\u00eda en nuestras cocinas. <strong>Entrega gratuita en Barcelona desde 60 \u20ac IVA excl.<\/strong> Para pedidos &gt; 6 unidades, prever <strong>48 h de antelaci\u00f3n<\/strong>.<\/p>\n\n\n\n<p><em>Al\u00e9rgenos: lactosa<\/em><\/p>","protected":false},"excerpt":{"rendered":"<p>Un viaje gustativo por Francia: cremoso, con cuerpo, dulce... Y un olor que impone respeto.<br \/>\nAl\u00e9rgenos: lactosa<\/p>","protected":false},"featured_media":2113,"template":"","meta":{"rank_math_title":"Plateau de fromages fran\u00e7ais \u00e0 Barcelone | Poc a Pots","rank_math_description":"Un voyage gustatif \u00e0 travers la France : du cr\u00e9meux, du cors\u00e9, du doux\u2026 Et une odeur qui impose l\u2026 Livraison Barcelone d\u00e8s 60\u20ac.","rank_math_focus_keyword":"plateau de fromages fran\u00e7ais","rank_math_robots":null,"rank_math_canonical_url":"","rank_math_facebook_title":"","rank_math_facebook_description":"","_joinchat":[]},"product_brand":[],"product_cat":[81],"product_tag":[174],"class_list":{"0":"post-6511","1":"product","2":"type-product","3":"status-publish","4":"has-post-thumbnail","6":"product_cat-plats","7":"product_tag-fromages","9":"first","10":"instock","11":"taxable","12":"shipping-taxable","13":"purchasable","14":"product-type-simple"},"_links":{"self":[{"href":"https:\/\/www.pocapots.es\/es\/wp-json\/wp\/v2\/product\/6511","targetHints":{"allow":["GET"]}}],"collection":[{"href":"https:\/\/www.pocapots.es\/es\/wp-json\/wp\/v2\/product"}],"about":[{"href":"https:\/\/www.pocapots.es\/es\/wp-json\/wp\/v2\/types\/product"}],"wp:featuredmedia":[{"embeddable":true,"href":"https:\/\/www.pocapots.es\/es\/wp-json\/wp\/v2\/media\/2113"}],"wp:attachment":[{"href":"https:\/\/www.pocapots.es\/es\/wp-json\/wp\/v2\/media?parent=6511"}],"wp:term":[{"taxonomy":"product_brand","embeddable":true,"href":"https:\/\/www.pocapots.es\/es\/wp-json\/wp\/v2\/product_brand?post=6511"},{"taxonomy":"product_cat","embeddable":true,"href":"https:\/\/www.pocapots.es\/es\/wp-json\/wp\/v2\/product_cat?post=6511"},{"taxonomy":"product_tag","embeddable":true,"href":"https:\/\/www.pocapots.es\/es\/wp-json\/wp\/v2\/product_tag?post=6511"}],"curies":[{"name":"wp","href":"https:\/\/api.w.org\/{rel}","templated":true}]}}