{"id":6507,"date":"2025-04-01T17:03:05","date_gmt":"2025-04-01T15:03:05","guid":{"rendered":"https:\/\/www.pocapots.es\/?post_type=product&#038;p=6507"},"modified":"2026-04-21T01:16:27","modified_gmt":"2026-04-20T23:16:27","slug":"quiche-de-espinacas-y-cabra","status":"publish","type":"product","link":"https:\/\/www.pocapots.es\/es\/produit\/quiche-epinard-chevre\/","title":{"rendered":"Quiche De Espinacas Y Queso De Cabra"},"content":{"rendered":"<h2 class=\"wp-block-heading\">Composition<\/h2>\n\n\n\n<ul class=\"wp-block-list\">\n<li>Las espinacas pretenden ser sanas, pero el queso de cabra se lleva la palma con su irresistible cremosidad.<\/li>\n<\/ul>\n\n\n\n<h2 class=\"wp-block-heading\">Consejo de maridaje<\/h2>\n\n\n\n<p>Ideal como entrante o como acompa\u00f1amiento de buffet. Marida con un vino blanco seco catal\u00e1n (Xarel\u00b7lo, Macabeu) o un rosado de la Provenza bien fresco.<\/p>\n\n\n\n<h2 class=\"wp-block-heading\">Entrega &#038; elaboraci\u00f3n<\/h2>\n\n\n\n<p>Elaborado el mismo d\u00eda en nuestras cocinas. <strong>Entrega gratuita en Barcelona desde 60 \u20ac IVA excl.<\/strong> Para pedidos &gt; 6 unidades, prever <strong>48 h de antelaci\u00f3n<\/strong>.<\/p>\n\n\n\n<p><em>Al\u00e9rgenos: gluten, huevo, lactosa<\/em><\/p>","protected":false},"excerpt":{"rendered":"<p>Las espinacas pretenden ser sanas, pero el queso de cabra se lleva la palma con su irresistible cremosidad.<br \/>\nAl\u00e9rgenos: gluten, huevo, lactosa<\/p>","protected":false},"featured_media":985,"template":"","meta":{"rank_math_title":"Quiche Epinard Ch\u00e8vre \u00e0 Barcelone | Poc a Pots","rank_math_description":"L\u2019\u00e9pinard fait semblant d\u2019\u00eatre sain, mais le ch\u00e8vre lui vole la vedette avec son cr\u00e9meux irr\u00e9sist\u2026 Livraison Barcelone d\u00e8s 60\u20ac.","rank_math_focus_keyword":"quiche epinard ch\u00e8vre","rank_math_robots":null,"rank_math_canonical_url":"","rank_math_facebook_title":"","rank_math_facebook_description":"","_joinchat":[]},"product_brand":[],"product_cat":[79],"product_tag":[114],"class_list":{"0":"post-6507","1":"product","2":"type-product","3":"status-publish","4":"has-post-thumbnail","6":"product_cat-entrees-salades","7":"product_tag-vegetarien-2","9":"first","10":"instock","11":"taxable","12":"shipping-taxable","13":"purchasable","14":"product-type-simple"},"_links":{"self":[{"href":"https:\/\/www.pocapots.es\/es\/wp-json\/wp\/v2\/product\/6507","targetHints":{"allow":["GET"]}}],"collection":[{"href":"https:\/\/www.pocapots.es\/es\/wp-json\/wp\/v2\/product"}],"about":[{"href":"https:\/\/www.pocapots.es\/es\/wp-json\/wp\/v2\/types\/product"}],"wp:featuredmedia":[{"embeddable":true,"href":"https:\/\/www.pocapots.es\/es\/wp-json\/wp\/v2\/media\/985"}],"wp:attachment":[{"href":"https:\/\/www.pocapots.es\/es\/wp-json\/wp\/v2\/media?parent=6507"}],"wp:term":[{"taxonomy":"product_brand","embeddable":true,"href":"https:\/\/www.pocapots.es\/es\/wp-json\/wp\/v2\/product_brand?post=6507"},{"taxonomy":"product_cat","embeddable":true,"href":"https:\/\/www.pocapots.es\/es\/wp-json\/wp\/v2\/product_cat?post=6507"},{"taxonomy":"product_tag","embeddable":true,"href":"https:\/\/www.pocapots.es\/es\/wp-json\/wp\/v2\/product_tag?post=6507"}],"curies":[{"name":"wp","href":"https:\/\/api.w.org\/{rel}","templated":true}]}}