{"id":6501,"date":"2025-04-01T17:03:05","date_gmt":"2025-04-01T15:03:05","guid":{"rendered":"https:\/\/www.pocapots.es\/?post_type=product&#038;p=6501"},"modified":"2026-04-21T01:16:47","modified_gmt":"2026-04-20T23:16:47","slug":"ensalada-de-papas","status":"publish","type":"product","link":"https:\/\/www.pocapots.es\/es\/produit\/salade-de-pomme-de-terre\/","title":{"rendered":"Ensalada de papas"},"content":{"rendered":"<h2 class=\"wp-block-heading\">Composition<\/h2>\n\n\n\n<ul class=\"wp-block-list\">\n<li>Sencillo, eficaz y reconfortante.<\/li>\n<\/ul>\n\n\n\n<h2 class=\"wp-block-heading\">Consejo de maridaje<\/h2>\n\n\n\n<p>Ideal como entrante o como acompa\u00f1amiento de buffet. Marida con un vino blanco seco catal\u00e1n (Xarel\u00b7lo, Macabeu) o un rosado de la Provenza bien fresco.<\/p>\n\n\n\n<h2 class=\"wp-block-heading\">Entrega &#038; elaboraci\u00f3n<\/h2>\n\n\n\n<p>Elaborado el mismo d\u00eda en nuestras cocinas. <strong>Entrega gratuita en Barcelona desde 60 \u20ac IVA excl.<\/strong> Para pedidos &gt; 6 unidades, prever <strong>48 h de antelaci\u00f3n<\/strong>.<\/p>\n\n\n\n<p><em>Al\u00e9rgenos : mostaza<\/em><\/p>","protected":false},"excerpt":{"rendered":"<p>Sencillo, eficaz y reconfortante.<br \/>\nAl\u00e9rgenos : mostaza<\/p>","protected":false},"featured_media":1188,"template":"","meta":{"rank_math_title":"Salade de Pomme de Terre \u00e0 Barcelone | Poc a Pots","rank_math_description":"Simple, efficace, r\u00e9confortante. Livraison offerte \u00e0 Barcelone d\u00e8s 60 \u20ac. Poc a Pots, traiteur fran\u00e7ais.","rank_math_focus_keyword":"salade de pomme de terre","rank_math_robots":null,"rank_math_canonical_url":"","rank_math_facebook_title":"","rank_math_facebook_description":"","_joinchat":[]},"product_brand":[],"product_cat":[79],"product_tag":[225,115],"class_list":{"0":"post-6501","1":"product","2":"type-product","3":"status-publish","4":"has-post-thumbnail","6":"product_cat-entrees-salades","7":"product_tag-salades","8":"product_tag-vegan","10":"first","11":"instock","12":"taxable","13":"shipping-taxable","14":"purchasable","15":"product-type-simple"},"_links":{"self":[{"href":"https:\/\/www.pocapots.es\/es\/wp-json\/wp\/v2\/product\/6501","targetHints":{"allow":["GET"]}}],"collection":[{"href":"https:\/\/www.pocapots.es\/es\/wp-json\/wp\/v2\/product"}],"about":[{"href":"https:\/\/www.pocapots.es\/es\/wp-json\/wp\/v2\/types\/product"}],"wp:featuredmedia":[{"embeddable":true,"href":"https:\/\/www.pocapots.es\/es\/wp-json\/wp\/v2\/media\/1188"}],"wp:attachment":[{"href":"https:\/\/www.pocapots.es\/es\/wp-json\/wp\/v2\/media?parent=6501"}],"wp:term":[{"taxonomy":"product_brand","embeddable":true,"href":"https:\/\/www.pocapots.es\/es\/wp-json\/wp\/v2\/product_brand?post=6501"},{"taxonomy":"product_cat","embeddable":true,"href":"https:\/\/www.pocapots.es\/es\/wp-json\/wp\/v2\/product_cat?post=6501"},{"taxonomy":"product_tag","embeddable":true,"href":"https:\/\/www.pocapots.es\/es\/wp-json\/wp\/v2\/product_tag?post=6501"}],"curies":[{"name":"wp","href":"https:\/\/api.w.org\/{rel}","templated":true}]}}