{"id":6494,"date":"2025-04-01T17:03:04","date_gmt":"2025-04-01T15:03:04","guid":{"rendered":"https:\/\/www.pocapots.es\/?post_type=product&#038;p=6494"},"modified":"2026-04-21T01:17:10","modified_gmt":"2026-04-20T23:17:10","slug":"tarta-de-manzana-y-almendras","status":"publish","type":"product","link":"https:\/\/www.pocapots.es\/es\/produit\/tarte-pomme-amande\/","title":{"rendered":"Tarta De Manzana Y Almendras"},"content":{"rendered":"<h2 class=\"wp-block-heading\">Composition<\/h2>\n\n\n\n<ul class=\"wp-block-list\">\n<li>(S\u00ed, m\u00e1s manzanas, pero \u00bfqui\u00e9n se quejar\u00eda?) Fundente, arom\u00e1tica, con un toque crujiente gracias a la almendra.<\/li>\n<\/ul>\n\n\n\n<h2 class=\"wp-block-heading\">Consejo de maridaje<\/h2>\n\n\n\n<p>Perfecto para cerrar una comida. Marida con un vino dulce (Sauternes, Banyuls) o un cava semi-seco bien fr\u00edo. Opcionalmente, caf\u00e9 o t\u00e9 negro para un maridaje cl\u00e1sico y limpio.<\/p>\n\n\n\n<h2 class=\"wp-block-heading\">Entrega &#038; elaboraci\u00f3n<\/h2>\n\n\n\n<p>Elaborado el mismo d\u00eda en nuestras cocinas. <strong>Entrega gratuita en Barcelona desde 60 \u20ac IVA excl.<\/strong> Para pedidos &gt; 6 unidades, prever <strong>48 h de antelaci\u00f3n<\/strong>.<\/p>\n\n\n\n<p><em>Al\u00e9rgenos: gluten, frutos de c\u00e1scara, huevos, lactosa\nPara 6 personas<\/em><\/p>","protected":false},"excerpt":{"rendered":"<p>(S\u00ed, m\u00e1s manzanas, pero \u00bfqui\u00e9n podr\u00eda quejarse?) Derretido en la boca, fragante, con un toque crujiente de las almendras.<br \/>\nAl\u00e9rgenos: gluten, frutos de c\u00e1scara, huevos, lactosa<\/p>\n<p>Para 6 personas<\/p>","protected":false},"featured_media":1170,"template":"","meta":{"rank_math_title":"Tarte Pomme Amande \u2014 Desserts \u00e0 Barcelone | Poc a Pots","rank_math_description":"(Oui, encore des pommes, mais qui s\u2019en plaindrait ?) Fondante, parfum\u00e9e, avec une pointe de croqu\u2026 Livraison Barcelone d\u00e8s 60\u20ac.","rank_math_focus_keyword":"tarte pomme amande","rank_math_robots":null,"rank_math_canonical_url":"","rank_math_facebook_title":"","rank_math_facebook_description":"","_joinchat":[]},"product_brand":[],"product_cat":[80],"product_tag":[255,254,159],"class_list":{"0":"post-6494","1":"product","2":"type-product","3":"status-publish","4":"has-post-thumbnail","6":"product_cat-desserts","7":"product_tag-dessert","8":"product_tag-farine-bio","9":"product_tag-fruits","11":"first","12":"instock","13":"taxable","14":"shipping-taxable","15":"purchasable","16":"product-type-simple"},"_links":{"self":[{"href":"https:\/\/www.pocapots.es\/es\/wp-json\/wp\/v2\/product\/6494","targetHints":{"allow":["GET"]}}],"collection":[{"href":"https:\/\/www.pocapots.es\/es\/wp-json\/wp\/v2\/product"}],"about":[{"href":"https:\/\/www.pocapots.es\/es\/wp-json\/wp\/v2\/types\/product"}],"wp:featuredmedia":[{"embeddable":true,"href":"https:\/\/www.pocapots.es\/es\/wp-json\/wp\/v2\/media\/1170"}],"wp:attachment":[{"href":"https:\/\/www.pocapots.es\/es\/wp-json\/wp\/v2\/media?parent=6494"}],"wp:term":[{"taxonomy":"product_brand","embeddable":true,"href":"https:\/\/www.pocapots.es\/es\/wp-json\/wp\/v2\/product_brand?post=6494"},{"taxonomy":"product_cat","embeddable":true,"href":"https:\/\/www.pocapots.es\/es\/wp-json\/wp\/v2\/product_cat?post=6494"},{"taxonomy":"product_tag","embeddable":true,"href":"https:\/\/www.pocapots.es\/es\/wp-json\/wp\/v2\/product_tag?post=6494"}],"curies":[{"name":"wp","href":"https:\/\/api.w.org\/{rel}","templated":true}]}}