{"id":6490,"date":"2025-04-01T17:03:04","date_gmt":"2025-04-01T15:03:04","guid":{"rendered":"https:\/\/www.pocapots.es\/?post_type=product&#038;p=6490"},"modified":"2026-04-21T01:17:22","modified_gmt":"2026-04-20T23:17:22","slug":"breton-lejano","status":"publish","type":"product","link":"https:\/\/www.pocapots.es\/es\/produit\/far-breton\/","title":{"rendered":"Bret\u00f3n lejano"},"content":{"rendered":"<h2 class=\"wp-block-heading\">Composition<\/h2>\n\n\n\n<ul class=\"wp-block-list\">\n<li>Con ciruelas pasas, contiene huevos, l\u00e1cteos y harina ecol\u00f3gica.<\/li>\n<li>Para 6 personas<\/li>\n<\/ul>\n\n\n\n<h2 class=\"wp-block-heading\">Consejo de maridaje<\/h2>\n\n\n\n<p>Perfecto para cerrar una comida. Marida con un vino dulce (Sauternes, Banyuls) o un cava semi-seco bien fr\u00edo. Opcionalmente, caf\u00e9 o t\u00e9 negro para un maridaje cl\u00e1sico y limpio.<\/p>\n\n\n\n<h2 class=\"wp-block-heading\">Entrega &#038; elaboraci\u00f3n<\/h2>\n\n\n\n<p>Elaborado el mismo d\u00eda en nuestras cocinas. <strong>Entrega gratuita en Barcelona desde 60 \u20ac IVA excl.<\/strong> Para pedidos &gt; 6 unidades, prever <strong>48 h de antelaci\u00f3n<\/strong>.<\/p>","protected":false},"excerpt":{"rendered":"<p>Con ciruelas pasas, contiene huevos, l\u00e1cteos y harina ecol\u00f3gica.<\/p>\n<p>Para 6 personas<\/p>","protected":false},"featured_media":1131,"template":"","meta":{"rank_math_title":"Far Breton \u2014 Desserts \u00e0 Barcelone | Poc a Pots","rank_math_description":"Avec des pruneaux, contient des oeufs, des produits laitiers et de la farine bio Pour 6 personnes Livraison offerte \u00e0 Barcelone d\u00e8s 60 \u20ac HT. Commandez en ligne.","rank_math_focus_keyword":"far breton","rank_math_robots":null,"rank_math_canonical_url":"","rank_math_facebook_title":"","rank_math_facebook_description":"","_joinchat":[]},"product_brand":[],"product_cat":[80],"product_tag":[255,254,159,258],"class_list":{"0":"post-6490","1":"product","2":"type-product","3":"status-publish","4":"has-post-thumbnail","6":"product_cat-desserts","7":"product_tag-dessert","8":"product_tag-farine-bio","9":"product_tag-fruits","10":"product_tag-specialite-bretonne","12":"first","13":"instock","14":"taxable","15":"shipping-taxable","16":"purchasable","17":"product-type-simple"},"_links":{"self":[{"href":"https:\/\/www.pocapots.es\/es\/wp-json\/wp\/v2\/product\/6490","targetHints":{"allow":["GET"]}}],"collection":[{"href":"https:\/\/www.pocapots.es\/es\/wp-json\/wp\/v2\/product"}],"about":[{"href":"https:\/\/www.pocapots.es\/es\/wp-json\/wp\/v2\/types\/product"}],"wp:featuredmedia":[{"embeddable":true,"href":"https:\/\/www.pocapots.es\/es\/wp-json\/wp\/v2\/media\/1131"}],"wp:attachment":[{"href":"https:\/\/www.pocapots.es\/es\/wp-json\/wp\/v2\/media?parent=6490"}],"wp:term":[{"taxonomy":"product_brand","embeddable":true,"href":"https:\/\/www.pocapots.es\/es\/wp-json\/wp\/v2\/product_brand?post=6490"},{"taxonomy":"product_cat","embeddable":true,"href":"https:\/\/www.pocapots.es\/es\/wp-json\/wp\/v2\/product_cat?post=6490"},{"taxonomy":"product_tag","embeddable":true,"href":"https:\/\/www.pocapots.es\/es\/wp-json\/wp\/v2\/product_tag?post=6490"}],"curies":[{"name":"wp","href":"https:\/\/api.w.org\/{rel}","templated":true}]}}