{"id":6488,"date":"2025-04-01T17:02:58","date_gmt":"2025-04-01T15:02:58","guid":{"rendered":"https:\/\/www.pocapots.es\/?post_type=product&#038;p=6488"},"modified":"2026-04-21T01:17:29","modified_gmt":"2026-04-20T23:17:29","slug":"tarta-de-queso-y-frutos-rojos","status":"publish","type":"product","link":"https:\/\/www.pocapots.es\/es\/produit\/cheese-cake-aux-fruits-rouges\/","title":{"rendered":"Tarta de queso con frutos rojos"},"content":{"rendered":"<h2 class=\"wp-block-heading\">Composition<\/h2>\n\n\n\n<ul class=\"wp-block-list\">\n<li>Cremoso, delicioso, afrutado... una apuesta segura.<\/li>\n<\/ul>\n\n\n\n<h2 class=\"wp-block-heading\">Conseil d\u2019accord<\/h2>\n\n\n\n<p>Parfait pour cl\u00f4turer un repas. Accord avec un vin moelleux (Sauternes, Banyuls) ou un cava demi-sec bien frais. En option caf\u00e9 ou th\u00e9 noir pour un accord classique et net.<\/p>\n\n\n\n<h2 class=\"wp-block-heading\">Livraison &#038; fabrication<\/h2>\n\n\n\n<p>Fabriqu\u00e9 le jour m\u00eame dans nos cuisines. <strong>Livraison offerte \u00e0 Barcelone d\u00e8s 60 \u20ac HT.<\/strong> Pour les commandes &gt; 6 unit\u00e9s, pr\u00e9voir <strong>48 h \u00e0 l\u2019avance<\/strong>.<\/p>\n\n\n\n<p><em>Al\u00e9rgenos: gluten, huevo, lactosa<\/em><\/p>","protected":false},"excerpt":{"rendered":"<p>Cremoso, delicioso, afrutado... una apuesta segura.<br \/>\nAl\u00e9rgenos: gluten, huevo, lactosa<\/p>","protected":false},"featured_media":987,"template":"","meta":{"rank_math_title":"Cheese cake aux fruits rouges \u2014 Desserts \u00e0 Barcelone | Poc a Pots","rank_math_description":"Cr\u00e9meux, gourmand, fruit\u00e9\u2026 une valeur s\u00fbre. Livraison offerte \u00e0 Barcelone d\u00e8s 60 \u20ac. Poc a Pots, traiteur fran\u00e7ais.","rank_math_focus_keyword":"cheese cake aux fruits rouges","rank_math_robots":null,"rank_math_canonical_url":"","rank_math_facebook_title":"","rank_math_facebook_description":"","_joinchat":[]},"product_brand":[],"product_cat":[80],"product_tag":[255,159],"class_list":{"0":"post-6488","1":"product","2":"type-product","3":"status-publish","4":"has-post-thumbnail","6":"product_cat-desserts","7":"product_tag-dessert","8":"product_tag-fruits","10":"first","11":"instock","12":"taxable","13":"shipping-taxable","14":"purchasable","15":"product-type-simple"},"_links":{"self":[{"href":"https:\/\/www.pocapots.es\/es\/wp-json\/wp\/v2\/product\/6488","targetHints":{"allow":["GET"]}}],"collection":[{"href":"https:\/\/www.pocapots.es\/es\/wp-json\/wp\/v2\/product"}],"about":[{"href":"https:\/\/www.pocapots.es\/es\/wp-json\/wp\/v2\/types\/product"}],"wp:featuredmedia":[{"embeddable":true,"href":"https:\/\/www.pocapots.es\/es\/wp-json\/wp\/v2\/media\/987"}],"wp:attachment":[{"href":"https:\/\/www.pocapots.es\/es\/wp-json\/wp\/v2\/media?parent=6488"}],"wp:term":[{"taxonomy":"product_brand","embeddable":true,"href":"https:\/\/www.pocapots.es\/es\/wp-json\/wp\/v2\/product_brand?post=6488"},{"taxonomy":"product_cat","embeddable":true,"href":"https:\/\/www.pocapots.es\/es\/wp-json\/wp\/v2\/product_cat?post=6488"},{"taxonomy":"product_tag","embeddable":true,"href":"https:\/\/www.pocapots.es\/es\/wp-json\/wp\/v2\/product_tag?post=6488"}],"curies":[{"name":"wp","href":"https:\/\/api.w.org\/{rel}","templated":true}]}}