{"id":6476,"date":"2025-04-01T17:02:57","date_gmt":"2025-04-01T15:02:57","guid":{"rendered":"https:\/\/www.pocapots.es\/?post_type=product&#038;p=6476"},"modified":"2026-04-21T01:18:03","modified_gmt":"2026-04-20T23:18:03","slug":"brioche-simple","status":"publish","type":"product","link":"https:\/\/www.pocapots.es\/es\/produit\/brioche-nature\/","title":{"rendered":"Brioche simple"},"content":{"rendered":"<h2 class=\"wp-block-heading\">Composition<\/h2>\n\n\n\n<ul class=\"wp-block-list\">\n<li>Parfois, la simplicit\u00e9, c\u2019est ce qu\u2019il y a de mieux<\/li>\n<li>Moelleuse, dor\u00e9e, l\u00e9g\u00e8rement sucr\u00e9e\u2026 Une brioche qui n\u2019a rien \u00e0 prouver.<\/li>\n<\/ul>\n\n\n\n<h2 class=\"wp-block-heading\">Consejo de maridaje<\/h2>\n\n\n\n<p>Perfecto para cerrar una comida. Marida con un vino dulce (Sauternes, Banyuls) o un cava semi-seco bien fr\u00edo. Opcionalmente, caf\u00e9 o t\u00e9 negro para un maridaje cl\u00e1sico y limpio.<\/p>\n\n\n\n<h2 class=\"wp-block-heading\">Entrega &#038; elaboraci\u00f3n<\/h2>\n\n\n\n<p>Elaborado el mismo d\u00eda en nuestras cocinas. <strong>Entrega gratuita en Barcelona desde 60 \u20ac IVA excl.<\/strong> Para pedidos &gt; 6 unidades, prever <strong>48 h de antelaci\u00f3n<\/strong>.<\/p>\n\n\n\n<p><em>Allerg\u00e8nes : gluten, \u0153ufs, lactose\nPour 6 personnes<\/em><\/p>","protected":false},"excerpt":{"rendered":"<p>A veces la sencillez es lo mejor. H\u00famedo, dorado, ligeramente dulce... Un brioche sin nada que demostrar.<br \/>\nAl\u00e9rgenos: gluten, huevo, lactosa<\/p>\n<p>Para 6 personas<\/p>","protected":false},"featured_media":4970,"template":"","meta":{"rank_math_title":"Brioche Nature \u2014 Desserts \u00e0 Barcelone | Poc a Pots","rank_math_description":"Parfois, la simplicit\u00e9, c\u2019est ce qu\u2019il y a de mieux. Moelleuse, dor\u00e9e, l\u00e9g\u00e8rement sucr\u00e9e\u2026 Une bri\u2026 Livraison Barcelone d\u00e8s 60\u20ac.","rank_math_focus_keyword":"brioche nature","rank_math_robots":null,"rank_math_canonical_url":"","rank_math_facebook_title":"","rank_math_facebook_description":"","_joinchat":[]},"product_brand":[],"product_cat":[80],"product_tag":[255,254],"class_list":{"0":"post-6476","1":"product","2":"type-product","3":"status-publish","4":"has-post-thumbnail","6":"product_cat-desserts","7":"product_tag-dessert","8":"product_tag-farine-bio","10":"first","11":"instock","12":"taxable","13":"shipping-taxable","14":"purchasable","15":"product-type-simple"},"_links":{"self":[{"href":"https:\/\/www.pocapots.es\/es\/wp-json\/wp\/v2\/product\/6476","targetHints":{"allow":["GET"]}}],"collection":[{"href":"https:\/\/www.pocapots.es\/es\/wp-json\/wp\/v2\/product"}],"about":[{"href":"https:\/\/www.pocapots.es\/es\/wp-json\/wp\/v2\/types\/product"}],"wp:featuredmedia":[{"embeddable":true,"href":"https:\/\/www.pocapots.es\/es\/wp-json\/wp\/v2\/media\/4970"}],"wp:attachment":[{"href":"https:\/\/www.pocapots.es\/es\/wp-json\/wp\/v2\/media?parent=6476"}],"wp:term":[{"taxonomy":"product_brand","embeddable":true,"href":"https:\/\/www.pocapots.es\/es\/wp-json\/wp\/v2\/product_brand?post=6476"},{"taxonomy":"product_cat","embeddable":true,"href":"https:\/\/www.pocapots.es\/es\/wp-json\/wp\/v2\/product_cat?post=6476"},{"taxonomy":"product_tag","embeddable":true,"href":"https:\/\/www.pocapots.es\/es\/wp-json\/wp\/v2\/product_tag?post=6476"}],"curies":[{"name":"wp","href":"https:\/\/api.w.org\/{rel}","templated":true}]}}