{"id":6473,"date":"2025-04-01T17:02:56","date_gmt":"2025-04-01T15:02:56","guid":{"rendered":"https:\/\/www.pocapots.es\/?post_type=product&#038;p=6473"},"modified":"2025-04-02T19:45:48","modified_gmt":"2025-04-02T17:45:48","slug":"tarta-tropeziana","status":"publish","type":"product","link":"https:\/\/www.pocapots.es\/es\/produit\/tarte-tropezienne\/","title":{"rendered":"pastel trop\u00e9zienne"},"content":{"rendered":"","protected":false},"excerpt":{"rendered":"<p>Suave brioche, crema ligera, az\u00facar perlado... Es f\u00e1cil entender por qu\u00e9 le encantaban a Brigitte Bardot.<br \/>\nAl\u00e9rgenos: gluten, huevo, lactosa<\/p>","protected":false},"featured_media":5215,"template":"","meta":{"_joinchat":[]},"product_brand":[],"product_cat":[80],"product_tag":[255,254],"class_list":{"0":"post-6473","1":"product","2":"type-product","3":"status-publish","4":"has-post-thumbnail","6":"product_cat-desserts","7":"product_tag-dessert","8":"product_tag-farine-bio","10":"first","11":"instock","12":"taxable","13":"shipping-taxable","14":"purchasable","15":"product-type-simple"},"_links":{"self":[{"href":"https:\/\/www.pocapots.es\/es\/wp-json\/wp\/v2\/product\/6473","targetHints":{"allow":["GET"]}}],"collection":[{"href":"https:\/\/www.pocapots.es\/es\/wp-json\/wp\/v2\/product"}],"about":[{"href":"https:\/\/www.pocapots.es\/es\/wp-json\/wp\/v2\/types\/product"}],"wp:featuredmedia":[{"embeddable":true,"href":"https:\/\/www.pocapots.es\/es\/wp-json\/wp\/v2\/media\/5215"}],"wp:attachment":[{"href":"https:\/\/www.pocapots.es\/es\/wp-json\/wp\/v2\/media?parent=6473"}],"wp:term":[{"taxonomy":"product_brand","embeddable":true,"href":"https:\/\/www.pocapots.es\/es\/wp-json\/wp\/v2\/product_brand?post=6473"},{"taxonomy":"product_cat","embeddable":true,"href":"https:\/\/www.pocapots.es\/es\/wp-json\/wp\/v2\/product_cat?post=6473"},{"taxonomy":"product_tag","embeddable":true,"href":"https:\/\/www.pocapots.es\/es\/wp-json\/wp\/v2\/product_tag?post=6473"}],"curies":[{"name":"wp","href":"https:\/\/api.w.org\/{rel}","templated":true}]}}