{"id":6470,"date":"2025-04-01T17:02:56","date_gmt":"2025-04-01T15:02:56","guid":{"rendered":"https:\/\/www.pocapots.es\/?post_type=product&#038;p=6470"},"modified":"2026-04-21T01:18:19","modified_gmt":"2026-04-20T23:18:19","slug":"ensalada-de-frutas-exoticas-2","status":"publish","type":"product","link":"https:\/\/www.pocapots.es\/es\/produit\/salade-de-fruits-exotiques\/","title":{"rendered":"Ensalada de frutas ex\u00f3ticas"},"content":{"rendered":"<h2 class=\"wp-block-heading\">Composition<\/h2>\n\n\n\n<ul class=\"wp-block-list\">\n<li>\u00a1Una escapada a los tr\u00f3picos en cada bocado! Pi\u00f1a, mango, kiwi... sol en una taza.<\/li>\n<\/ul>\n\n\n\n<h2 class=\"wp-block-heading\">Consejo de maridaje<\/h2>\n\n\n\n<p>Perfecto para cerrar una comida. Marida con un vino dulce (Sauternes, Banyuls) o un cava semi-seco bien fr\u00edo. Opcionalmente, caf\u00e9 o t\u00e9 negro para un maridaje cl\u00e1sico y limpio.<\/p>\n\n\n\n<h2 class=\"wp-block-heading\">Entrega &#038; elaboraci\u00f3n<\/h2>\n\n\n\n<p>Elaborado el mismo d\u00eda en nuestras cocinas. <strong>Entrega gratuita en Barcelona desde 60 \u20ac IVA excl.<\/strong> Para pedidos &gt; 6 unidades, prever <strong>48 h de antelaci\u00f3n<\/strong>.<\/p>\n\n\n\n<p><em>Al\u00e9rgenos: ninguno (a menos que sea al\u00e9rgico a la felicidad)<\/em><\/p>","protected":false},"excerpt":{"rendered":"<p>\u00a1Una escapada a los tr\u00f3picos en cada bocado! Pi\u00f1a, mango, kiwi... sol en una taza.<br \/>\nAl\u00e9rgenos: ninguno (a menos que sea al\u00e9rgico a la felicidad)<\/p>","protected":false},"featured_media":1199,"template":"","meta":{"rank_math_title":"Salade de Fruits Exotiques \u2014 Desserts \u00e0 Barcelone | Poc a Pots","rank_math_description":"Une \u00e9vasion sous les tropiques dans chaque bouch\u00e9e ! Ananas, mangue, kiwi\u2026 le soleil dans une coupe. Livraison Barcelone d\u00e8s 60\u20ac.","rank_math_focus_keyword":"salade de fruits exotiques","rank_math_robots":null,"rank_math_canonical_url":"","rank_math_facebook_title":"","rank_math_facebook_description":"","_joinchat":[]},"product_brand":[],"product_cat":[80],"product_tag":[255,159,115],"class_list":{"0":"post-6470","1":"product","2":"type-product","3":"status-publish","4":"has-post-thumbnail","6":"product_cat-desserts","7":"product_tag-dessert","8":"product_tag-fruits","9":"product_tag-vegan","11":"first","12":"instock","13":"taxable","14":"shipping-taxable","15":"purchasable","16":"product-type-simple"},"_links":{"self":[{"href":"https:\/\/www.pocapots.es\/es\/wp-json\/wp\/v2\/product\/6470","targetHints":{"allow":["GET"]}}],"collection":[{"href":"https:\/\/www.pocapots.es\/es\/wp-json\/wp\/v2\/product"}],"about":[{"href":"https:\/\/www.pocapots.es\/es\/wp-json\/wp\/v2\/types\/product"}],"wp:featuredmedia":[{"embeddable":true,"href":"https:\/\/www.pocapots.es\/es\/wp-json\/wp\/v2\/media\/1199"}],"wp:attachment":[{"href":"https:\/\/www.pocapots.es\/es\/wp-json\/wp\/v2\/media?parent=6470"}],"wp:term":[{"taxonomy":"product_brand","embeddable":true,"href":"https:\/\/www.pocapots.es\/es\/wp-json\/wp\/v2\/product_brand?post=6470"},{"taxonomy":"product_cat","embeddable":true,"href":"https:\/\/www.pocapots.es\/es\/wp-json\/wp\/v2\/product_cat?post=6470"},{"taxonomy":"product_tag","embeddable":true,"href":"https:\/\/www.pocapots.es\/es\/wp-json\/wp\/v2\/product_tag?post=6470"}],"curies":[{"name":"wp","href":"https:\/\/api.w.org\/{rel}","templated":true}]}}