{"id":6468,"date":"2025-04-01T17:02:56","date_gmt":"2025-04-01T15:02:56","guid":{"rendered":"https:\/\/www.pocapots.es\/?post_type=product&#038;p=6468"},"modified":"2025-04-01T17:02:59","modified_gmt":"2025-04-01T15:02:59","slug":"buffet-de-cocteles-gourmet-de-lujo","status":"publish","type":"product","link":"https:\/\/www.pocapots.es\/es\/produit\/buffet-cocktail-gastronomique-luxe\/","title":{"rendered":"Buffet \u201cC\u00f3ctel gourmet de lujo\u201d"},"content":{"rendered":"","protected":false},"excerpt":{"rendered":"<p> Foie gras a la sart\u00e9n sobre pan casero con chutney<br \/>\n Plato de ostras finas de Marennes d'Ol\u00e9ron de claires, tama\u00f1o 2 o 3 (3 por persona)<br \/>\n Tostada de trigo sarraceno y tartar de ternera Wagyu<br \/>\n Croques monsieur con Cont\u00e9, trufas y jam\u00f3n ib\u00e9rico<br \/>\n Bao de ceviche de salm\u00f3n salvaje con ajo negro<br \/>\n Spanakopita, mermelada de tomate y reducci\u00f3n de aceite de menta (hojaldre griego de espinacas)<br \/>\n Arancini con pato (croqueta casera de risotto)<br \/>\n Vieiras con c\u00edtricos y bacon<br \/>\n Tostada de roquefort con higos confitados<br \/>\n Tarta Tatin de manzana y jengibre (opcional)<br \/>\n Pavlova de frutos rojos<br \/>\n Brochetas de frutas ex\u00f3ticas<\/p>","protected":false},"featured_media":4215,"template":"","meta":{"_joinchat":[]},"product_brand":[],"product_cat":[117],"product_tag":[129,130,128,133],"class_list":{"0":"post-6468","1":"product","2":"type-product","3":"status-publish","4":"has-post-thumbnail","6":"product_cat-buffets-composes","7":"product_tag-cocktail","8":"product_tag-gastronomique","9":"product_tag-gourmet","10":"product_tag-poissons","12":"first","13":"instock","14":"taxable","15":"shipping-taxable","16":"purchasable","17":"product-type-simple"},"_links":{"self":[{"href":"https:\/\/www.pocapots.es\/es\/wp-json\/wp\/v2\/product\/6468","targetHints":{"allow":["GET"]}}],"collection":[{"href":"https:\/\/www.pocapots.es\/es\/wp-json\/wp\/v2\/product"}],"about":[{"href":"https:\/\/www.pocapots.es\/es\/wp-json\/wp\/v2\/types\/product"}],"wp:featuredmedia":[{"embeddable":true,"href":"https:\/\/www.pocapots.es\/es\/wp-json\/wp\/v2\/media\/4215"}],"wp:attachment":[{"href":"https:\/\/www.pocapots.es\/es\/wp-json\/wp\/v2\/media?parent=6468"}],"wp:term":[{"taxonomy":"product_brand","embeddable":true,"href":"https:\/\/www.pocapots.es\/es\/wp-json\/wp\/v2\/product_brand?post=6468"},{"taxonomy":"product_cat","embeddable":true,"href":"https:\/\/www.pocapots.es\/es\/wp-json\/wp\/v2\/product_cat?post=6468"},{"taxonomy":"product_tag","embeddable":true,"href":"https:\/\/www.pocapots.es\/es\/wp-json\/wp\/v2\/product_tag?post=6468"}],"curies":[{"name":"wp","href":"https:\/\/api.w.org\/{rel}","templated":true}]}}