{"id":6467,"date":"2025-04-01T17:02:56","date_gmt":"2025-04-01T15:02:56","guid":{"rendered":"https:\/\/www.pocapots.es\/?post_type=product&#038;p=6467"},"modified":"2025-04-01T17:02:59","modified_gmt":"2025-04-01T15:02:59","slug":"local-despues-del-trabajo-2","status":"publish","type":"product","link":"https:\/\/www.pocapots.es\/es\/produit\/buffet-spanish-afterwork\/","title":{"rendered":"Buffet AfterWork espa\u00f1ol"},"content":{"rendered":"","protected":false},"excerpt":{"rendered":"<p> Pan con tomate con o sin jam\u00f3n ib\u00e9rico<br \/>\n Patatas bravas<br \/>\n Quiche Lorraine\/tarta de tomate con mostaza (a elegir)<br \/>\n Hamburguesa de pollo con salsa Estrag\u00f3n<br \/>\n Ensalada griega<br \/>\n Croqueta de jam\u00f3n y champi\u00f1ones (a elegir)<br \/>\n Tapas de tortilla y tomate cherry<br \/>\n Patatas y chorizo<\/p>","protected":false},"featured_media":2261,"template":"","meta":{"_joinchat":[]},"product_brand":[],"product_cat":[117],"product_tag":[152,131,129,153],"class_list":{"0":"post-6467","1":"product","2":"type-product","3":"status-publish","4":"has-post-thumbnail","6":"product_cat-buffets-composes","7":"product_tag-afterwork","8":"product_tag-buffets","9":"product_tag-cocktail","10":"product_tag-teambuilding","12":"first","13":"instock","14":"taxable","15":"shipping-taxable","16":"purchasable","17":"product-type-simple"},"_links":{"self":[{"href":"https:\/\/www.pocapots.es\/es\/wp-json\/wp\/v2\/product\/6467","targetHints":{"allow":["GET"]}}],"collection":[{"href":"https:\/\/www.pocapots.es\/es\/wp-json\/wp\/v2\/product"}],"about":[{"href":"https:\/\/www.pocapots.es\/es\/wp-json\/wp\/v2\/types\/product"}],"wp:featuredmedia":[{"embeddable":true,"href":"https:\/\/www.pocapots.es\/es\/wp-json\/wp\/v2\/media\/2261"}],"wp:attachment":[{"href":"https:\/\/www.pocapots.es\/es\/wp-json\/wp\/v2\/media?parent=6467"}],"wp:term":[{"taxonomy":"product_brand","embeddable":true,"href":"https:\/\/www.pocapots.es\/es\/wp-json\/wp\/v2\/product_brand?post=6467"},{"taxonomy":"product_cat","embeddable":true,"href":"https:\/\/www.pocapots.es\/es\/wp-json\/wp\/v2\/product_cat?post=6467"},{"taxonomy":"product_tag","embeddable":true,"href":"https:\/\/www.pocapots.es\/es\/wp-json\/wp\/v2\/product_tag?post=6467"}],"curies":[{"name":"wp","href":"https:\/\/api.w.org\/{rel}","templated":true}]}}