{"id":6710,"date":"2025-04-02T22:12:26","date_gmt":"2025-04-02T20:12:26","guid":{"rendered":"https:\/\/www.pocapots.es\/?page_id=6710"},"modified":"2026-04-20T22:20:27","modified_gmt":"2026-04-20T20:20:27","slug":"tu-evento","status":"publish","type":"page","link":"https:\/\/www.pocapots.es\/es\/votre-evenement\/","title":{"rendered":"Su evento"},"content":{"rendered":"<h2 class=\"wp-block-heading\"><strong>Organizar un evento no puede ser m\u00e1s f\u00e1cil.<\/strong><\/h2>\n\n\n\n<div class=\"wp-block-group alignfull is-content-justification-center is-layout-constrained wp-container-core-group-is-layout-b073b61b wp-block-group-is-layout-constrained\" style=\"margin-top:0;margin-bottom:0;padding-top:calc( 0.5 * var(--wp--style--root--padding-right, var(--wp--custom--gap--horizontal)));padding-right:var(--wp--style--root--padding-right, var(--wp--custom--gap--horizontal));padding-bottom:calc( 0.5 * var(--wp--style--root--padding-right, var(--wp--custom--gap--horizontal)));padding-left:var(--wp--style--root--padding-left, var(--wp--custom--gap--horizontal))\">\n<div style=\"height:0px\" aria-hidden=\"true\" class=\"wp-block-spacer\"><\/div>\n\n\n\n<div class=\"wp-block-columns alignwide are-vertically-aligned-center is-layout-flex wp-container-core-columns-is-layout-6aa4370a wp-block-columns-is-layout-flex\">\n<div class=\"wp-block-column is-vertically-aligned-center is-layout-flow wp-block-column-is-layout-flow\">\n<figure class=\"wp-block-image size-full\"><img decoding=\"async\" width=\"2560\" height=\"1920\" data-src=\"https:\/\/www.pocapots.es\/wp-content\/uploads\/2025\/04\/IMG_20250125_214133-scaled.jpeg\" alt=\"\" class=\"wp-image-6719 lazyload\" style=\"--smush-placeholder-width: 2560px; --smush-placeholder-aspect-ratio: 2560\/1920;aspect-ratio:1;object-fit:cover\" data-srcset=\"https:\/\/www.pocapots.es\/wp-content\/uploads\/2025\/04\/IMG_20250125_214133-scaled.jpeg 2560w, https:\/\/www.pocapots.es\/wp-content\/uploads\/2025\/04\/IMG_20250125_214133-300x225.jpeg 300w, https:\/\/www.pocapots.es\/wp-content\/uploads\/2025\/04\/IMG_20250125_214133-1024x768.jpeg 1024w, https:\/\/www.pocapots.es\/wp-content\/uploads\/2025\/04\/IMG_20250125_214133-768x576.jpeg 768w, https:\/\/www.pocapots.es\/wp-content\/uploads\/2025\/04\/IMG_20250125_214133-1536x1152.jpeg 1536w, https:\/\/www.pocapots.es\/wp-content\/uploads\/2025\/04\/IMG_20250125_214133-2048x1536.jpeg 2048w, https:\/\/www.pocapots.es\/wp-content\/uploads\/2025\/04\/IMG_20250125_214133-600x450.jpeg 600w\" data-sizes=\"(max-width: 2560px) 100vw, 2560px\" src=\"data:image\/svg+xml;base64,PHN2ZyB3aWR0aD0iMSIgaGVpZ2h0PSIxIiB4bWxucz0iaHR0cDovL3d3dy53My5vcmcvMjAwMC9zdmciPjwvc3ZnPg==\" \/><\/figure>\n\n\n\n<p><strong>1 bebida incluida <br><\/strong>(zumo, vino, cava, cerveza, vermut)<\/p>\n\n\n\n<p><\/p>\n<\/div>\n\n\n\n<div class=\"wp-block-column is-vertically-aligned-center is-layout-flow wp-block-column-is-layout-flow\">\n<h3 class=\"wp-block-heading alignwide\">Men\u00fa buffet 25 \u20ac\/persona<\/h3>\n\n\n\n<ul class=\"wp-block-list\">\n<li>Tostada con rillettes de pato O tostada con jam\u00f3n ib\u00e9rico<\/li>\n\n\n\n<li>Mini quiche Lorraine (bacon) O Mini quiche de espinacas y queso de cabra<\/li>\n\n\n\n<li>Ensalada de lentejas O quinoa O hummus<\/li>\n\n\n\n<li>Hojaldre de salchicha, mostaza y emmental O Hojaldre de espinacas y queso de cabra<\/li>\n\n\n\n<li>Tapas de tortilla con pan y tomates cherry <\/li>\n\n\n\n<li>Hamburguesa de ternera y queso cheddar O hamburguesa de pollo rillettes al estrag\u00f3n<\/li>\n\n\n\n<li>Tostadas con queso franc\u00e9s O queso local y frutos secos<\/li>\n\n\n\n<li>T\u00fa eliges si quieres una tarta de cumplea\u00f1os (tarta grande O miniaturas)<\/li>\n\n\n\n<li>Brownie de chocolate 70%<\/li>\n\n\n\n<li>Brochetas de frutas ex\u00f3ticas<\/li>\n<\/ul>\n<\/div>\n<\/div>\n\n\n\n<div style=\"height:calc( 0.25 * var(--wp--style--root--padding-right, var(--wp--custom--gap--horizontal)))\" aria-hidden=\"true\" class=\"wp-block-spacer\"><\/div>\n<\/div>\n\n\n\n<div class=\"wp-block-buttons is-layout-flex wp-block-buttons-is-layout-flex\">\n<div class=\"wp-block-button\"><a class=\"wp-block-button__link wp-element-button\" href=\"https:\/\/web.whatsapp.com\/send?phone=34693586456&amp;text=Bonjour%20Poc%20a%20Pots!\" target=\"_blank\" rel=\"noreferrer noopener\">Cont\u00e1ctenos<\/a><\/div>\n<\/div>\n\n\n\n<hr class=\"wp-block-separator has-alpha-channel-opacity\"\/>\n\n\n\n<div class=\"wp-block-group alignfull is-content-justification-center is-layout-constrained wp-container-core-group-is-layout-b073b61b wp-block-group-is-layout-constrained\" style=\"margin-top:0;margin-bottom:0;padding-top:calc( 0.5 * var(--wp--style--root--padding-right, var(--wp--custom--gap--horizontal)));padding-right:var(--wp--style--root--padding-right, var(--wp--custom--gap--horizontal));padding-bottom:calc( 0.5 * var(--wp--style--root--padding-right, var(--wp--custom--gap--horizontal)));padding-left:var(--wp--style--root--padding-left, var(--wp--custom--gap--horizontal))\">\n<div style=\"height:calc( 0.25 * var(--wp--style--root--padding-right, var(--wp--custom--gap--horizontal)))\" aria-hidden=\"true\" class=\"wp-block-spacer\"><\/div>\n\n\n\n<div class=\"wp-block-group alignwide is-layout-constrained wp-block-group-is-layout-constrained\">\n<h3 class=\"wp-block-heading alignfull has-text-align-left\" style=\"font-style:normal;font-weight:100\"><strong>Men\u00fa sentado 25 \u20ac\/persona para un m\u00e1ximo de 35 personas en el comedor<\/strong><\/h3>\n<\/div>\n\n\n\n<div class=\"wp-block-columns alignwide is-layout-flex wp-container-core-columns-is-layout-1a7dd963 wp-block-columns-is-layout-flex\">\n<div class=\"wp-block-column is-layout-flow wp-block-column-is-layout-flow\">\n<h3 class=\"wp-block-heading is-service-name has-medium-font-size\" style=\"font-style:normal;font-weight:700\">Entradas<\/h3>\n\n\n\n<p class=\"is-service-description\">Mini Quiche Lorraine (bacon) o Mini Quiche Espinacas y Queso de Cabra<\/p>\n\n\n\n<p class=\"is-service-description\">Mini ensalada de lentejas o quinoa o hummus<\/p>\n\n\n\n<p class=\"is-service-description\">Mini hojaldre de salchicha y emmental o hojaldre de espinacas y queso de cabra.<\/p>\n<\/div>\n\n\n\n<div class=\"wp-block-column is-layout-flow wp-block-column-is-layout-flow\">\n<h3 class=\"wp-block-heading is-service-name has-medium-font-size\" style=\"font-style:normal;font-weight:700\">Platos<\/h3>\n\n\n\n<p class=\"has-text-align-left is-service-description\">Lasa\u00f1a de ternera y lechuga<br><strong>o<\/strong><br>Galette compl\u00e8te (tortitas de trigo sarraceno con jam\u00f3n, queso y huevo) con lechuga<br><strong>o<\/strong><br>Pollo marroqu\u00ed o tagine vegano con cusc\u00fas<br><strong>o<\/strong><br>Carrillada de cerdo confitada con salsa de miel y tomillo o confit de pato (+2\u20ac) con arroz o pur\u00e9 de patatas<\/p>\n\n\n\n<p class=\"is-service-description\"><\/p>\n<\/div>\n\n\n\n<div class=\"wp-block-column is-layout-flow wp-block-column-is-layout-flow\">\n<h3 class=\"wp-block-heading is-service-name has-medium-font-size\" style=\"font-style:normal;font-weight:700\">Postres<\/h3>\n\n\n\n<p class=\"is-service-description\">T\u00fa eliges si quieres una tarta de cumplea\u00f1os (grande o en miniatura)<\/p>\n\n\n\n<p class=\"is-service-description\">Brownie de chocolate 70%<\/p>\n\n\n\n<p class=\"is-service-description\">Brochetas de frutas ex\u00f3ticas<\/p>\n\n\n\n<p class=\"is-service-description\"><\/p>\n<\/div>\n<\/div>\n\n\n\n<div style=\"height:calc( 0.25 * var(--wp--style--root--padding-right, var(--wp--custom--gap--horizontal)))\" aria-hidden=\"true\" class=\"wp-block-spacer\"><\/div>\n<\/div>\n\n\n\n<div class=\"wp-block-buttons is-layout-flex wp-block-buttons-is-layout-flex\">\n<div class=\"wp-block-button\"><a class=\"wp-block-button__link wp-element-button\" href=\"https:\/\/web.whatsapp.com\/send?phone=34693586456&amp;text=Bonjour%20Poc%20a%20Pots!\" target=\"_blank\" rel=\"noreferrer noopener\">Cont\u00e1ctenos<\/a><\/div>\n<\/div>\n\n\n\n<hr class=\"wp-block-separator has-alpha-channel-opacity\"\/>\n\n\n\n<div class=\"wp-block-group alignfull is-content-justification-center is-layout-constrained wp-container-core-group-is-layout-b073b61b wp-block-group-is-layout-constrained\" style=\"margin-top:0;margin-bottom:0;padding-top:calc( 0.5 * var(--wp--style--root--padding-right, var(--wp--custom--gap--horizontal)));padding-right:var(--wp--style--root--padding-right, var(--wp--custom--gap--horizontal));padding-bottom:calc( 0.5 * var(--wp--style--root--padding-right, var(--wp--custom--gap--horizontal)));padding-left:var(--wp--style--root--padding-left, var(--wp--custom--gap--horizontal))\">\n<div style=\"height:0px\" aria-hidden=\"true\" class=\"wp-block-spacer\"><\/div>\n\n\n\n<div class=\"wp-block-group alignwide is-layout-constrained wp-block-group-is-layout-constrained\">\n<h3 class=\"wp-block-heading alignfull has-text-align-left\" style=\"font-style:normal;font-weight:100\"><strong>Condiciones<\/strong><\/h3>\n<\/div>\n\n\n\n<div class=\"wp-block-columns alignwide is-layout-flex wp-container-core-columns-is-layout-1a7dd963 wp-block-columns-is-layout-flex\">\n<div class=\"wp-block-column is-layout-flow wp-block-column-is-layout-flow\">\n<p class=\"is-service-description\">Aceptamos reservas <strong>a partir de 20 personas<\/strong> hasta 100 personas.<\/p>\n\n\n\n<p class=\"is-service-description\">Los men\u00fas y los postres pueden ser m\u00e1s elaborados si se dispone de m\u00e1s presupuesto, con m\u00e1s referencias gastron\u00f3micas.<\/p>\n\n\n\n<p class=\"is-service-description\"><strong>Precios de las bebidas <\/strong>fuera del men\u00fa<br>Blandos: 2,5<br>Cerveza: 3,50<br>Vino ecol\u00f3gico: 4<br>Chupitos: 4<br>Cubatas: 8<\/p>\n\n\n\n<p class=\"is-service-description\">Est\u00e1 prohibido llevar comida o bebida.<\/p>\n\n\n\n<p class=\"is-service-description\"><\/p>\n<\/div>\n\n\n\n<div class=\"wp-block-column is-layout-flow wp-block-column-is-layout-flow\">\n<p class=\"is-service-description\"><strong>Horario :<\/strong><br>Decoraci\u00f3n a partir de las 19.30 h.<br>Grupos de 30 personas hasta la 1 de la madrugada.<br>Grupos de 20 personas hasta medianoche.<\/p>\n\n\n\n<p class=\"is-service-description\"><strong>Karaoke disponible<\/strong> a petici\u00f3n (coste adicional: 150 euros).<br>Decoraci\u00f3n sin confeti (prohibida)<\/p>\n\n\n\n<p class=\"is-service-description\">Puedes traer tu propio DJ o controlar la m\u00fasica con Spotify. Tambi\u00e9n podemos proporcionar un DJ con un coste adicional de 300 \u20ac.<\/p>\n\n\n\n<p class=\"is-service-description\"><strong>Difusi\u00f3n de v\u00eddeo<\/strong> posible<br>(Proyector de v\u00eddeo, pantalla LED, etc.)<\/p>\n\n\n\n<p class=\"has-text-align-left is-service-description\"><\/p>\n\n\n\n<p class=\"is-service-description\"><\/p>\n<\/div>\n\n\n\n<div class=\"wp-block-column is-layout-flow wp-block-column-is-layout-flow\">\n<p class=\"is-service-description\">El uso de la terraza finaliza a las 23.00 horas.<\/p>\n\n\n\n<p class=\"is-service-description\">La m\u00fasica puede seguir dentro hasta la 1 de la madrugada (viernes y s\u00e1bado) y hasta medianoche los dem\u00e1s d\u00edas (se puede salir a fumar por el lado del aparcamiento).<\/p>\n\n\n\n<p class=\"is-service-description\">Hay 3 aparcamientos junto a las instalaciones (elija los de enfrente que NO cierran por la noche y avise a sus hu\u00e9spedes).<\/p>\n\n\n\n<p class=\"is-service-description\">Los men\u00fas deben pagarse antes o a la llegada. <\/p>\n\n\n\n<p class=\"is-service-description\"><\/p>\n<\/div>\n<\/div>\n\n\n\n<div style=\"height:calc( 0.25 * var(--wp--style--root--padding-right, var(--wp--custom--gap--horizontal)))\" aria-hidden=\"true\" class=\"wp-block-spacer\"><\/div>\n<\/div>\n\n\n\n<div class=\"wp-block-buttons is-layout-flex wp-block-buttons-is-layout-flex\">\n<div class=\"wp-block-button\"><a class=\"wp-block-button__link wp-element-button\" href=\"https:\/\/web.whatsapp.com\/send?phone=34693586456&amp;text=Bonjour%20Poc%20a%20Pots!\" target=\"_blank\" rel=\"noreferrer noopener\">Cont\u00e1ctenos<\/a><\/div>\n<\/div>\n\n\n\n<p><\/p>","protected":false},"excerpt":{"rendered":"<p>Vous souhaitez organiser un \u00e9v\u00e9nement, rien de plus simple ! 1 boisson inclue (jus, vins, cava, bi\u00e8re, vermouth) Menu buffet 25\u20ac\/personne Menu assis 25\u20ac\/pers jusqu&rsquo;\u00e0 35 personnes maximum en salle Entr\u00e9es Mini Quiche Lorraine (bacon) ou Mini Quiche \u00c9pinards et Ch\u00e8vre Mini salade de lentilles ou de quinoa ou houmous Mini feuillet\u00e9 saucisse et emmental [&#8230;]\n","protected":false},"author":39,"featured_media":0,"parent":0,"menu_order":0,"comment_status":"closed","ping_status":"closed","template":"","meta":{"rank_math_title":"Nos services \u2014 Catering \u00e9v\u00e9nementiel, entreprises & yachts \u00e0 Barcelone","rank_math_description":"De vos s\u00e9minaires \u00e0 vos \u00e9v\u00e9nements priv\u00e9s : buffets, cocktails, chef \u00e0 domicile, catering yacht. Poc a Pots organise votre \u00e9v\u00e9nement \u00e0 Barcelone, cl\u00e9 en main.","rank_math_focus_keyword":"catering \u00e9v\u00e9nementiel barcelone","rank_math_robots":null,"rank_math_canonical_url":"","rank_math_facebook_title":"","rank_math_facebook_description":"","_joinchat":[],"footnotes":""},"class_list":["post-6710","page","type-page","status-publish","hentry"],"_links":{"self":[{"href":"https:\/\/www.pocapots.es\/es\/wp-json\/wp\/v2\/pages\/6710","targetHints":{"allow":["GET"]}}],"collection":[{"href":"https:\/\/www.pocapots.es\/es\/wp-json\/wp\/v2\/pages"}],"about":[{"href":"https:\/\/www.pocapots.es\/es\/wp-json\/wp\/v2\/types\/page"}],"author":[{"embeddable":true,"href":"https:\/\/www.pocapots.es\/es\/wp-json\/wp\/v2\/users\/39"}],"replies":[{"embeddable":true,"href":"https:\/\/www.pocapots.es\/es\/wp-json\/wp\/v2\/comments?post=6710"}],"version-history":[{"count":11,"href":"https:\/\/www.pocapots.es\/es\/wp-json\/wp\/v2\/pages\/6710\/revisions"}],"predecessor-version":[{"id":6879,"href":"https:\/\/www.pocapots.es\/es\/wp-json\/wp\/v2\/pages\/6710\/revisions\/6879"}],"wp:attachment":[{"href":"https:\/\/www.pocapots.es\/es\/wp-json\/wp\/v2\/media?parent=6710"}],"curies":[{"name":"wp","href":"https:\/\/api.w.org\/{rel}","templated":true}]}}