{"id":6211,"date":"2024-09-20T12:23:10","date_gmt":"2024-09-20T10:23:10","guid":{"rendered":"https:\/\/www.pocapots.es\/?page_id=6211"},"modified":"2026-04-20T22:20:39","modified_gmt":"2026-04-20T20:20:39","slug":"nuestras-ofertas-diarias-para-espacios-de-coworking-en-barcelona","status":"publish","type":"page","link":"https:\/\/www.pocapots.es\/es\/nos-plats-du-jour-pour-les-espaces-de-coworking-a-barcelone\/","title":{"rendered":"Nuestros Platos del D\u00eda para Espacios de Coworking en Barcelona"},"content":{"rendered":"<h2 class=\"wp-block-heading\">Descubra nuestras delicias diarias: \u00a1el toque franc\u00e9s en el coraz\u00f3n de su espacio de coworking en Barcelona!<\/h2>\n\n\n\n<p>Usted trabaja duro para alcanzar sus metas profesionales, y nosotros trabajamos igual de duro para ofrecerle sabrosas comidas que deleitar\u00e1n su paladar. Sum\u00e9rjase en nuestra cocina internacional con un toque franc\u00e9s con nuestros platos especiales caseros del d\u00eda.<\/p>\n\n\n\n<h3 class=\"wp-block-heading\">Una experiencia culinaria aut\u00e9ntica, sana y local<\/h3>\n\n\n\n<p>Nuestros platos del d\u00eda se elaboran principalmente con ingredientes ecol\u00f3gicos y locales, lo que garantiza la frescura, el sabor y el respeto por el medio ambiente. Cada d\u00eda le espera una nueva experiencia gustativa, inspirada en las estaciones y en los magn\u00edficos productos de nuestra regi\u00f3n.<\/p>\n\n\n\n<ul class=\"wp-block-list\">\n<li>\u00bfEst\u00e1 harto de comidas r\u00e1pidas e industriales?<\/li>\n\n\n\n<li>\u00bfBusca una dieta sana y equilibrada?<\/li>\n\n\n\n<li>\u00bfLe gusta la aut\u00e9ntica cocina francesa?<\/li>\n\n\n\n<li>\u00bfQuiere apoyar a las empresas locales y a los agricultores ecol\u00f3gicos?<\/li>\n\n\n\n<li>\u00bfTrabajas en un espacio de coworking en Barcelona y quieres darte un capricho sin moverte de tu mesa?<\/li>\n<\/ul>\n\n\n\n<h3 class=\"wp-block-heading\">\u00bfPor qu\u00e9 elegir nuestro servicio?<\/h3>\n\n\n\n<p>No somos un servicio de catering m\u00e1s, somos su socio para una comida sana y sabrosa. Con nosotros, puede estar seguro de :<\/p>\n\n\n\n<ul class=\"wp-block-list\">\n<li><strong>Comer comida casera<\/strong>sin comprometer la calidad.<\/li>\n\n\n\n<li><strong>Disfrute de ingredientes ecol\u00f3gicos y locales<\/strong>respetuoso con tu salud y con nuestro planeta.<\/li>\n\n\n\n<li><strong>E incluso comer platos por encargo<\/strong> (para m\u00e1s de 12 personas)<\/li>\n<\/ul>\n\n\n\n<h3 class=\"wp-block-heading\">Recomendado por nuestros clientes satisfechos<\/h3>\n\n\n\n<figure class=\"wp-block-image size-medium is-resized\"><img decoding=\"async\" width=\"300\" height=\"244\" data-src=\"https:\/\/www.pocapots.es\/wp-content\/uploads\/2024\/09\/image-300x244.png\" alt=\"\" class=\"wp-image-6213 lazyload\" style=\"--smush-placeholder-width: 300px; --smush-placeholder-aspect-ratio: 300\/244;aspect-ratio:1;object-fit:contain;width:150px\" data-srcset=\"https:\/\/www.pocapots.es\/wp-content\/uploads\/2024\/09\/image-300x244.png 300w, https:\/\/www.pocapots.es\/wp-content\/uploads\/2024\/09\/image-768x626.png 768w, https:\/\/www.pocapots.es\/wp-content\/uploads\/2024\/09\/image-15x12.png 15w, https:\/\/www.pocapots.es\/wp-content\/uploads\/2024\/09\/image-600x489.png 600w, https:\/\/www.pocapots.es\/wp-content\/uploads\/2024\/09\/image.png 1024w\" data-sizes=\"(max-width: 300px) 100vw, 300px\" src=\"data:image\/svg+xml;base64,PHN2ZyB3aWR0aD0iMSIgaGVpZ2h0PSIxIiB4bWxucz0iaHR0cDovL3d3dy53My5vcmcvMjAwMC9zdmciPjwvc3ZnPg==\" \/><\/figure>\n\n\n\n<p>Desde hace 7 a\u00f1os, ponemos todo nuestro saber hacer al servicio de la comunidad local y de los expatriados franceses. Nuestras especialidades diarias son la quintaesencia de nuestra experiencia y nuestra pasi\u00f3n por la cocina francesa.<\/p>\n\n\n\n<p>Cada d\u00eda, nuestros platos deleitan el paladar de nuestros fieles clientes en nuestro restaurante en el coraz\u00f3n de Barcelona. D\u00e9jese tentar por una cocina que combina tradici\u00f3n, sabor y salud.<\/p>\n\n\n\n<p>Nuestros clientes nos adoran, y eso se refleja en nuestras excelentes rese\u00f1as en Google. <strong>Con una puntuaci\u00f3n de 4,9\/5<\/strong>Nuestro compromiso de ofrecerle lo mejor es reconocido por todos los que han probado nuestras especialidades.<\/p>\n\n\n\n<blockquote class=\"wp-block-quote has-medium-font-size is-layout-flow wp-block-quote-is-layout-flow\">\n<p class=\"has-small-font-size\"><strong>Los platos son deliciosos y variados, una aut\u00e9ntica delicia cada d\u00eda. Se nota el amor por la cocina de calidad. Gracias\". - Marie L.<\/strong><\/p>\n<\/blockquote>\n\n\n\n<h3 class=\"wp-block-heading\">Entrega r\u00e1pida al d\u00eda siguiente o en el mismo d\u00eda para pedidos realizados antes de las 12:00 horas<\/h3>\n\n\n\n<p>Sabemos que tu tiempo es oro. Por eso nos comprometemos a entregar tus comidas directamente en tu espacio de coworking, de forma gratuita para pedidos superiores a 60 \u20ac.<\/p>\n\n\n\n<h3 class=\"wp-block-heading\">Cantidades limitadas<\/h3>\n\n\n\n<p>Nuestras especialidades diarias est\u00e1n disponibles en cantidades limitadas para garantizar una frescura \u00f3ptima. \u00a1No se demore en hacer su pedido!<\/p>\n\n\n\n<div class=\"wp-block-buttons is-layout-flex wp-block-buttons-is-layout-flex\">\n<div class=\"wp-block-button\"><a class=\"wp-block-button__link wp-element-button\">Haz tu pedido<\/a><\/div>\n<\/div>","protected":false},"excerpt":{"rendered":"<p>D\u00e9couvrez nos d\u00e9lices quotidiens : la touche fran\u00e7aise au c\u0153ur de votre espace de coworking \u00e0 Barcelone ! Vous travaillez dur pour atteindre vos objectifs professionnels, et nous travaillons tout aussi dur pour vous offrir des repas savoureux qui raviront vos papilles. Plongez dans notre cuisine internationale avec une \u00ab\u00a0French touch\u00a0\u00bb avec nos plats du [&#8230;]\n","protected":false},"author":39,"featured_media":0,"parent":0,"menu_order":0,"comment_status":"closed","ping_status":"closed","template":"","meta":{"rank_math_title":"Plats du jour pour espaces de coworking \u00e0 Barcelone \u2014 Poc a Pots","rank_math_description":"Abonnement plats du jour pour vos espaces de coworking \u00e0 Barcelone : cuisine fran\u00e7aise fra\u00eeche, livraison quotidienne, formules mensuelles.","rank_math_focus_keyword":"plats du jour coworking barcelone","rank_math_robots":null,"rank_math_canonical_url":"","rank_math_facebook_title":"","rank_math_facebook_description":"","_joinchat":[],"footnotes":""},"class_list":["post-6211","page","type-page","status-publish","hentry"],"_links":{"self":[{"href":"https:\/\/www.pocapots.es\/es\/wp-json\/wp\/v2\/pages\/6211","targetHints":{"allow":["GET"]}}],"collection":[{"href":"https:\/\/www.pocapots.es\/es\/wp-json\/wp\/v2\/pages"}],"about":[{"href":"https:\/\/www.pocapots.es\/es\/wp-json\/wp\/v2\/types\/page"}],"author":[{"embeddable":true,"href":"https:\/\/www.pocapots.es\/es\/wp-json\/wp\/v2\/users\/39"}],"replies":[{"embeddable":true,"href":"https:\/\/www.pocapots.es\/es\/wp-json\/wp\/v2\/comments?post=6211"}],"version-history":[{"count":2,"href":"https:\/\/www.pocapots.es\/es\/wp-json\/wp\/v2\/pages\/6211\/revisions"}],"predecessor-version":[{"id":6214,"href":"https:\/\/www.pocapots.es\/es\/wp-json\/wp\/v2\/pages\/6211\/revisions\/6214"}],"wp:attachment":[{"href":"https:\/\/www.pocapots.es\/es\/wp-json\/wp\/v2\/media?parent=6211"}],"curies":[{"name":"wp","href":"https:\/\/api.w.org\/{rel}","templated":true}]}}