{"id":418,"date":"2021-05-19T19:09:09","date_gmt":"2021-05-19T17:09:09","guid":{"rendered":"https:\/\/pocapots.tiviti.es\/?page_id=418"},"modified":"2026-04-20T23:02:59","modified_gmt":"2026-04-20T21:02:59","slug":"notas-legales","status":"publish","type":"page","link":"https:\/\/www.pocapots.es\/es\/mentions-legales\/","title":{"rendered":"Notas legales"},"content":{"rendered":"<h2 class=\"wp-block-heading\"><strong>ART\u00cdCULO 1 \u2013 INFORMACI\u00d3N LEGAL<\/strong><\/h2>\n\n\n\n<p>En el art\u00edculo 10 de la Ley de Servicios de la Sociedad de la Informaci\u00f3n y de Comercio Electr\u00f3nico se especifica la identidad de las distintas partes que intervienen en su ejecuci\u00f3n y seguimiento.<\/p>\n\n\n\n<h3 class=\"wp-block-heading\"><strong>TIENE.<\/strong>\u00a0editor del sitio<\/h3>\n\n\n\n<p>El sitio est\u00e1 editado por Virginie Rocher, profesional (aut\u00f3noma) domiciliada en la siguiente direcci\u00f3n: Calle Salva, 23 08004 Barcelona y con NIF Y1388652H.<\/p>\n\n\n\n<p>Tel\u00e9fono : <a href=\"https:\/\/www.google.com\/search?q=poc+a+pots+&amp;safe=active&amp;sxsrf=ALeKk02fyK5JWjQ5jnygsXcpL8abqoO9Dg%3A1621443852618&amp;ei=DEWlYLSBJZTaUqbEvuAC&amp;oq=poc+a+pots+&amp;gs_lcp=Cgdnd3Mtd2l6EAMyBAgjECcyBAgjECcyBggAEBYQHjoHCCMQsAMQJzoHCAAQRxCwA1DqLljnL2CgMWgCcAJ4AIABcIgBnAKSAQMxLjKYAQCgAQGqAQdnd3Mtd2l6yAEDwAEB&amp;sclient=gws-wiz&amp;ved=0ahUKEwi0t-6GndbwAhUUrRQKHSaiDywQ4dUDCA4&amp;uact=5#\" data-dtype=\"d3ifr\" data-local-attribute=\"d3ph\" data-ved=\"2ahUKEwi88N3zntbwAhUD8eAKHabQBCAQkAgoADAcegQIIBAD\" target=\"_blank\" rel=\"noopener\">+34 693 58 64 56<\/a> (Whastapp, Tel\u00e9fono)<\/p>\n\n\n\n<p>Direcci\u00f3n de correo electr\u00f3nico: pocapots@gmail.com<\/p>\n\n\n\n<p><em>en adelante \u201cel Editor\u201d<\/em><\/p>\n\n\n\n<h3 class=\"wp-block-heading\"><strong>b.<\/strong>\u00a0director de publicaciones<\/h3>\n\n\n\n<p>La directora de la publicaci\u00f3n es Virginie Rocher.&nbsp;<\/p>\n\n\n\n<h3 class=\"wp-block-heading\"><strong>vs.<\/strong>\u00a0Anfitri\u00f3n del sitio<\/h3>\n\n\n\n<p>El sitio est\u00e1 alojado en OVH \u2013 2 rue Kellermann \u2013 59100 Roubaix \u2013 Francia.&nbsp; &nbsp; &nbsp; &nbsp; &nbsp; &nbsp; &nbsp; &nbsp; &nbsp; &nbsp; &nbsp;&nbsp;<\/p>\n\n\n\n<h3 class=\"wp-block-heading\"><strong>D.<\/strong>&nbsp;Usuarios<\/h3>\n\n\n\n<p>Se consideran usuarios todos los usuarios de Internet que navegan, leen, visualizan y utilizan el sitio.<\/p>\n\n\n\n<h2 class=\"wp-block-heading\"><strong>ART\u00cdCULO 2 \u2013 ACCESIBILIDAD<\/strong><\/h2>\n\n\n\n<p>El Sitio es, en principio, accesible a los Usuarios las 24 horas del d\u00eda, los 7 d\u00edas de la semana, salvo interrupciones, programadas o no, por necesidades de mantenimiento o en caso de fuerza mayor.<\/p>\n\n\n\n<p>Si el acceso al Sitio es imposible, el Sitio se compromete a hacer todo lo posible para restablecer el acceso. El Sitio no se hace responsable de ning\u00fan da\u00f1o, cualquiera que sea su naturaleza, resultante de su indisponibilidad.<\/p>\n\n\n\n<h2 class=\"wp-block-heading\"><strong>ART\u00cdCULO 3 \u2013 LEY APLICABLE Y JURISDICCI\u00d3N<\/strong><\/h2>\n\n\n\n<p>Estos Avisos Legales se rigen por la ley francesa. En caso de litigio y a falta de acuerdo amistoso, el litigio se someter\u00e1 a los tribunales franceses de conformidad con las normas de competencia vigentes.<\/p>\n\n\n\n<h2 class=\"wp-block-heading\"><strong>ART\u00cdCULO 4 \u2013 CONTACTO<\/strong><\/h2>\n\n\n\n<p>Pour tout signalement de contenus ou d&#039;activit\u00e9s illicites, l&#039;Utilisateur peut contacter l&#039;\u00c9diteur \u00e0 l&#039;adresse suivante : pocapots@gmail.com, ou par courrier recommand\u00e9 avec accus\u00e9 de r\u00e9ception adress\u00e9 \u00e0 l&#039;\u00c9diteur aux coordonn\u00e9es pr\u00e9cis\u00e9es dans les pr\u00e9sentes notas legales.<\/p>\n\n\n\n<p><em>\u00a1El sitio le desea una excelente navegaci\u00f3n!<\/em><\/p>","protected":false},"excerpt":{"rendered":"<p>ARTICLE 1 \u2013 INFORMATIONS L\u00c9GALES En vertu de l\u2019Article10 de la Loi sur les services de la soci\u00e9t\u00e9 de l\u2019information et le commerce \u00e9lectronique il est pr\u00e9cis\u00e9 l\u2019identit\u00e9 des diff\u00e9rents intervenants dans le cadre de sa r\u00e9alisation et de son suivi. A.\u00a0\u00c9diteur du site Le site est \u00e9dit\u00e9 par Virginie Rocher, professionnelle (aut\u00f3nomo) domicili\u00e9 \u00e0 [&#8230;]\n","protected":false},"author":1,"featured_media":0,"parent":0,"menu_order":0,"comment_status":"closed","ping_status":"closed","template":"","meta":{"rank_math_title":"","rank_math_description":"","rank_math_focus_keyword":"","rank_math_robots":"[\"noindex\",\"nofollow\"]","rank_math_canonical_url":"","rank_math_facebook_title":"","rank_math_facebook_description":"","_joinchat":[],"footnotes":""},"class_list":["post-418","page","type-page","status-publish","hentry"],"_links":{"self":[{"href":"https:\/\/www.pocapots.es\/es\/wp-json\/wp\/v2\/pages\/418","targetHints":{"allow":["GET"]}}],"collection":[{"href":"https:\/\/www.pocapots.es\/es\/wp-json\/wp\/v2\/pages"}],"about":[{"href":"https:\/\/www.pocapots.es\/es\/wp-json\/wp\/v2\/types\/page"}],"author":[{"embeddable":true,"href":"https:\/\/www.pocapots.es\/es\/wp-json\/wp\/v2\/users\/1"}],"replies":[{"embeddable":true,"href":"https:\/\/www.pocapots.es\/es\/wp-json\/wp\/v2\/comments?post=418"}],"version-history":[{"count":1,"href":"https:\/\/www.pocapots.es\/es\/wp-json\/wp\/v2\/pages\/418\/revisions"}],"predecessor-version":[{"id":6975,"href":"https:\/\/www.pocapots.es\/es\/wp-json\/wp\/v2\/pages\/418\/revisions\/6975"}],"wp:attachment":[{"href":"https:\/\/www.pocapots.es\/es\/wp-json\/wp\/v2\/media?parent=418"}],"curies":[{"name":"wp","href":"https:\/\/api.w.org\/{rel}","templated":true}]}}