{"id":412,"date":"2021-05-19T18:56:52","date_gmt":"2021-05-19T16:56:52","guid":{"rendered":"https:\/\/pocapots.tiviti.es\/?page_id=412"},"modified":"2026-04-20T23:03:03","modified_gmt":"2026-04-20T21:03:03","slug":"politica-de-confidencialidad","status":"publish","type":"page","link":"https:\/\/www.pocapots.es\/es\/politique-de-confidentialite\/","title":{"rendered":"pol\u00edtica de confidencialidad"},"content":{"rendered":"<p>La siguiente declaraci\u00f3n describe la pol\u00edtica de privacidad de Poc a Pots. Esta pol\u00edtica se basa en su objetivo fundamental de proporcionar a sus visitantes informaci\u00f3n y recursos de calidad preservando el anonimato y la privacidad individual. Por favor dirija cualquier comentario que pueda tener sobre esta pol\u00edtica a support@pocapots.es<\/p>\n\n\n\n<h2 class=\"wp-block-heading\"><b>1. DISPOSICIONES GENERALES<\/b><\/h2>\n\n\n\n<p>Esta pol\u00edtica de privacidad describe c\u00f3mo Poc a Pots, cuya oficina central se encuentra en <strong>Carrer de Salv\u00e0, 23, 08004 Barcelona, Espa\u00f1a<\/strong> en su calidad de responsable del tratamiento. Poc a Pots se esfuerza por garantizar un alto nivel de protecci\u00f3n de sus datos personales, de conformidad con las leyes europeas GDPR relacionadas con la protecci\u00f3n de las personas y con respecto al procesamiento de datos personales y la libre circulaci\u00f3n de estos datos.<\/p>\n\n\n\n<p>Virginie Rocher es una profesional (en adelante \u201cElla\u201d) que presta servicios a empresas y particulares bajo el nombre comercial Poc a Pots.<\/p>\n\n\n\n<p>Es su responsabilidad revisar y comprender esta pol\u00edtica de privacidad antes de proporcionar sus datos personales. Si no est\u00e1 de acuerdo con la Pol\u00edtica de Privacidad, por favor no proporcione sus datos personales, no acceda a sus sitios web y\/o utilice sus productos y servicios.<\/p>\n\n\n\n<p>Poc a Pots podr\u00e1 modificar estos estatutos en cualquier momento. Estas modificaciones entrar\u00e1n en vigor tan pronto como sean publicadas en el sitio. Por ello, Poc a Pots le invita a consultar este documento con frecuencia.<\/p>\n\n\n\n<h2 class=\"wp-block-heading\"><b>2. DATOS RECOPILADOS Y BASE DEL TRATAMIENTO<\/b><\/h2>\n\n\n\n<p>Los datos personales recogidos son los que usted proporciona al completar los campos de conexi\u00f3n.<\/p>\n\n\n\n<p>Recopilamos la siguiente informaci\u00f3n:<\/p>\n\n\n\n<ul class=\"wp-block-list\">\n<li>Su identidad y datos de contacto (por ejemplo, nombre, direcci\u00f3n de correo electr\u00f3nico, direcci\u00f3n postal, n\u00famero de tel\u00e9fono, etc.);<\/li>\n\n\n\n<li>Informaci\u00f3n sociodemogr\u00e1fica (por ejemplo, su edad, profesi\u00f3n, sexo, etc.) mencionada cuando publica una rese\u00f1a o compra un servicio;<\/li>\n\n\n\n<li>Informaci\u00f3n relacionada con sus compras (en l\u00ednea), su seguimiento y facturas de compra (por ejemplo, art\u00edculos elegidos, direcci\u00f3n de entrega y facturaci\u00f3n, cantidades de productos, m\u00e9todo de pago, etc.);<\/li>\n\n\n\n<li>Informaci\u00f3n que se le puede solicitar que comunique a nuestro servicio de atenci\u00f3n al cliente;<\/li>\n\n\n\n<li>Informaci\u00f3n relacionada con el uso del Sitio, en particular su navegaci\u00f3n (por ejemplo, p\u00e1ginas visitadas, enlaces en los que se hizo clic, etc.). Parte de esta informaci\u00f3n puede recopilarse mediante cookies cuando navega por nuestro Sitio.<\/li>\n<\/ul>\n\n\n\n<h2 class=\"wp-block-heading\"><b>3. FINALIDAD DE LA COLECCI\u00d3N<\/b><\/h2>\n\n\n\n<p>Poc a Pots utiliza sus datos personales para responder a solicitudes y solicitudes de informaci\u00f3n sobre los servicios ofrecidos. Para ello, puede ser necesario devolver la llamada al usuario por tel\u00e9fono o comunicarse con el usuario por correo electr\u00f3nico.<\/p>\n\n\n\n<p>La comunicaci\u00f3n de datos personales en este contexto es voluntaria. Si el usuario no facilita estos datos personales no podr\u00e1 beneficiarse de los correspondientes servicios ofrecidos por el sitio web de Poc a Pots, como la comunicaci\u00f3n y descarga de documentos.<\/p>\n\n\n\n<p>Cuando el usuario facilita datos personales en el sitio web, garantiza haber recibido las autorizaciones y consentimientos necesarios de los interesados por dichos datos personales si se refieren a personas distintas a \u00e9l y, en su caso, para los usos descritos en las presentes condiciones generales de usar.<\/p>\n\n\n\n<h2 class=\"wp-block-heading\"><b>4. VIDA \u00daTIL<\/b><\/h2>\n\n\n\n<p>Virginie Rocher \u00fanicamente conserva los datos personales de sus usuarios durante el tiempo necesario para las operaciones para las que fueron recopilados y en cumplimiento de la normativa vigente. As\u00ed, los datos relativos a los clientes se conservan mientras dure la relaci\u00f3n contractual, incrementado en tres (3) a\u00f1os con fines de animaci\u00f3n y prospecci\u00f3n, sin perjuicio de obligaciones de conservaci\u00f3n o plazos de prescripci\u00f3n.<\/p>\n\n\n\n<p>Los datos relativos a prospectos se conservan durante un per\u00edodo de tres (3) a\u00f1os desde el \u00faltimo contacto entrante con la firma.<\/p>\n\n\n\n<h2 class=\"wp-block-heading\"><b>5. SEGURIDAD DE TUS DATOS<\/b><\/h2>\n\n\n\n<p>Poc a Pots se esfuerza por implementar las precauciones necesarias para preservar la confidencialidad y seguridad de los datos personales recopilados y procesados con el fin de evitar su distorsi\u00f3n, da\u00f1o, destrucci\u00f3n o acceso no autorizado por parte de terceros. Ha implementado las correspondientes medidas de seguridad t\u00e9cnicas y organizativas.<br>El acceso a los datos est\u00e1 limitado a nuestros empleados autorizados en el curso de su trabajo o a posibles proveedores de servicios en el curso de la prestaci\u00f3n de un servicio.<\/p>\n\n\n\n<p>Debes tener en cuenta que la seguridad de tu informaci\u00f3n personal tambi\u00e9n depende de ti.<br>No comunique informaci\u00f3n a trav\u00e9s de canales no seguros, por ejemplo, en \u00e1reas p\u00fablicas.<\/p>\n\n\n\n<h2 class=\"wp-block-heading\"><b>6. DERECHOS DEL INTERESADO<\/b>mi<\/h2>\n\n\n\n<p>Cuando Poc a Pots procesa tus datos personales tienes una serie de derechos que se detallan a continuaci\u00f3n. Podr\u00e1s ejercer los derechos de acceso, rectificaci\u00f3n, supresi\u00f3n, oposici\u00f3n, limitaci\u00f3n del tratamiento as\u00ed como la portabilidad de tus datos, en cualquier momento y de forma totalmente gratuita.<br>Para poder ejercitarlos basta con enviar un correo electr\u00f3nico a support@pocapots.es. Este correo electr\u00f3nico deber\u00e1 ir acompa\u00f1ado de una copia de un documento de identidad y deber\u00e1 contener informaci\u00f3n sobre los derechos que desea ejercer. Si su solicitud no est\u00e1 completa, ser\u00e1 imposible procesar su solicitud.<br>Tambi\u00e9n tiene derecho a presentar una reclamaci\u00f3n ante la CNIL u otro organismo europeo autorizado para tramitar estas solicitudes.<\/p>","protected":false},"excerpt":{"rendered":"<p>La d\u00e9claration suivante d\u00e9crit la politique de confidentialit\u00e9 de Poc a Pots. Cette politique est bas\u00e9e sur son objectif fondamental de fournir \u00e0 ses visiteurs des informations et des ressources de qualit\u00e9 tout en pr\u00e9servant l\u2019anonymat individuel et la vie priv\u00e9e. Veuillez faire parvenir tout commentaire que vous pourriez avoir concernant cette politique \u00e0 support@pocapots.es [&#8230;]\n","protected":false},"author":1,"featured_media":0,"parent":0,"menu_order":0,"comment_status":"closed","ping_status":"closed","template":"","meta":{"rank_math_title":"","rank_math_description":"","rank_math_focus_keyword":"","rank_math_robots":"[\"noindex\",\"nofollow\"]","rank_math_canonical_url":"","rank_math_facebook_title":"","rank_math_facebook_description":"","_joinchat":[],"footnotes":""},"class_list":["post-412","page","type-page","status-publish","hentry"],"_links":{"self":[{"href":"https:\/\/www.pocapots.es\/es\/wp-json\/wp\/v2\/pages\/412","targetHints":{"allow":["GET"]}}],"collection":[{"href":"https:\/\/www.pocapots.es\/es\/wp-json\/wp\/v2\/pages"}],"about":[{"href":"https:\/\/www.pocapots.es\/es\/wp-json\/wp\/v2\/types\/page"}],"author":[{"embeddable":true,"href":"https:\/\/www.pocapots.es\/es\/wp-json\/wp\/v2\/users\/1"}],"replies":[{"embeddable":true,"href":"https:\/\/www.pocapots.es\/es\/wp-json\/wp\/v2\/comments?post=412"}],"version-history":[{"count":1,"href":"https:\/\/www.pocapots.es\/es\/wp-json\/wp\/v2\/pages\/412\/revisions"}],"predecessor-version":[{"id":6976,"href":"https:\/\/www.pocapots.es\/es\/wp-json\/wp\/v2\/pages\/412\/revisions\/6976"}],"wp:attachment":[{"href":"https:\/\/www.pocapots.es\/es\/wp-json\/wp\/v2\/media?parent=412"}],"curies":[{"name":"wp","href":"https:\/\/api.w.org\/{rel}","templated":true}]}}