{"id":3584,"date":"2022-05-24T20:24:08","date_gmt":"2022-05-24T18:24:08","guid":{"rendered":"https:\/\/pocapots.tiviti.es\/?page_id=3584"},"modified":"2026-04-20T22:20:35","modified_gmt":"2026-04-20T20:20:35","slug":"poc-a-pots-catering-frances-barcelona","status":"publish","type":"page","link":"https:\/\/www.pocapots.es\/es\/poc-a-pots-catering-francais-barcelone\/","title":{"rendered":"Poc a Pots"},"content":{"rendered":"<section class=\"section\" id=\"section_1119818830\">\n\t\t<div class=\"section-bg fill\" >\n\t\t\t\t\t\t\t\t\t<div class=\"section-bg-overlay absolute fill\"><\/div>\n\t\t\t\n\t<div class=\"is-border\"\n\t\tstyle=\"border-width:1px 0px 1px 0px;\">\n\t<\/div>\n\n\t\t<\/div>\n\n\t\t\n\n\t\t<div class=\"section-content relative\">\n\t\t\t\n\n<div class=\"row row-large align-middle\"  id=\"row-92229354\">\n\n\n\t<div id=\"col-1097074944\" class=\"col medium-6 small-12 large-6\"  >\n\t\t\t\t<div class=\"col-inner\"  >\n\t\t\t\n\t\t\t\n\n\t<div class=\"img has-hover x md-x lg-x y md-y lg-y\" id=\"image_1208209065\">\n\t\t\t\t<div data-parallax-fade=\"true\" data-parallax=\"1\">\t\t\t\t<div class=\"img-inner image-cover dark\" style=\"padding-top:75%;\">\n\t\t\t<img decoding=\"async\" width=\"971\" height=\"1024\" data-src=\"https:\/\/www.pocapots.es\/wp-content\/uploads\/2023\/06\/20210818_110704-971x1024.jpg\" class=\"attachment-large size-large lazyload\" alt=\"\" data-srcset=\"https:\/\/www.pocapots.es\/wp-content\/uploads\/2023\/06\/20210818_110704-971x1024.jpg 971w, https:\/\/www.pocapots.es\/wp-content\/uploads\/2023\/06\/20210818_110704-284x300.jpg 284w, https:\/\/www.pocapots.es\/wp-content\/uploads\/2023\/06\/20210818_110704-768x810.jpg 768w, https:\/\/www.pocapots.es\/wp-content\/uploads\/2023\/06\/20210818_110704-1456x1536.jpg 1456w, https:\/\/www.pocapots.es\/wp-content\/uploads\/2023\/06\/20210818_110704-1942x2048.jpg 1942w, https:\/\/www.pocapots.es\/wp-content\/uploads\/2023\/06\/20210818_110704-11x12.jpg 11w, https:\/\/www.pocapots.es\/wp-content\/uploads\/2023\/06\/20210818_110704-600x633.jpg 600w, https:\/\/www.pocapots.es\/wp-content\/uploads\/2023\/06\/20210818_110704.jpg 2010w\" data-sizes=\"(max-width: 971px) 100vw, 971px\" src=\"data:image\/svg+xml;base64,PHN2ZyB3aWR0aD0iMSIgaGVpZ2h0PSIxIiB4bWxucz0iaHR0cDovL3d3dy53My5vcmcvMjAwMC9zdmciPjwvc3ZnPg==\" style=\"--smush-placeholder-width: 971px; --smush-placeholder-aspect-ratio: 971\/1024;\" \/>\t\t\t\t\t\t\n\t\t\t\t\t<\/div>\n\t\t\t\t<\/div>\t\t\t\t\n<style>\n#image_1208209065 {\n  width: 100%;\n}\n<\/style>\n\t<\/div>\n\t\n\n\n\t\t<\/div>\n\t\t\t\t\t<\/div>\n\n\t\n\n\t<div id=\"col-2064261067\" class=\"col medium-6 small-12 large-6\"  >\n\t\t\t\t<div class=\"col-inner text-left\"  >\n\t\t\t\n\t\t\t\n\n<h2 class=\"uppercase\">VIRGINIE ROCHER<\/h2>\n<div>De origen bret\u00f3n y formada como Arquitecto-Grafista en Par\u00eds, Virginie estudi\u00f3 con Philippe-Marc Jocteur en Lyon y decidi\u00f3 hacer un cambio completo de carrera en Barcelona en 2010.<\/div>\n\n\t\t<\/div>\n\t\t\t\t\t<\/div>\n\n\t\n\n<\/div>\n\n\t\t<\/div>\n\n\t\t\n<style>\n#section_1119818830 {\n  padding-top: 20px;\n  padding-bottom: 20px;\n  background-color: rgb(193, 193, 193);\n}\n#section_1119818830 .section-bg-overlay {\n  background-color: rgba(255, 255, 255, 0.85);\n}\n<\/style>\n\t<\/section>\n\t\n\n\t<section class=\"section\" id=\"section_1970945871\">\n\t\t<div class=\"section-bg fill\" >\n\t\t\t\t\t\t\t\t\t<div class=\"section-bg-overlay absolute fill\"><\/div>\n\t\t\t\n\n\t\t<\/div>\n\n\t\t\n\n\t\t<div class=\"section-content relative\">\n\t\t\t\n\n<div class=\"row row-large align-middle\"  id=\"row-1478045176\">\n\n\n\t<div id=\"col-853114859\" class=\"col medium-6 small-12 large-6\"  >\n\t\t\t\t<div class=\"col-inner text-left\"  >\n\t\t\t\n\t\t\t\n\n<h2 class=\"uppercase\">COCINA DE TEMPORADA<\/h2>\n<p>La cocina del Chef se caracteriza por la sencillez que hace que un producto crudo sea excepcional en el plato. El respeto de la estacionalidad y del origen de los productos son dos criterios esenciales para Virginie.<\/p>\n\n\t\t<\/div>\n\t\t\t\t\t<\/div>\n\n\t\n\n\t<div id=\"col-1575593242\" class=\"col medium-6 small-12 large-6\"  >\n\t\t\t\t<div class=\"col-inner\"  >\n\t\t\t\n\t\t\t\n\n\t<div class=\"img has-hover x md-x lg-x y md-y lg-y\" id=\"image_1204422294\">\n\t\t\t\t<div data-parallax-fade=\"true\" data-parallax=\"1\">\t\t\t\t<div class=\"img-inner image-cover dark\" style=\"padding-top:75%;\">\n\t\t\t<img decoding=\"async\" width=\"904\" height=\"1024\" data-src=\"https:\/\/www.pocapots.es\/wp-content\/uploads\/2023\/05\/Screenshot_20210926-092232_Instagram-e1688051111603-904x1024.jpg\" class=\"attachment-large size-large lazyload\" alt=\"\" data-srcset=\"https:\/\/www.pocapots.es\/wp-content\/uploads\/2023\/05\/Screenshot_20210926-092232_Instagram-e1688051111603-904x1024.jpg 904w, https:\/\/www.pocapots.es\/wp-content\/uploads\/2023\/05\/Screenshot_20210926-092232_Instagram-e1688051111603-265x300.jpg 265w, https:\/\/www.pocapots.es\/wp-content\/uploads\/2023\/05\/Screenshot_20210926-092232_Instagram-e1688051111603-768x870.jpg 768w, https:\/\/www.pocapots.es\/wp-content\/uploads\/2023\/05\/Screenshot_20210926-092232_Instagram-e1688051111603-600x680.jpg 600w, https:\/\/www.pocapots.es\/wp-content\/uploads\/2023\/05\/Screenshot_20210926-092232_Instagram-e1688051111603-11x12.jpg 11w, https:\/\/www.pocapots.es\/wp-content\/uploads\/2023\/05\/Screenshot_20210926-092232_Instagram-e1688051111603.jpg 1080w\" data-sizes=\"(max-width: 904px) 100vw, 904px\" src=\"data:image\/svg+xml;base64,PHN2ZyB3aWR0aD0iMSIgaGVpZ2h0PSIxIiB4bWxucz0iaHR0cDovL3d3dy53My5vcmcvMjAwMC9zdmciPjwvc3ZnPg==\" style=\"--smush-placeholder-width: 904px; --smush-placeholder-aspect-ratio: 904\/1024;\" \/>\t\t\t\t\t\t\n\t\t\t\t\t<\/div>\n\t\t\t\t<\/div>\t\t\t\t\n<style>\n#image_1204422294 {\n  width: 100%;\n}\n<\/style>\n\t<\/div>\n\t\n\n\n\t\t<\/div>\n\t\t\t\t\t<\/div>\n\n\t\n\n<\/div>\n\n\t\t<\/div>\n\n\t\t\n<style>\n#section_1970945871 {\n  padding-top: 20px;\n  padding-bottom: 20px;\n  background-color: rgb(255, 255, 255);\n}\n#section_1970945871 .section-bg-overlay {\n  background-color: rgba(255, 255, 255, 0.85);\n}\n<\/style>\n\t<\/section>\n\t\n\n\t<section class=\"section\" id=\"section_1114910941\">\n\t\t<div class=\"section-bg fill\" >\n\t\t\t\t\t\t\t\t\t<div class=\"section-bg-overlay absolute fill\"><\/div>\n\t\t\t\n\t<div class=\"is-border\"\n\t\tstyle=\"border-width:1px 0px 1px 0px;\">\n\t<\/div>\n\n\t\t<\/div>\n\n\t\t\n\n\t\t<div class=\"section-content relative\">\n\t\t\t\n\n<div class=\"row row-large align-middle\"  id=\"row-1746131929\">\n\n\n\t<div id=\"col-2029369230\" class=\"col medium-6 small-12 large-6\"  >\n\t\t\t\t<div class=\"col-inner\"  >\n\t\t\t\n\t\t\t\n\n\t<div class=\"img has-hover x md-x lg-x y md-y lg-y\" id=\"image_11828851\">\n\t\t\t\t<div data-parallax-fade=\"true\" data-parallax=\"1\">\t\t\t\t<div class=\"img-inner image-cover dark\" style=\"padding-top:75%;\">\n\t\t\t<img decoding=\"async\" width=\"1020\" height=\"678\" data-src=\"https:\/\/www.pocapots.es\/wp-content\/uploads\/2023\/05\/IMG-20220426-WA0130-1024x681.jpg\" class=\"attachment-large size-large lazyload\" alt=\"\" data-srcset=\"https:\/\/www.pocapots.es\/wp-content\/uploads\/2023\/05\/IMG-20220426-WA0130-1024x681.jpg 1024w, https:\/\/www.pocapots.es\/wp-content\/uploads\/2023\/05\/IMG-20220426-WA0130-300x200.jpg 300w, https:\/\/www.pocapots.es\/wp-content\/uploads\/2023\/05\/IMG-20220426-WA0130-768x511.jpg 768w, https:\/\/www.pocapots.es\/wp-content\/uploads\/2023\/05\/IMG-20220426-WA0130-1536x1022.jpg 1536w, https:\/\/www.pocapots.es\/wp-content\/uploads\/2023\/05\/IMG-20220426-WA0130-600x399.jpg 600w, https:\/\/www.pocapots.es\/wp-content\/uploads\/2023\/05\/IMG-20220426-WA0130.jpg 2048w\" data-sizes=\"(max-width: 1020px) 100vw, 1020px\" src=\"data:image\/svg+xml;base64,PHN2ZyB3aWR0aD0iMSIgaGVpZ2h0PSIxIiB4bWxucz0iaHR0cDovL3d3dy53My5vcmcvMjAwMC9zdmciPjwvc3ZnPg==\" style=\"--smush-placeholder-width: 1020px; --smush-placeholder-aspect-ratio: 1020\/678;\" \/>\t\t\t\t\t\t\n\t\t\t\t\t<\/div>\n\t\t\t\t<\/div>\t\t\t\t\n<style>\n#image_11828851 {\n  width: 100%;\n}\n<\/style>\n\t<\/div>\n\t\n\n\n\t\t<\/div>\n\t\t\t\t\t<\/div>\n\n\t\n\n\t<div id=\"col-862018772\" class=\"col medium-6 small-12 large-6\"  >\n\t\t\t\t<div class=\"col-inner text-left\"  >\n\t\t\t\n\t\t\t\n\n<h2 class=\"uppercase\">POC A OLLAS<\/h2>\n<div>En 2017 cre\u00f3 Poc a Pots para satisfacer una demanda de buffets y platos caseros, con productos de calidad (m\u00e1ximo ecol\u00f3gico) respetando sus valores ecol\u00f3gicos y con un toque franc\u00e9s, o incluso de apertura internacional.<\/div>\n\n\t\t<\/div>\n\t\t\t\t\t<\/div>\n\n\t\n\n<\/div>\n\n\t\t<\/div>\n\n\t\t\n<style>\n#section_1114910941 {\n  padding-top: 20px;\n  padding-bottom: 20px;\n  background-color: rgb(193, 193, 193);\n}\n#section_1114910941 .section-bg-overlay {\n  background-color: rgba(255, 255, 255, 0.85);\n}\n<\/style>\n\t<\/section>\n\t\n\n\t<section class=\"section\" id=\"section_775458947\">\n\t\t<div class=\"section-bg fill\" >\n\t\t\t\t\t\t\t\t\t<div class=\"section-bg-overlay absolute fill\"><\/div>\n\t\t\t\n\n\t\t<\/div>\n\n\t\t\n\n\t\t<div class=\"section-content relative\">\n\t\t\t\n\n<div class=\"row row-large align-middle\"  id=\"row-1940402849\">\n\n\n\t<div id=\"col-862502376\" class=\"col medium-6 small-12 large-6\"  >\n\t\t\t\t<div class=\"col-inner text-left\"  >\n\t\t\t\n\t\t\t\n\n<h2 class=\"uppercase\">\u00bfPOR QU\u00c9 POC A POTS?<\/h2>\n<div>Es un juego de palabras en catal\u00e1n que explica que \"poco a poco\" (\"poc a poc\") aprendemos a consumir de forma m\u00e1s ecol\u00f3gica, en \"pots\".<\/div>\n\n\t\t<\/div>\n\t\t\t\t\t<\/div>\n\n\t\n\n\t<div id=\"col-954878317\" class=\"col medium-6 small-12 large-6\"  >\n\t\t\t\t<div class=\"col-inner\"  >\n\t\t\t\n\t\t\t\n\n\t<div class=\"img has-hover x md-x lg-x y md-y lg-y\" id=\"image_2069797968\">\n\t\t\t\t<div data-parallax-fade=\"true\" data-parallax=\"1\">\t\t\t\t<div class=\"img-inner image-cover dark\" style=\"padding-top:75%;\">\n\t\t\t<img decoding=\"async\" width=\"800\" height=\"800\" data-src=\"https:\/\/www.pocapots.es\/wp-content\/uploads\/2021\/06\/soupe.jpg\" class=\"attachment-large size-large lazyload\" alt=\"\" data-srcset=\"https:\/\/www.pocapots.es\/wp-content\/uploads\/2021\/06\/soupe.jpg 800w, https:\/\/www.pocapots.es\/wp-content\/uploads\/2021\/06\/soupe-300x300.jpg 300w, https:\/\/www.pocapots.es\/wp-content\/uploads\/2021\/06\/soupe-150x150.jpg 150w, https:\/\/www.pocapots.es\/wp-content\/uploads\/2021\/06\/soupe-768x768.jpg 768w, https:\/\/www.pocapots.es\/wp-content\/uploads\/2021\/06\/soupe-570x570.jpg 570w, https:\/\/www.pocapots.es\/wp-content\/uploads\/2021\/06\/soupe-500x500.jpg 500w, https:\/\/www.pocapots.es\/wp-content\/uploads\/2021\/06\/soupe-700x700.jpg 700w, https:\/\/www.pocapots.es\/wp-content\/uploads\/2021\/06\/soupe-650x650.jpg 650w, https:\/\/www.pocapots.es\/wp-content\/uploads\/2021\/06\/soupe-600x600.jpg 600w, https:\/\/www.pocapots.es\/wp-content\/uploads\/2021\/06\/soupe-100x100.jpg 100w\" data-sizes=\"(max-width: 800px) 100vw, 800px\" src=\"data:image\/svg+xml;base64,PHN2ZyB3aWR0aD0iMSIgaGVpZ2h0PSIxIiB4bWxucz0iaHR0cDovL3d3dy53My5vcmcvMjAwMC9zdmciPjwvc3ZnPg==\" style=\"--smush-placeholder-width: 800px; --smush-placeholder-aspect-ratio: 800\/800;\" \/>\t\t\t\t\t\t\n\t\t\t\t\t<\/div>\n\t\t\t\t<\/div>\t\t\t\t\n<style>\n#image_2069797968 {\n  width: 100%;\n}\n<\/style>\n\t<\/div>\n\t\n\n\n\t\t<\/div>\n\t\t\t\t\t<\/div>\n\n\t\n\n<\/div>\n\n\t\t<\/div>\n\n\t\t\n<style>\n#section_775458947 {\n  padding-top: 20px;\n  padding-bottom: 20px;\n  background-color: rgb(255, 255, 255);\n}\n#section_775458947 .section-bg-overlay {\n  background-color: rgba(255, 255, 255, 0.85);\n}\n<\/style>\n\t<\/section>\n\t\n<div class=\"container section-title-container\" ><h3 class=\"section-title section-title-center\"><b aria-hidden=\"true\"><\/b><span class=\"section-title-main\" >Ellos conf\u00edan en nosotros<\/span><b aria-hidden=\"true\"><\/b><\/h3><\/div>\n\n\t<div id=\"gap-728508432\" class=\"gap-element clearfix\" style=\"display:block; height:auto;\">\n\t\t\n<style>\n#gap-728508432 {\n  padding-top: 30px;\n}\n<\/style>\n\t<\/div>\n\t\n\n<div class=\"row align-middle row-dashed\"  id=\"row-887421467\">\n\n\n\t<div id=\"col-1263251756\" class=\"col medium-4 small-12 large-4\"  >\n\t\t\t\t<div class=\"col-inner text-center\"  >\n\t\t\t\n\t\t\t\n\n<div class=\"ux-logo has-hover align-middle ux_logo inline-block\" style=\"max-width: 100%!important; width: 130px!important\"><div class=\"ux-logo-link block image-glow\" title=\"\" href=\"\" style=\"padding: 15px;\"><img decoding=\"async\" data-src=\"https:\/\/www.pocapots.es\/wp-content\/uploads\/2021\/09\/wonderbox-com-be.png\" title=\"\" alt=\"\" class=\"ux-logo-image block lazyload\" style=\"--smush-placeholder-width: 1000px; --smush-placeholder-aspect-ratio: 1000\/1000;height:100px;\" src=\"data:image\/svg+xml;base64,PHN2ZyB3aWR0aD0iMSIgaGVpZ2h0PSIxIiB4bWxucz0iaHR0cDovL3d3dy53My5vcmcvMjAwMC9zdmciPjwvc3ZnPg==\" \/><\/div><\/div>\n\n\n\t\t<\/div>\n\t\t\t\t\t<\/div>\n\n\t\n\n\t<div id=\"col-1467318825\" class=\"col medium-4 small-12 large-4\"  >\n\t\t\t\t<div class=\"col-inner text-center\"  >\n\t\t\t\n\t\t\t\n\n<div class=\"ux-logo has-hover align-middle ux_logo inline-block\" style=\"max-width: 100%!important; width: 200.06802721088px!important\"><div class=\"ux-logo-link block image-glow\" title=\"\" href=\"\" style=\"padding: 15px;\"><img decoding=\"async\" data-src=\"https:\/\/www.pocapots.es\/wp-content\/uploads\/2021\/09\/logo-vector-cambra-de-comerc-de-barcelona-web-1.png\" title=\"\" alt=\"\" class=\"ux-logo-image block lazyload\" style=\"--smush-placeholder-width: 250px; --smush-placeholder-aspect-ratio: 250\/147;height:100px;\" src=\"data:image\/svg+xml;base64,PHN2ZyB3aWR0aD0iMSIgaGVpZ2h0PSIxIiB4bWxucz0iaHR0cDovL3d3dy53My5vcmcvMjAwMC9zdmciPjwvc3ZnPg==\" \/><\/div><\/div>\n\n\n\t\t<\/div>\n\t\t\t\t\t<\/div>\n\n\t\n\n\t<div id=\"col-765245420\" class=\"col medium-4 small-12 large-4\"  >\n\t\t\t\t<div class=\"col-inner text-center\"  >\n\t\t\t\n\t\t\t\n\n<div class=\"ux-logo has-hover align-middle ux_logo inline-block\" style=\"max-width: 100%!important; width: 221.08280254777px!important\"><div class=\"ux-logo-link block image-glow\" title=\"\" href=\"\" style=\"padding: 15px;\"><img decoding=\"async\" data-src=\"https:\/\/www.pocapots.es\/wp-content\/uploads\/2021\/09\/logo-vistaprint.png\" title=\"\" alt=\"\" class=\"ux-logo-image block lazyload\" style=\"--smush-placeholder-width: 1200px; --smush-placeholder-aspect-ratio: 1200\/628;height:100px;\" src=\"data:image\/svg+xml;base64,PHN2ZyB3aWR0aD0iMSIgaGVpZ2h0PSIxIiB4bWxucz0iaHR0cDovL3d3dy53My5vcmcvMjAwMC9zdmciPjwvc3ZnPg==\" \/><\/div><\/div>\n\n\n\t\t<\/div>\n\t\t\t\t\t<\/div>\n\n\t\n\n\t<div id=\"col-463736213\" class=\"col medium-4 small-12 large-4\"  >\n\t\t\t\t<div class=\"col-inner text-center\"  >\n\t\t\t\n\t\t\t\n\n<div class=\"ux-logo has-hover align-middle ux_logo inline-block\" style=\"max-width: 100%!important; width: 134.46043165468px!important\"><div class=\"ux-logo-link block image-glow\" title=\"\" href=\"\" style=\"padding: 15px;\"><img decoding=\"async\" data-src=\"https:\/\/www.pocapots.es\/wp-content\/uploads\/2021\/10\/airbnb-new-logo-e1635612936178.png\" title=\"\" alt=\"\" class=\"ux-logo-image block lazyload\" style=\"--smush-placeholder-width: 726px; --smush-placeholder-aspect-ratio: 726\/695;height:100px;\" src=\"data:image\/svg+xml;base64,PHN2ZyB3aWR0aD0iMSIgaGVpZ2h0PSIxIiB4bWxucz0iaHR0cDovL3d3dy53My5vcmcvMjAwMC9zdmciPjwvc3ZnPg==\" \/><\/div><\/div>\n\n\n\t\t<\/div>\n\t\t\t\t\t<\/div>\n\n\t\n\n\t<div id=\"col-1848386960\" class=\"col medium-4 small-12 large-4\"  >\n\t\t\t\t<div class=\"col-inner text-center\"  >\n\t\t\t\n\t\t\t\n\n<div class=\"ux-logo has-hover align-middle ux_logo inline-block\" style=\"max-width: 100%!important; width: 146.34615384615px!important\"><div class=\"ux-logo-link block image-glow\" title=\"\" href=\"\" style=\"padding: 15px;\"><img decoding=\"async\" data-src=\"https:\/\/www.pocapots.es\/wp-content\/uploads\/2021\/09\/images.png\" title=\"\" alt=\"\" class=\"ux-logo-image block lazyload\" style=\"--smush-placeholder-width: 242px; --smush-placeholder-aspect-ratio: 242\/208;height:100px;\" src=\"data:image\/svg+xml;base64,PHN2ZyB3aWR0aD0iMSIgaGVpZ2h0PSIxIiB4bWxucz0iaHR0cDovL3d3dy53My5vcmcvMjAwMC9zdmciPjwvc3ZnPg==\" \/><\/div><\/div>\n\n\n\t\t<\/div>\n\t\t\t\t\t<\/div>\n\n\t\n\n\t<div id=\"col-366810473\" class=\"col medium-4 small-12 large-4\"  >\n\t\t\t\t<div class=\"col-inner text-center\"  >\n\t\t\t\n\t\t\t\n\n<div class=\"ux-logo has-hover align-middle ux_logo inline-block\" style=\"max-width: 100%!important; width: 207.27272727273px!important\"><div class=\"ux-logo-link block image-glow\" title=\"\" href=\"\" style=\"padding: 15px;\"><img decoding=\"async\" data-src=\"https:\/\/www.pocapots.es\/wp-content\/uploads\/2021\/09\/buisnessfrance.png\" title=\"\" alt=\"\" class=\"ux-logo-image block lazyload\" style=\"--smush-placeholder-width: 351px; --smush-placeholder-aspect-ratio: 351\/198;height:100px;\" src=\"data:image\/svg+xml;base64,PHN2ZyB3aWR0aD0iMSIgaGVpZ2h0PSIxIiB4bWxucz0iaHR0cDovL3d3dy53My5vcmcvMjAwMC9zdmciPjwvc3ZnPg==\" \/><\/div><\/div>\n\n\n\t\t<\/div>\n\t\t\t\t\t<\/div>\n\n\t\n\n<\/div>\n\t<div id=\"gap-832669691\" class=\"gap-element clearfix\" style=\"display:block; height:auto;\">\n\t\t\n<style>\n#gap-832669691 {\n  padding-top: 30px;\n}\n<\/style>\n\t<\/div>\n\t\n\n<div class=\"message-box relative dark\" style=\"padding-top:36px;padding-bottom:36px;\"><div class=\"message-box-bg-image bg-fill fill\" ><\/div><div class=\"message-box-bg-overlay bg-fill fill\" style=\"background-color:rgb(74, 74, 74);\"><\/div><div class=\"container relative\"><div class=\"inner last-reset\">\n\n<div class=\"row align-middle\"  id=\"row-1370748603\">\n\n\n\t<div id=\"col-877008297\" class=\"col medium-7 small-12 large-7\"  >\n\t\t\t\t<div class=\"col-inner\"  >\n\t\t\t\n\t\t\t\n\n<h2 class=\"uppercase\">TUS EVENTOS PERSONALIZADOS<\/h2>\n<p>Poc a Pots se especializa en la organizaci\u00f3n y seguimiento de eventos a medida para hasta 300 personas. Cont\u00e1ctenos para una cotizaci\u00f3n a medida.<\/p>\n\n\t\t<\/div>\n\t\t\t\t\t<\/div>\n\n\t\n\n\t<div id=\"col-460503757\" class=\"col medium-5 small-12 large-5\"  >\n\t\t\t\t<div class=\"col-inner text-right\"  >\n\t\t\t\n\t\t\t\n\n<a data-animate=\"flipInY\" href=\"\/es\/contactar\/\" class=\"button white is-outline is-larger\" >\n\t\t<span>\u00a1CONT\u00c1CTENOS!<\/span>\n\t<\/a>\n\n\n\n\t\t<\/div>\n\t\t\t\t\t<\/div>\n\n\t\n\n<\/div>\n\n<\/div><\/div><\/div>","protected":false},"excerpt":{"rendered":"","protected":false},"author":39,"featured_media":0,"parent":0,"menu_order":0,"comment_status":"closed","ping_status":"closed","template":"page-blank.php","meta":{"rank_math_title":"\u00c0 propos \u2014 Poc a Pots, le traiteur fran\u00e7ais de Barcelone depuis 2015","rank_math_description":"Poc a Pots : l\u2019histoire de Virginie Rocher, cheffe fran\u00e7aise install\u00e9e \u00e0 Barcelone. Cuisine de saison, produits bio, savoir-faire fran\u00e7ais au service de vos \u00e9v\u00e9nements.","rank_math_focus_keyword":"virginie rocher poc a pots","rank_math_robots":null,"rank_math_canonical_url":"","rank_math_facebook_title":"","rank_math_facebook_description":"","_joinchat":[],"footnotes":""},"class_list":["post-3584","page","type-page","status-publish","hentry"],"_links":{"self":[{"href":"https:\/\/www.pocapots.es\/es\/wp-json\/wp\/v2\/pages\/3584","targetHints":{"allow":["GET"]}}],"collection":[{"href":"https:\/\/www.pocapots.es\/es\/wp-json\/wp\/v2\/pages"}],"about":[{"href":"https:\/\/www.pocapots.es\/es\/wp-json\/wp\/v2\/types\/page"}],"author":[{"embeddable":true,"href":"https:\/\/www.pocapots.es\/es\/wp-json\/wp\/v2\/users\/39"}],"replies":[{"embeddable":true,"href":"https:\/\/www.pocapots.es\/es\/wp-json\/wp\/v2\/comments?post=3584"}],"version-history":[{"count":1,"href":"https:\/\/www.pocapots.es\/es\/wp-json\/wp\/v2\/pages\/3584\/revisions"}],"predecessor-version":[{"id":6943,"href":"https:\/\/www.pocapots.es\/es\/wp-json\/wp\/v2\/pages\/3584\/revisions\/6943"}],"wp:attachment":[{"href":"https:\/\/www.pocapots.es\/es\/wp-json\/wp\/v2\/media?parent=3584"}],"curies":[{"name":"wp","href":"https:\/\/api.w.org\/{rel}","templated":true}]}}