{"id":321,"date":"2021-06-09T15:49:02","date_gmt":"2021-06-09T13:49:02","guid":{"rendered":"https:\/\/pocapots.tiviti.es\/?page_id=321"},"modified":"2026-04-20T22:27:41","modified_gmt":"2026-04-20T20:27:41","slug":"contactar","status":"publish","type":"page","link":"https:\/\/www.pocapots.es\/es\/contact\/","title":{"rendered":"Cont\u00e1ctenos"},"content":{"rendered":"<h1 class=\"wp-block-heading\">Contacto Poc a Pots \u2014 Catering franc\u00e9s en Barcelona<\/h1>\n\n\n\n<p><strong>\u00bfUna solicitud de presupuesto, un evento que organizar, una pregunta?<\/strong> Notre \u00e9quipe r\u00e9pond sous 24 h ouvr\u00e9es. Appel, WhatsApp ou formulaire : choisissez le canal qui vous convient.<\/p>\n\n\n\n<div class=\"wp-block-columns is-layout-flex wp-container-core-columns-is-layout-9d6595d7 wp-block-columns-is-layout-flex\">\n\n<div class=\"wp-block-column is-layout-flow wp-block-column-is-layout-flow\">\n\n<h3 class=\"wp-block-heading\">&#x1f4de; T\u00e9l\u00e9phone<\/h3>\n\n\n<p><a href=\"tel:+34693586456\"><strong>+34 693 58 64 56<\/strong><\/a><br>R\u00e9ponse imm\u00e9diate en journ\u00e9e (9h\u201318h)<\/p>\n\n<\/div>\n\n\n\n<div class=\"wp-block-column is-layout-flow wp-block-column-is-layout-flow\">\n\n<h3 class=\"wp-block-heading\">&#x1f4ac; WhatsApp Business<\/h3>\n\n\n<p><a href=\"https:\/\/wa.me\/34693586456\" target=\"_blank\" rel=\"noopener\"><strong>Escr\u00edbenos por WhatsApp<\/strong><\/a><br>Id\u00e9al pour un devis rapide ou une question<\/p>\n\n<\/div>\n\n\n\n<div class=\"wp-block-column is-layout-flow wp-block-column-is-layout-flow\">\n\n<h3 class=\"wp-block-heading\">&#x2709;&#xfe0f; Email<\/h3>\n\n\n<p><a href=\"mailto:virginie@pocapots.es\"><strong>virginie@pocapots.es<\/strong><\/a><br>Pour les demandes d\u00e9taill\u00e9es et les pi\u00e8ces jointes<\/p>\n\n<\/div>\n\n\n\n<div class=\"wp-block-column is-layout-flow wp-block-column-is-layout-flow\">\n\n<h3 class=\"wp-block-heading\">&#x1f4cd; Adresse<\/h3>\n\n\n<p><strong>Carrer de Salva, 23<\/strong><br>Barcelona, Espagne<br>Ouvert 9h\u201318h, tous les jours<\/p>\n\n<\/div>\n\n<\/div>\n\n\n\n<hr class=\"wp-block-separator has-alpha-channel-opacity\"\/>\n\n\n\n<h2 class=\"wp-block-heading\">Solicitud de presupuesto para evento<\/h2>\n\n\n\n<figure class=\"wp-block-image alignright size-large is-resized\"><img decoding=\"async\" width=\"768\" height=\"1024\" data-src=\"https:\/\/new.pocapots.es\/wp-content\/uploads\/2022\/02\/20220302_202545-768x1024.jpg\" alt=\"\" class=\"wp-image-2933 lazyload\" style=\"--smush-placeholder-width: 768px; --smush-placeholder-aspect-ratio: 768\/1024;width:257px;height:343px\" data-srcset=\"https:\/\/www.pocapots.es\/wp-content\/uploads\/2022\/02\/20220302_202545-768x1024.jpg 768w, https:\/\/www.pocapots.es\/wp-content\/uploads\/2022\/02\/20220302_202545-225x300.jpg 225w, https:\/\/www.pocapots.es\/wp-content\/uploads\/2022\/02\/20220302_202545-1152x1536.jpg 1152w, https:\/\/www.pocapots.es\/wp-content\/uploads\/2022\/02\/20220302_202545-1536x2048.jpg 1536w, https:\/\/www.pocapots.es\/wp-content\/uploads\/2022\/02\/20220302_202545-600x800.jpg 600w, https:\/\/www.pocapots.es\/wp-content\/uploads\/2022\/02\/20220302_202545-700x933.jpg 700w, https:\/\/www.pocapots.es\/wp-content\/uploads\/2022\/02\/20220302_202545-scaled.jpg 1920w\" data-sizes=\"(max-width: 768px) 100vw, 768px\" src=\"data:image\/svg+xml;base64,PHN2ZyB3aWR0aD0iMSIgaGVpZ2h0PSIxIiB4bWxucz0iaHR0cDovL3d3dy53My5vcmcvMjAwMC9zdmciPjwvc3ZnPg==\" \/><\/figure>\n\n\n\n<p>\u00bfQuieres un presupuesto para tu evento? Poc a Pots y sus partners pueden ofrecerte en Barcelona y Catalu\u00f1a, adem\u00e1s del servicio de catering:<\/p>\n\n\n\n<ul class=\"wp-block-list\">\n<li>Espacios de excepci\u00f3n<\/li>\n\n\n\n<li>Servicios asociados: camareros, demostraci\u00f3n culinaria, cocineros, DJ, sonido, iluminaci\u00f3n\u2026<\/li>\n\n\n\n<li>Servicio de transporte<\/li>\n\n\n\n<li>Alquiler de yate con patr\u00f3n, vuelos en globo\u2026<\/li>\n<\/ul>\n\n\n\n<p>Por favor, completa el formulario a continuaci\u00f3n y te responderemos lo antes posible.<\/p>\n\n\n\n<div class=\"wpcf7 no-js\" id=\"wpcf7-f6697-o1\" lang=\"fr-FR\" dir=\"ltr\" data-wpcf7-id=\"6697\">\n<div class=\"screen-reader-response\"><p role=\"status\" aria-live=\"polite\" aria-atomic=\"true\"><\/p> <ul><\/ul><\/div>\n<form action=\"\/es\/wp-json\/wp\/v2\/pages\/321#wpcf7-f6697-o1\" method=\"post\" class=\"wpcf7-form init\" aria-label=\"formulario de contacto\" novalidate=\"novalidate\" data-status=\"init\" data-trp-original-action=\"\/es\/wp-json\/wp\/v2\/pages\/321#wpcf7-f6697-o1\">\n<fieldset class=\"hidden-fields-container\"><input type=\"hidden\" name=\"_wpcf7\" value=\"6697\" \/><input type=\"hidden\" name=\"_wpcf7_version\" value=\"6.1.5\" \/><input type=\"hidden\" name=\"_wpcf7_locale\" value=\"fr_FR\" \/><input type=\"hidden\" name=\"_wpcf7_unit_tag\" value=\"wpcf7-f6697-o1\" \/><input type=\"hidden\" name=\"_wpcf7_container_post\" value=\"0\" \/><input type=\"hidden\" name=\"_wpcf7_posted_data_hash\" value=\"\" \/><input type=\"hidden\" name=\"_wpcf7_recaptcha_response\" value=\"\" \/>\n<\/fieldset>\n<p><label>Su nombre<br \/>\n<span class=\"wpcf7-form-control-wrap\" data-name=\"event-name\"><input size=\"40\" maxlength=\"400\" class=\"wpcf7-form-control wpcf7-text wpcf7-validates-as-required\" autocomplete=\"name\" aria-required=\"true\" aria-invalid=\"false\" value=\"\" type=\"text\" name=\"event-name\" \/><\/span><\/label>\n<\/p>\n<p><label>Su email<br \/>\n<span class=\"wpcf7-form-control-wrap\" data-name=\"event-email\"><input size=\"40\" maxlength=\"400\" class=\"wpcf7-form-control wpcf7-email wpcf7-validates-as-required wpcf7-text wpcf7-validates-as-email\" autocomplete=\"email\" aria-required=\"true\" aria-invalid=\"false\" value=\"\" type=\"email\" name=\"event-email\" \/><\/span><\/label>\n<\/p>\n<p><label>Su n\u00famero de tel\u00e9fono<br \/>\n<span class=\"wpcf7-form-control-wrap\" data-name=\"event-phone\"><input size=\"40\" maxlength=\"400\" class=\"wpcf7-form-control wpcf7-tel wpcf7-validates-as-required wpcf7-text wpcf7-validates-as-tel\" aria-required=\"true\" aria-invalid=\"false\" placeholder=\"+34\" value=\"\" type=\"tel\" name=\"event-phone\" \/><\/span><\/label>\n<\/p>\n<p><label>N\u00famero de personas<br \/>\n<span class=\"wpcf7-form-control-wrap\" data-name=\"event-pax\"><input class=\"wpcf7-form-control wpcf7-number wpcf7-validates-as-required wpcf7-validates-as-number\" min=\"10\" max=\"300\" aria-required=\"true\" aria-invalid=\"false\" value=\"15\" type=\"number\" name=\"event-pax\" \/><\/span><\/label>\n<\/p>\n<p><label>Fecha del evento<br \/>\n<span class=\"wpcf7-form-control-wrap\" data-name=\"event-date\"><input class=\"wpcf7-form-control wpcf7-date wpcf7-validates-as-required wpcf7-validates-as-date\" aria-required=\"true\" aria-invalid=\"false\" value=\"\" type=\"date\" name=\"event-date\" \/><\/span><\/label>\n<\/p>\n<p><label>Horas de inicio y fin<br \/>\n<span class=\"wpcf7-form-control-wrap\" data-name=\"event-hour\"><input size=\"40\" maxlength=\"400\" class=\"wpcf7-form-control wpcf7-text wpcf7-validates-as-required\" aria-required=\"true\" aria-invalid=\"false\" value=\"\" type=\"text\" name=\"event-hour\" \/><\/span><\/label>\n<\/p>\n<p><label>\u00bfNecesitas camareros durante tu evento?<br \/>\n<span class=\"wpcf7-form-control-wrap\" data-name=\"event-server\"><span class=\"wpcf7-form-control wpcf7-radio\"><span class=\"wpcf7-list-item first\"><input type=\"radio\" name=\"event-server\" value=\"Oui\" \/><span class=\"wpcf7-list-item-label\">S\u00ed<\/span><\/span><span class=\"wpcf7-list-item last\"><input type=\"radio\" name=\"event-server\" value=\"Non\" \/><span class=\"wpcf7-list-item-label\">No<\/span><\/span><\/span><\/span><\/label>\n<\/p>\n<p><label>Presupuesto deseado por persona, en euros<br \/>\n<span class=\"wpcf7-form-control-wrap\" data-name=\"event-budget\"><input class=\"wpcf7-form-control wpcf7-number wpcf7-validates-as-required wpcf7-validates-as-number\" min=\"15\" max=\"1000\" aria-required=\"true\" aria-invalid=\"false\" value=\"20\" type=\"number\" name=\"event-budget\" \/><\/span><\/label>\n<\/p>\n<p><label>\u00a1Describe tu evento tal como lo deseas!<br \/>\n<span class=\"wpcf7-form-control-wrap\" data-name=\"event-message\"><textarea cols=\"40\" rows=\"10\" maxlength=\"2000\" class=\"wpcf7-form-control wpcf7-textarea wpcf7-validates-as-required\" aria-required=\"true\" aria-invalid=\"false\" name=\"event-message\"><\/textarea><\/span><\/label>\n<\/p>\n<p><input class=\"wpcf7-form-control wpcf7-submit has-spinner\" type=\"submit\" value=\"enviar a\" \/>\n<\/p><div class=\"wpcf7-response-output\" aria-hidden=\"true\"><\/div>\n<input type=\"hidden\" name=\"trp-form-language\" value=\"es\"\/><\/form>\n<\/div>\n\n\n\n\n<hr class=\"wp-block-separator has-alpha-channel-opacity\"\/>\n\n\n\n<h2 class=\"wp-block-heading\">Zona de cobertura<\/h2>\n\n\n\n<p>Poc a Pots intervient sur <strong>Barcelona y alrededores<\/strong> (22@, Poblenou, Eixample, Sarri\u00e0, Les Corts, Sant Cugat, Sitges, Castelldefels) ainsi que sur toute la Catalogne pour les \u00e9v\u00e9nements pr\u00e9par\u00e9s \u00e0 l\u2019avance.<\/p>\n\n\n\n<p><strong>Entrega:<\/strong> gratuite \u00e0 Barcelone d\u00e8s 60 \u20ac HT d\u2019achat. Au-del\u00e0, livraison sur devis.<\/p>\n\n\n\n<p>Siga con nosotros : <div class=\"social-icons follow-icons\" ><a href=\"https:\/\/www.facebook.com\/pocapots\" target=\"_blank\" data-label=\"Facebook\" class=\"icon button circle is-outline tooltip facebook\" title=\"S\u00edguenos en Facebook\" aria-label=\"S\u00edguenos en Facebook\" rel=\"noopener nofollow\"><i class=\"icon-facebook\" aria-hidden=\"true\"><\/i><\/a><a href=\"https:\/\/www.instagram.com\/pocapots\/\" target=\"_blank\" data-label=\"Instagram\" class=\"icon button circle is-outline tooltip instagram\" title=\"S\u00edguenos en Instagram\" aria-label=\"S\u00edguenos en Instagram\" rel=\"noopener nofollow\"><i class=\"icon-instagram\" aria-hidden=\"true\"><\/i><\/a><a href=\"https:\/\/twitter.com\/pocapots\/\" data-label=\"Twitter\" target=\"_blank\" class=\"icon button circle is-outline tooltip twitter\" title=\"S\u00edguenos en Twitter\" aria-label=\"S\u00edguenos en Twitter\" rel=\"noopener nofollow\"><i class=\"icon-twitter\" aria-hidden=\"true\"><\/i><\/a><\/div>","protected":false},"excerpt":{"rendered":"<p>Contact Poc a Pots \u2014 Traiteur fran\u00e7ais \u00e0 Barcelone Une demande de devis, un \u00e9v\u00e9nement \u00e0 organiser, une question ? Notre \u00e9quipe r\u00e9pond sous 24 h ouvr\u00e9es. Appel, WhatsApp ou formulaire : choisissez le canal qui vous convient. &#x1f4de; T\u00e9l\u00e9phone +34 693 58 64 56R\u00e9ponse imm\u00e9diate en journ\u00e9e (9h\u201318h) &#x1f4ac; WhatsApp Business Nous \u00e9crire sur [&#8230;]\n","protected":false},"author":1,"featured_media":2933,"parent":0,"menu_order":0,"comment_status":"closed","ping_status":"closed","template":"","meta":{"rank_math_title":"Contact \u2014 Traiteur Poc a Pots Barcelone | Devis sous 24h","rank_math_description":"Contactez Poc a Pots : traiteur fran\u00e7ais \u00e0 Barcelone pour entreprises, \u00e9v\u00e9nements et yachts. T\u00e9l\u00e9phone, WhatsApp, formulaire de devis. R\u00e9ponse garantie sous 24h.","rank_math_focus_keyword":"contact traiteur barcelone","rank_math_robots":null,"rank_math_canonical_url":"","rank_math_facebook_title":"","rank_math_facebook_description":"","_joinchat":[],"footnotes":""},"class_list":["post-321","page","type-page","status-publish","has-post-thumbnail","hentry"],"_links":{"self":[{"href":"https:\/\/www.pocapots.es\/es\/wp-json\/wp\/v2\/pages\/321","targetHints":{"allow":["GET"]}}],"collection":[{"href":"https:\/\/www.pocapots.es\/es\/wp-json\/wp\/v2\/pages"}],"about":[{"href":"https:\/\/www.pocapots.es\/es\/wp-json\/wp\/v2\/types\/page"}],"author":[{"embeddable":true,"href":"https:\/\/www.pocapots.es\/es\/wp-json\/wp\/v2\/users\/1"}],"replies":[{"embeddable":true,"href":"https:\/\/www.pocapots.es\/es\/wp-json\/wp\/v2\/comments?post=321"}],"version-history":[{"count":3,"href":"https:\/\/www.pocapots.es\/es\/wp-json\/wp\/v2\/pages\/321\/revisions"}],"predecessor-version":[{"id":6946,"href":"https:\/\/www.pocapots.es\/es\/wp-json\/wp\/v2\/pages\/321\/revisions\/6946"}],"wp:featuredmedia":[{"embeddable":true,"href":"https:\/\/www.pocapots.es\/es\/wp-json\/wp\/v2\/media\/2933"}],"wp:attachment":[{"href":"https:\/\/www.pocapots.es\/es\/wp-json\/wp\/v2\/media?parent=321"}],"curies":[{"name":"wp","href":"https:\/\/api.w.org\/{rel}","templated":true}]}}