{"id":1231,"date":"2021-08-24T14:20:55","date_gmt":"2021-08-24T12:20:55","guid":{"rendered":"https:\/\/pocapots.tiviti.es\/payment-failed\/"},"modified":"2023-06-29T15:18:08","modified_gmt":"2023-06-29T13:18:08","slug":"pago-fallido","status":"publish","type":"page","link":"https:\/\/www.pocapots.es\/es\/payment-failed\/","title":{"rendered":"Su pago fall\u00f3"},"content":{"rendered":"<p>Lo sentimos, parece que tu transacci\u00f3n fall\u00f3. Por favor int\u00e9ntalo de nuevo o contacta con nuestro soporte: support@pocapots.es o v\u00eda whatsapp:\n<a href=\"https:\/\/wa.me\/34693586456?text=34693586456\"><img decoding=\"async\" title=\"WhatsApp\" data-src=\"https:\/\/new.pocapots.es\/wp-content\/uploads\/elementor\/thumbs\/whatsapp-ppbwvhvw9ilu3fz3bkn3oopdkkkdo25xztadepdyt0.png\" alt=\"WhatsApp\" src=\"data:image\/svg+xml;base64,PHN2ZyB3aWR0aD0iMSIgaGVpZ2h0PSIxIiB4bWxucz0iaHR0cDovL3d3dy53My5vcmcvMjAwMC9zdmciPjwvc3ZnPg==\" class=\"lazyload\"><\/a><\/p>","protected":false},"excerpt":{"rendered":"<p>Lo sentimos, parece que tu transacci\u00f3n fall\u00f3. Por favor int\u00e9ntalo de nuevo o contacta con nuestro soporte: support@pocapots.es o v\u00eda whatsapp:<\/p>","protected":false},"author":1,"featured_media":0,"parent":0,"menu_order":0,"comment_status":"closed","ping_status":"closed","template":"","meta":{"_joinchat":[],"footnotes":""},"class_list":["post-1231","page","type-page","status-publish","hentry"],"_links":{"self":[{"href":"https:\/\/www.pocapots.es\/es\/wp-json\/wp\/v2\/pages\/1231","targetHints":{"allow":["GET"]}}],"collection":[{"href":"https:\/\/www.pocapots.es\/es\/wp-json\/wp\/v2\/pages"}],"about":[{"href":"https:\/\/www.pocapots.es\/es\/wp-json\/wp\/v2\/types\/page"}],"author":[{"embeddable":true,"href":"https:\/\/www.pocapots.es\/es\/wp-json\/wp\/v2\/users\/1"}],"replies":[{"embeddable":true,"href":"https:\/\/www.pocapots.es\/es\/wp-json\/wp\/v2\/comments?post=1231"}],"version-history":[{"count":0,"href":"https:\/\/www.pocapots.es\/es\/wp-json\/wp\/v2\/pages\/1231\/revisions"}],"wp:attachment":[{"href":"https:\/\/www.pocapots.es\/es\/wp-json\/wp\/v2\/media?parent=1231"}],"curies":[{"name":"wp","href":"https:\/\/api.w.org\/{rel}","templated":true}]}}