{"id":6599,"date":"2025-04-01T17:03:26","date_gmt":"2025-04-01T15:03:26","guid":{"rendered":"https:\/\/www.pocapots.es\/?post_type=product&#038;p=6599"},"modified":"2026-04-21T01:11:46","modified_gmt":"2026-04-20T23:11:46","slug":"vegan-a-lasiatique","status":"publish","type":"product","link":"https:\/\/www.pocapots.es\/en\/produit\/vegan-a-lasiatique\/","title":{"rendered":"Asian Vegan"},"content":{"rendered":"<h2 class=\"wp-block-heading\">Composition<\/h2>\n\n\n\n<ul class=\"wp-block-list\">\n<li>Crunchy vegetables, marinated tofu, soy sauce... A tasty vegan wok.<\/li>\n<\/ul>\n\n\n\n<h2 class=\"wp-block-heading\">Pairing Suggestion<\/h2>\n\n\n\n<p>Pairs with an aromatic white wine (Gewurztraminer, dry Riesling) or a premium sake. A Japanese white beer also works very well.<\/p>\n\n\n\n<h2 class=\"wp-block-heading\">Delivery &#038; Production<\/h2>\n\n\n\n<p>Made fresh daily in our kitchens. <strong>Free delivery in Barcelona from \u20ac60 ex VAT.<\/strong> For orders &gt; 6 units, please allow <strong>48 hours in advance<\/strong>.<\/p>\n\n\n\n<p><em>Allergens: soya, gluten, sesame<\/em><\/p>","protected":false},"excerpt":{"rendered":"<p>Crunchy vegetables, marinated tofu, soy sauce... A tasty vegan wok.<br \/>\nAllergens: soya, gluten, sesame<\/p>","protected":false},"featured_media":2276,"template":"","meta":{"rank_math_title":"Vegan \u00e0 l\u2019asiatique \u2014 Plats \u00e0 partager \u00e0 Barcelone | Poc a Pots","rank_math_description":"L\u00e9gumes croquants, tofu marin\u00e9, sauce soja\u2026 Le wok vegan qui a du go\u00fbt. Livraison offerte \u00e0 Barcelone d\u00e8s 60 \u20ac HT. Commandez en ligne.","rank_math_focus_keyword":"vegan \u00e0 l\u2019asiatique","rank_math_robots":null,"rank_math_canonical_url":"","rank_math_facebook_title":"","rank_math_facebook_description":"","_joinchat":[]},"product_brand":[],"product_cat":[81],"product_tag":[115],"class_list":{"0":"post-6599","1":"product","2":"type-product","3":"status-publish","4":"has-post-thumbnail","6":"product_cat-plats","7":"product_tag-vegan","9":"first","10":"instock","11":"taxable","12":"shipping-taxable","13":"purchasable","14":"product-type-simple"},"_links":{"self":[{"href":"https:\/\/www.pocapots.es\/en\/wp-json\/wp\/v2\/product\/6599","targetHints":{"allow":["GET"]}}],"collection":[{"href":"https:\/\/www.pocapots.es\/en\/wp-json\/wp\/v2\/product"}],"about":[{"href":"https:\/\/www.pocapots.es\/en\/wp-json\/wp\/v2\/types\/product"}],"wp:featuredmedia":[{"embeddable":true,"href":"https:\/\/www.pocapots.es\/en\/wp-json\/wp\/v2\/media\/2276"}],"wp:attachment":[{"href":"https:\/\/www.pocapots.es\/en\/wp-json\/wp\/v2\/media?parent=6599"}],"wp:term":[{"taxonomy":"product_brand","embeddable":true,"href":"https:\/\/www.pocapots.es\/en\/wp-json\/wp\/v2\/product_brand?post=6599"},{"taxonomy":"product_cat","embeddable":true,"href":"https:\/\/www.pocapots.es\/en\/wp-json\/wp\/v2\/product_cat?post=6599"},{"taxonomy":"product_tag","embeddable":true,"href":"https:\/\/www.pocapots.es\/en\/wp-json\/wp\/v2\/product_tag?post=6599"}],"curies":[{"name":"wp","href":"https:\/\/api.w.org\/{rel}","templated":true}]}}