{"id":6587,"date":"2025-04-01T17:03:25","date_gmt":"2025-04-01T15:03:25","guid":{"rendered":"https:\/\/www.pocapots.es\/?post_type=product&#038;p=6587"},"modified":"2026-04-21T01:12:24","modified_gmt":"2026-04-20T23:12:24","slug":"chicken-curry","status":"publish","type":"product","link":"https:\/\/www.pocapots.es\/en\/produit\/curry-de-poulet\/","title":{"rendered":"Coconut chicken curry with Basmati rice"},"content":{"rendered":"<h2 class=\"wp-block-heading\">Composition<\/h2>\n\n\n\n<ul class=\"wp-block-list\">\n<li>Chicken simmered in a coconut-spice sauce\u2026 Smells of Asia!<\/li>\n<\/ul>\n\n\n\n<h2 class=\"wp-block-heading\">Pairing Suggestion<\/h2>\n\n\n\n<p>Pairs with an aromatic white wine (Gewurztraminer, dry Riesling) or a premium sake. A Japanese white beer also works very well.<\/p>\n\n\n\n<h2 class=\"wp-block-heading\">Delivery &#038; Production<\/h2>\n\n\n\n<p>Made fresh daily in our kitchens. <strong>Free delivery in Barcelona from \u20ac60 ex VAT.<\/strong> For orders &gt; 6 units, please allow <strong>48 hours in advance<\/strong>.<\/p>\n\n\n\n<p><em>Allergens: coconut milk<\/em><\/p>","protected":false},"excerpt":{"rendered":"<p>Chicken simmered in a coconut-spice sauce... It smells like Asia!<br \/>\nAllergens: coconut milk<\/p>","protected":false},"featured_media":1130,"template":"","meta":{"rank_math_title":"Curry coco de Poulet et riz Basmati \u00e0 Barcelone | Poc a Pots","rank_math_description":"Poulet mijot\u00e9 dans une sauce coco-\u00e9pices\u2026 \u00c7a sent l\u2019Asie ! Livraison offerte \u00e0 Barcelone d\u00e8s 60 \u20ac HT. Commandez en ligne.","rank_math_focus_keyword":"curry coco de poulet et riz basmati","rank_math_robots":null,"rank_math_canonical_url":"","rank_math_facebook_title":"","rank_math_facebook_description":"","_joinchat":[]},"product_brand":[],"product_cat":[81],"product_tag":[168,165],"class_list":{"0":"post-6587","1":"product","2":"type-product","3":"status-publish","4":"has-post-thumbnail","6":"product_cat-plats","7":"product_tag-asiatique","8":"product_tag-viandes","10":"first","11":"instock","12":"taxable","13":"shipping-taxable","14":"purchasable","15":"product-type-simple"},"_links":{"self":[{"href":"https:\/\/www.pocapots.es\/en\/wp-json\/wp\/v2\/product\/6587","targetHints":{"allow":["GET"]}}],"collection":[{"href":"https:\/\/www.pocapots.es\/en\/wp-json\/wp\/v2\/product"}],"about":[{"href":"https:\/\/www.pocapots.es\/en\/wp-json\/wp\/v2\/types\/product"}],"wp:featuredmedia":[{"embeddable":true,"href":"https:\/\/www.pocapots.es\/en\/wp-json\/wp\/v2\/media\/1130"}],"wp:attachment":[{"href":"https:\/\/www.pocapots.es\/en\/wp-json\/wp\/v2\/media?parent=6587"}],"wp:term":[{"taxonomy":"product_brand","embeddable":true,"href":"https:\/\/www.pocapots.es\/en\/wp-json\/wp\/v2\/product_brand?post=6587"},{"taxonomy":"product_cat","embeddable":true,"href":"https:\/\/www.pocapots.es\/en\/wp-json\/wp\/v2\/product_cat?post=6587"},{"taxonomy":"product_tag","embeddable":true,"href":"https:\/\/www.pocapots.es\/en\/wp-json\/wp\/v2\/product_tag?post=6587"}],"curies":[{"name":"wp","href":"https:\/\/api.w.org\/{rel}","templated":true}]}}