{"id":6571,"date":"2025-04-01T17:03:19","date_gmt":"2025-04-01T15:03:19","guid":{"rendered":"https:\/\/www.pocapots.es\/?post_type=product&#038;p=6571"},"modified":"2026-04-21T01:13:15","modified_gmt":"2026-04-20T23:13:15","slug":"red-fruit-pavlova","status":"publish","type":"product","link":"https:\/\/www.pocapots.es\/en\/produit\/pavlova-aux-fruits-rouges\/","title":{"rendered":"Pavlova with red fruits"},"content":{"rendered":"<h2 class=\"wp-block-heading\">Composition<\/h2>\n\n\n\n<ul class=\"wp-block-list\">\n<li>Crunchy meringue, light cream, red fruits... So light you can have two.<\/li>\n<\/ul>\n\n\n\n<h2 class=\"wp-block-heading\">Pairing Suggestion<\/h2>\n\n\n\n<p>Perfect for rounding off a meal. Pairs beautifully with a sweet wine (Sauternes, Banyuls) or a well-chilled demi-sec cava. Optionally, coffee or black tea for a classic, clean finish.<\/p>\n\n\n\n<h2 class=\"wp-block-heading\">Delivery &#038; Production<\/h2>\n\n\n\n<p>Made fresh daily in our kitchens. <strong>Free delivery in Barcelona from \u20ac60 ex VAT.<\/strong> For orders &gt; 6 units, please allow <strong>48 hours in advance<\/strong>.<\/p>\n\n\n\n<p><em>Allergens: eggs, lactose<\/em><\/p>","protected":false},"excerpt":{"rendered":"<p>Crunchy meringue, light cream, red fruits... So light you can have two.<br \/>\nAllergens: eggs, lactose<\/p>","protected":false},"featured_media":6641,"template":"","meta":{"rank_math_title":"Pavlova aux fruits rouges \u00e0 Barcelone | Poc a Pots","rank_math_description":"Meringue croquante, cr\u00e8me l\u00e9g\u00e8re, Fruits rouges\u2026 Si l\u00e9ger qu\u2019on en prend deux. Livraison offerte \u00e0 Barcelone d\u00e8s 60 \u20ac HT. Commandez en ligne.","rank_math_focus_keyword":"pavlova aux fruits rouges","rank_math_robots":null,"rank_math_canonical_url":"","rank_math_facebook_title":"","rank_math_facebook_description":"","_joinchat":[]},"product_brand":[],"product_cat":[69],"product_tag":[159],"class_list":{"0":"post-6571","1":"product","2":"type-product","3":"status-publish","4":"has-post-thumbnail","6":"product_cat-plateaux-pour-buffet-sucres","7":"product_tag-fruits","9":"first","10":"instock","11":"taxable","12":"shipping-taxable","13":"purchasable","14":"product-type-simple"},"_links":{"self":[{"href":"https:\/\/www.pocapots.es\/en\/wp-json\/wp\/v2\/product\/6571","targetHints":{"allow":["GET"]}}],"collection":[{"href":"https:\/\/www.pocapots.es\/en\/wp-json\/wp\/v2\/product"}],"about":[{"href":"https:\/\/www.pocapots.es\/en\/wp-json\/wp\/v2\/types\/product"}],"wp:featuredmedia":[{"embeddable":true,"href":"https:\/\/www.pocapots.es\/en\/wp-json\/wp\/v2\/media\/6641"}],"wp:attachment":[{"href":"https:\/\/www.pocapots.es\/en\/wp-json\/wp\/v2\/media?parent=6571"}],"wp:term":[{"taxonomy":"product_brand","embeddable":true,"href":"https:\/\/www.pocapots.es\/en\/wp-json\/wp\/v2\/product_brand?post=6571"},{"taxonomy":"product_cat","embeddable":true,"href":"https:\/\/www.pocapots.es\/en\/wp-json\/wp\/v2\/product_cat?post=6571"},{"taxonomy":"product_tag","embeddable":true,"href":"https:\/\/www.pocapots.es\/en\/wp-json\/wp\/v2\/product_tag?post=6571"}],"curies":[{"name":"wp","href":"https:\/\/api.w.org\/{rel}","templated":true}]}}