{"id":6546,"date":"2025-04-01T17:03:13","date_gmt":"2025-04-01T15:03:13","guid":{"rendered":"https:\/\/www.pocapots.es\/?post_type=product&#038;p=6546"},"modified":"2026-04-21T01:14:34","modified_gmt":"2026-04-20T23:14:34","slug":"teriyaki-chicken-kebab","status":"publish","type":"product","link":"https:\/\/www.pocapots.es\/en\/produit\/brochette-de-poulet-teriyaki\/","title":{"rendered":"Teriyaki chicken skewer"},"content":{"rendered":"<h2 class=\"wp-block-heading\">Composition<\/h2>\n\n\n\n<ul class=\"wp-block-list\">\n<li>Marinated chicken, lightly caramelised teriyaki sauce... Sweet and savoury on a skewer.<\/li>\n<\/ul>\n\n\n\n<h2 class=\"wp-block-heading\">Pairing Suggestion<\/h2>\n\n\n\n<p>Perfect canap\u00e9 for an aperitif or a dinner buffet. Pairs well with a brut cava, a dry white wine (Xarel\u00b7lo, Macabeu) or a light, well-chilled red. Serve cold, straight from the fridge.<\/p>\n\n\n\n<h2 class=\"wp-block-heading\">Delivery &#038; Production<\/h2>\n\n\n\n<p>Made fresh daily in our kitchens. <strong>Free delivery in Barcelona from \u20ac60 ex VAT.<\/strong> For orders &gt; 6 units, please allow <strong>48 hours in advance<\/strong>.<\/p>\n\n\n\n<p><em>Allergens: soya, sesame<\/em><\/p>","protected":false},"excerpt":{"rendered":"<p>Marinated chicken, lightly caramelised teriyaki sauce... Sweet and savoury on a skewer.<br \/>\nAllergens: soya, sesame<\/p>","protected":false},"featured_media":6684,"template":"","meta":{"rank_math_title":"Brochette de poulet Teriyaki \u00e0 Barcelone | Poc a Pots","rank_math_description":"Poulet marin\u00e9, sauce teriyaki l\u00e9g\u00e8rement caram\u00e9lis\u00e9e\u2026 La douceur du sucr\u00e9-sal\u00e9 dans une brochette. Livraison Barcelone d\u00e8s 60\u20ac.","rank_math_focus_keyword":"brochette de poulet teriyaki","rank_math_robots":null,"rank_math_canonical_url":"","rank_math_facebook_title":"","rank_math_facebook_description":"","_joinchat":[]},"product_brand":[],"product_cat":[68],"product_tag":[262,165],"class_list":{"0":"post-6546","1":"product","2":"type-product","3":"status-publish","4":"has-post-thumbnail","6":"product_cat-plateaux-pour-buffet","7":"product_tag-cuisine-asiatique","8":"product_tag-viandes","10":"first","11":"instock","12":"taxable","13":"shipping-taxable","14":"purchasable","15":"product-type-simple"},"_links":{"self":[{"href":"https:\/\/www.pocapots.es\/en\/wp-json\/wp\/v2\/product\/6546","targetHints":{"allow":["GET"]}}],"collection":[{"href":"https:\/\/www.pocapots.es\/en\/wp-json\/wp\/v2\/product"}],"about":[{"href":"https:\/\/www.pocapots.es\/en\/wp-json\/wp\/v2\/types\/product"}],"wp:featuredmedia":[{"embeddable":true,"href":"https:\/\/www.pocapots.es\/en\/wp-json\/wp\/v2\/media\/6684"}],"wp:attachment":[{"href":"https:\/\/www.pocapots.es\/en\/wp-json\/wp\/v2\/media?parent=6546"}],"wp:term":[{"taxonomy":"product_brand","embeddable":true,"href":"https:\/\/www.pocapots.es\/en\/wp-json\/wp\/v2\/product_brand?post=6546"},{"taxonomy":"product_cat","embeddable":true,"href":"https:\/\/www.pocapots.es\/en\/wp-json\/wp\/v2\/product_cat?post=6546"},{"taxonomy":"product_tag","embeddable":true,"href":"https:\/\/www.pocapots.es\/en\/wp-json\/wp\/v2\/product_tag?post=6546"}],"curies":[{"name":"wp","href":"https:\/\/api.w.org\/{rel}","templated":true}]}}