{"id":6532,"date":"2025-04-01T17:03:11","date_gmt":"2025-04-01T15:03:11","guid":{"rendered":"https:\/\/www.pocapots.es\/?post_type=product&#038;p=6532"},"modified":"2026-04-21T01:15:11","modified_gmt":"2026-04-20T23:15:11","slug":"verrine-of-steamed-vegetables","status":"publish","type":"product","link":"https:\/\/www.pocapots.es\/en\/produit\/verrine-de-legumes-vapeur\/","title":{"rendered":"Steamed Vegetable Verrine"},"content":{"rendered":"<h2 class=\"wp-block-heading\">Composition<\/h2>\n\n\n\n<ul class=\"wp-block-list\">\n<li>Colourful, healthy, full of vitamins... Yes, they still exist in the kitchen!<\/li>\n<\/ul>\n\n\n\n<h2 class=\"wp-block-heading\">Conseil d\u2019accord<\/h2>\n\n\n\n<p>Pi\u00e8ce cocktail id\u00e9ale pour ap\u00e9ritif ou buffet d\u00eenatoire. Accord avec un cava brut, un vin blanc sec (Xarel\u00b7lo, Macabeu) ou un rouge l\u00e9ger bien frais. Servir froid, juste sorti du frais.<\/p>\n\n\n\n<h2 class=\"wp-block-heading\">Livraison &#038; fabrication<\/h2>\n\n\n\n<p>Fabriqu\u00e9 le jour m\u00eame dans nos cuisines. <strong>Livraison offerte \u00e0 Barcelone d\u00e8s 60 \u20ac HT.<\/strong> Pour les commandes &gt; 6 unit\u00e9s, pr\u00e9voir <strong>48 h \u00e0 l\u2019avance<\/strong>.<\/p>\n\n\n\n<p><em>Allergens: none<\/em><\/p>","protected":false},"excerpt":{"rendered":"<p>Colourful, healthy, full of vitamins... Yes, they still exist in the kitchen!<br \/>\nAllergens: none<\/p>","protected":false},"featured_media":1214,"template":"","meta":{"rank_math_title":"Verrine de L\u00e9gumes Vapeur \u00e0 Barcelone | Poc a Pots","rank_math_description":"Color\u00e9, sain, plein de vitamines\u2026 Oui, \u00e7a existe encore en cuisine ! Livraison offerte \u00e0 Barcelone d\u00e8s 60 \u20ac HT. Commandez en ligne.","rank_math_focus_keyword":"verrine de l\u00e9gumes vapeur","rank_math_robots":null,"rank_math_canonical_url":"","rank_math_facebook_title":"","rank_math_facebook_description":"","_joinchat":[]},"product_brand":[],"product_cat":[68],"product_tag":[115,114],"class_list":{"0":"post-6532","1":"product","2":"type-product","3":"status-publish","4":"has-post-thumbnail","6":"product_cat-plateaux-pour-buffet","7":"product_tag-vegan","8":"product_tag-vegetarien-2","10":"first","11":"instock","12":"taxable","13":"shipping-taxable","14":"purchasable","15":"product-type-simple"},"_links":{"self":[{"href":"https:\/\/www.pocapots.es\/en\/wp-json\/wp\/v2\/product\/6532","targetHints":{"allow":["GET"]}}],"collection":[{"href":"https:\/\/www.pocapots.es\/en\/wp-json\/wp\/v2\/product"}],"about":[{"href":"https:\/\/www.pocapots.es\/en\/wp-json\/wp\/v2\/types\/product"}],"wp:featuredmedia":[{"embeddable":true,"href":"https:\/\/www.pocapots.es\/en\/wp-json\/wp\/v2\/media\/1214"}],"wp:attachment":[{"href":"https:\/\/www.pocapots.es\/en\/wp-json\/wp\/v2\/media?parent=6532"}],"wp:term":[{"taxonomy":"product_brand","embeddable":true,"href":"https:\/\/www.pocapots.es\/en\/wp-json\/wp\/v2\/product_brand?post=6532"},{"taxonomy":"product_cat","embeddable":true,"href":"https:\/\/www.pocapots.es\/en\/wp-json\/wp\/v2\/product_cat?post=6532"},{"taxonomy":"product_tag","embeddable":true,"href":"https:\/\/www.pocapots.es\/en\/wp-json\/wp\/v2\/product_tag?post=6532"}],"curies":[{"name":"wp","href":"https:\/\/api.w.org\/{rel}","templated":true}]}}