{"id":6507,"date":"2025-04-01T17:03:05","date_gmt":"2025-04-01T15:03:05","guid":{"rendered":"https:\/\/www.pocapots.es\/?post_type=product&#038;p=6507"},"modified":"2026-04-21T01:16:27","modified_gmt":"2026-04-20T23:16:27","slug":"quiche-spinach-goat-cheese-2","status":"publish","type":"product","link":"https:\/\/www.pocapots.es\/en\/produit\/quiche-epinard-chevre\/","title":{"rendered":"Quiche Spinach Goat Cheese"},"content":{"rendered":"<h2 class=\"wp-block-heading\">Composition<\/h2>\n\n\n\n<ul class=\"wp-block-list\">\n<li>Spinach pretends to be healthy, but goat's cheese steals the show with its irresistible creaminess.<\/li>\n<\/ul>\n\n\n\n<h2 class=\"wp-block-heading\">Pairing Suggestion<\/h2>\n\n\n\n<p>Ideal as a starter or as a buffet side. Pairs well with a dry Catalan white wine (Xarel\u00b7lo, Macabeu) or a well-chilled Proven\u00e7al ros\u00e9.<\/p>\n\n\n\n<h2 class=\"wp-block-heading\">Delivery &#038; Production<\/h2>\n\n\n\n<p>Made fresh daily in our kitchens. <strong>Free delivery in Barcelona from \u20ac60 ex VAT.<\/strong> For orders &gt; 6 units, please allow <strong>48 hours in advance<\/strong>.<\/p>\n\n\n\n<p><em>Allergens: gluten, eggs, lactose<\/em><\/p>","protected":false},"excerpt":{"rendered":"<p>Spinach pretends to be healthy, but goat's cheese steals the show with its irresistible creaminess.<br \/>\nAllergens: gluten, eggs, lactose<\/p>","protected":false},"featured_media":985,"template":"","meta":{"rank_math_title":"Quiche Epinard Ch\u00e8vre \u00e0 Barcelone | Poc a Pots","rank_math_description":"L\u2019\u00e9pinard fait semblant d\u2019\u00eatre sain, mais le ch\u00e8vre lui vole la vedette avec son cr\u00e9meux irr\u00e9sist\u2026 Livraison Barcelone d\u00e8s 60\u20ac.","rank_math_focus_keyword":"quiche epinard ch\u00e8vre","rank_math_robots":null,"rank_math_canonical_url":"","rank_math_facebook_title":"","rank_math_facebook_description":"","_joinchat":[]},"product_brand":[],"product_cat":[79],"product_tag":[114],"class_list":{"0":"post-6507","1":"product","2":"type-product","3":"status-publish","4":"has-post-thumbnail","6":"product_cat-entrees-salades","7":"product_tag-vegetarien-2","9":"first","10":"instock","11":"taxable","12":"shipping-taxable","13":"purchasable","14":"product-type-simple"},"_links":{"self":[{"href":"https:\/\/www.pocapots.es\/en\/wp-json\/wp\/v2\/product\/6507","targetHints":{"allow":["GET"]}}],"collection":[{"href":"https:\/\/www.pocapots.es\/en\/wp-json\/wp\/v2\/product"}],"about":[{"href":"https:\/\/www.pocapots.es\/en\/wp-json\/wp\/v2\/types\/product"}],"wp:featuredmedia":[{"embeddable":true,"href":"https:\/\/www.pocapots.es\/en\/wp-json\/wp\/v2\/media\/985"}],"wp:attachment":[{"href":"https:\/\/www.pocapots.es\/en\/wp-json\/wp\/v2\/media?parent=6507"}],"wp:term":[{"taxonomy":"product_brand","embeddable":true,"href":"https:\/\/www.pocapots.es\/en\/wp-json\/wp\/v2\/product_brand?post=6507"},{"taxonomy":"product_cat","embeddable":true,"href":"https:\/\/www.pocapots.es\/en\/wp-json\/wp\/v2\/product_cat?post=6507"},{"taxonomy":"product_tag","embeddable":true,"href":"https:\/\/www.pocapots.es\/en\/wp-json\/wp\/v2\/product_tag?post=6507"}],"curies":[{"name":"wp","href":"https:\/\/api.w.org\/{rel}","templated":true}]}}