{"id":6504,"date":"2025-04-01T17:03:05","date_gmt":"2025-04-01T15:03:05","guid":{"rendered":"https:\/\/www.pocapots.es\/?post_type=product&#038;p=6504"},"modified":"2026-04-21T01:16:37","modified_gmt":"2026-04-20T23:16:37","slug":"caviar-daubergines","status":"publish","type":"product","link":"https:\/\/www.pocapots.es\/en\/produit\/caviar-daubergines\/","title":{"rendered":"Eggplant caviar"},"content":{"rendered":"<h2 class=\"wp-block-heading\">Composition<\/h2>\n\n\n\n<ul class=\"wp-block-list\">\n<li>Aubergine caviar (melting, fragrant, truly Mediterranean)<\/li>\n<li>Des aubergines bien confites, \u00e9cras\u00e9es grossi\u00e8rement pour garder de la m\u00e2che, une gousse d\u2019ail, des \u00e9chalotes finement cisel\u00e9es pour la douceur, un filet g\u00e9n\u00e9reux d\u2019huile d\u2019olive, et une touche d\u2019aneth frais pour r\u00e9veiller l\u2019ensemble.Servi avec des petits pains grill\u00e9s, dor\u00e9s et croustillants, parfaits pour racler l\u2019assiette jusqu\u2019\u00e0 la derni\u00e8re trace<\/li>\n<li>A simple, sunny, straightforward, rustic classic that smells of the South and well-crafted cuisine.<\/li>\n<li>&#x1f449; Go\u00fbt : doux, l\u00e9g\u00e8rement fum\u00e9, subtilement relev\u00e9&#x1f449; Texture : fondante, textur\u00e9e, jamais lisse&#x1f449; Parfait pour : ap\u00e9ro qui a du fond, entr\u00e9e fra\u00eeche ou partage assum\u00e9<\/li>\n<\/ul>\n\n\n\n<h2 class=\"wp-block-heading\">Pairing Suggestion<\/h2>\n\n\n\n<p>Ideal as a starter or as a buffet side. Pairs well with a dry Catalan white wine (Xarel\u00b7lo, Macabeu) or a well-chilled Proven\u00e7al ros\u00e9.<\/p>\n\n\n\n<h2 class=\"wp-block-heading\">Delivery &#038; Production<\/h2>\n\n\n\n<p>Made fresh daily in our kitchens. <strong>Free delivery in Barcelona from \u20ac60 ex VAT.<\/strong> For orders &gt; 6 units, please allow <strong>48 hours in advance<\/strong>.<\/p>\n\n\n\n<p><em>Allerg\u00e8nes :&#x1f33e; Gluten (petits pains grill\u00e9s)\nPeut contenir des traces de s\u00e9same ou fruits \u00e0 coque selon les pr\u00e9parations.<\/em><\/p>","protected":false},"excerpt":{"rendered":"<h3 data-start=\"161\" data-end=\"236\"><strong data-start=\"168\" data-end=\"236\">Aubergine caviar (melting, fragrant, truly Mediterranean)<\/strong><\/h3>\n<p data-start=\"189\" data-end=\"565\">Well-preserved aubergines, coarsely crushed to keep the lamb's lettuce, an <strong data-start=\"271\" data-end=\"287\">garlic clove<\/strong>, and <strong data-start=\"293\" data-end=\"324\">finely chopped shallots<\/strong> for sweetness, a generous drizzle of\u2019<strong data-start=\"362\" data-end=\"379\">olive oil<\/strong>, and a touch of\u2019<strong data-start=\"397\" data-end=\"412\">fresh dill<\/strong> to awaken the ensemble.<br data-start=\"439\" data-end=\"442\" \/>Served with <strong data-start=\"457\" data-end=\"481\">toasted bread rolls<\/strong>, They're golden and crisp, perfect for scraping every last trace off your plate.<\/p>\n<p data-start=\"567\" data-end=\"661\">A simple, sunny, straightforward, rustic classic that smells of the South and well-crafted cuisine.<\/p>\n<p data-start=\"663\" data-end=\"848\">\ud83d\udc49 <strong data-start=\"666\" data-end=\"676\">Taste :<\/strong> sweet, slightly smoky, subtly spicy<br data-start=\"718\" data-end=\"721\" \/>\ud83d\udc49 <strong data-start=\"724\" data-end=\"737\">Texture :<\/strong> melting, textured, never smooth<br data-start=\"770\" data-end=\"773\" \/>\ud83d\udc49 <strong data-start=\"776\" data-end=\"794\">Perfect for :<\/strong> an aperitif with substance, a fresh starter or an assertive sharer<\/p>\n<hr data-start=\"850\" data-end=\"853\" \/>\n<p data-start=\"855\" data-end=\"906\"><strong data-start=\"855\" data-end=\"871\">Allergens :<\/strong><br data-start=\"871\" data-end=\"874\" \/>\ud83c\udf3e Gluten (toasted rolls)<\/p>\n<p data-start=\"908\" data-end=\"984\">May contain traces of sesame or nuts depending on the preparation.<\/p>","protected":false},"featured_media":6892,"template":"","meta":{"rank_math_title":"Caviar d\u2019aubergines \u00e0 Barcelone | Poc a Pots","rank_math_description":"Caviar d\u2019aubergine (fondant, parfum\u00e9, franchement m\u00e9diterran\u00e9en) Des aubergines bien confites, \u00e9c\u2026 Livraison Barcelone d\u00e8s 60\u20ac.","rank_math_focus_keyword":"caviar d\u2019aubergines","rank_math_robots":null,"rank_math_canonical_url":"","rank_math_facebook_title":"","rank_math_facebook_description":"","_joinchat":[]},"product_brand":[],"product_cat":[79],"product_tag":[161,115,114],"class_list":{"0":"post-6504","1":"product","2":"type-product","3":"status-publish","4":"has-post-thumbnail","6":"product_cat-entrees-salades","7":"product_tag-legumes","8":"product_tag-vegan","9":"product_tag-vegetarien-2","11":"first","12":"instock","13":"taxable","14":"shipping-taxable","15":"purchasable","16":"product-type-simple"},"_links":{"self":[{"href":"https:\/\/www.pocapots.es\/en\/wp-json\/wp\/v2\/product\/6504","targetHints":{"allow":["GET"]}}],"collection":[{"href":"https:\/\/www.pocapots.es\/en\/wp-json\/wp\/v2\/product"}],"about":[{"href":"https:\/\/www.pocapots.es\/en\/wp-json\/wp\/v2\/types\/product"}],"wp:featuredmedia":[{"embeddable":true,"href":"https:\/\/www.pocapots.es\/en\/wp-json\/wp\/v2\/media\/6892"}],"wp:attachment":[{"href":"https:\/\/www.pocapots.es\/en\/wp-json\/wp\/v2\/media?parent=6504"}],"wp:term":[{"taxonomy":"product_brand","embeddable":true,"href":"https:\/\/www.pocapots.es\/en\/wp-json\/wp\/v2\/product_brand?post=6504"},{"taxonomy":"product_cat","embeddable":true,"href":"https:\/\/www.pocapots.es\/en\/wp-json\/wp\/v2\/product_cat?post=6504"},{"taxonomy":"product_tag","embeddable":true,"href":"https:\/\/www.pocapots.es\/en\/wp-json\/wp\/v2\/product_tag?post=6504"}],"curies":[{"name":"wp","href":"https:\/\/api.w.org\/{rel}","templated":true}]}}