{"id":6503,"date":"2025-04-01T17:03:05","date_gmt":"2025-04-01T15:03:05","guid":{"rendered":"https:\/\/www.pocapots.es\/?post_type=product&#038;p=6503"},"modified":"2026-04-21T01:16:40","modified_gmt":"2026-04-20T23:16:40","slug":"hummus-and-crudites","status":"publish","type":"product","link":"https:\/\/www.pocapots.es\/en\/produit\/hummus-et-crudites\/","title":{"rendered":"Hummus and raw vegetables"},"content":{"rendered":"<h2 class=\"wp-block-heading\">Composition<\/h2>\n\n\n\n<ul class=\"wp-block-list\">\n<li>Creamy, fragrant, a classic aperitif.<\/li>\n<\/ul>\n\n\n\n<h2 class=\"wp-block-heading\">Pairing Suggestion<\/h2>\n\n\n\n<p>Ideal as a starter or as a buffet side. Pairs well with a dry Catalan white wine (Xarel\u00b7lo, Macabeu) or a well-chilled Proven\u00e7al ros\u00e9.<\/p>\n\n\n\n<h2 class=\"wp-block-heading\">Delivery &#038; Production<\/h2>\n\n\n\n<p>Made fresh daily in our kitchens. <strong>Free delivery in Barcelona from \u20ac60 ex VAT.<\/strong> For orders &gt; 6 units, please allow <strong>48 hours in advance<\/strong>.<\/p>\n\n\n\n<p><em>Allergens : sesame<\/em><\/p>","protected":false},"excerpt":{"rendered":"<p>Creamy, fragrant, a classic aperitif.<br \/>\nAllergens : sesame<\/p>","protected":false},"featured_media":1699,"template":"","meta":{"rank_math_title":"Hummus et crudit\u00e9s \u00e0 Barcelone | Poc a Pots","rank_math_description":"Cr\u00e9meux, parfum\u00e9, un classique de l\u2019ap\u00e9ro. Livraison offerte \u00e0 Barcelone d\u00e8s 60 \u20ac. Poc a Pots, traiteur fran\u00e7ais.","rank_math_focus_keyword":"hummus et crudit\u00e9s","rank_math_robots":null,"rank_math_canonical_url":"","rank_math_facebook_title":"","rank_math_facebook_description":"","_joinchat":[]},"product_brand":[],"product_cat":[79],"product_tag":[115,114],"class_list":{"0":"post-6503","1":"product","2":"type-product","3":"status-publish","4":"has-post-thumbnail","6":"product_cat-entrees-salades","7":"product_tag-vegan","8":"product_tag-vegetarien-2","10":"first","11":"instock","12":"taxable","13":"shipping-taxable","14":"purchasable","15":"product-type-simple"},"_links":{"self":[{"href":"https:\/\/www.pocapots.es\/en\/wp-json\/wp\/v2\/product\/6503","targetHints":{"allow":["GET"]}}],"collection":[{"href":"https:\/\/www.pocapots.es\/en\/wp-json\/wp\/v2\/product"}],"about":[{"href":"https:\/\/www.pocapots.es\/en\/wp-json\/wp\/v2\/types\/product"}],"wp:featuredmedia":[{"embeddable":true,"href":"https:\/\/www.pocapots.es\/en\/wp-json\/wp\/v2\/media\/1699"}],"wp:attachment":[{"href":"https:\/\/www.pocapots.es\/en\/wp-json\/wp\/v2\/media?parent=6503"}],"wp:term":[{"taxonomy":"product_brand","embeddable":true,"href":"https:\/\/www.pocapots.es\/en\/wp-json\/wp\/v2\/product_brand?post=6503"},{"taxonomy":"product_cat","embeddable":true,"href":"https:\/\/www.pocapots.es\/en\/wp-json\/wp\/v2\/product_cat?post=6503"},{"taxonomy":"product_tag","embeddable":true,"href":"https:\/\/www.pocapots.es\/en\/wp-json\/wp\/v2\/product_tag?post=6503"}],"curies":[{"name":"wp","href":"https:\/\/api.w.org\/{rel}","templated":true}]}}