{"id":6499,"date":"2025-04-01T17:03:05","date_gmt":"2025-04-01T15:03:05","guid":{"rendered":"https:\/\/www.pocapots.es\/?post_type=product&#038;p=6499"},"modified":"2026-04-21T01:16:53","modified_gmt":"2026-04-20T23:16:53","slug":"roquefort-apple-walnut-salad","status":"publish","type":"product","link":"https:\/\/www.pocapots.es\/en\/produit\/salade-roquefort-pommes-noix\/","title":{"rendered":"Roquefort Salad with Apples and Walnuts"},"content":{"rendered":"<h2 class=\"wp-block-heading\">Composition<\/h2>\n\n\n\n<ul class=\"wp-block-list\">\n<li>Salade roquefort &#038; noix (franche, croquante, sans chichis)<\/li>\n<li>De feuilles de laitue bien croquantes, du roquefort cass\u00e9 \u00e0 la main \u2013 en morceaux irr\u00e9guliers, comme il se doit \u2013, des tomates cerises juteuses, et des noix g\u00e9n\u00e9reuses qui apportent le bon croquant.Le tout l\u00e9g\u00e8rement assaisonn\u00e9 pour laisser parler le caract\u00e8re du fromage, sans le dompter<\/li>\n<li>A simple, rustic and effective salad that doesn't try to be wise and fully embraces its temperament.<\/li>\n<li>&#x1f449; Go\u00fbt : franc, sal\u00e9, \u00e9quilibr\u00e9 par la fra\u00eecheur&#x1f449; Texture : croquant, fondant, vivant&#x1f449; Parfaite pour : d\u00e9jeuner bistrot, entr\u00e9e qui a du r\u00e9pondant, ou d\u00eener sans compromis<\/li>\n<li>Allerg\u00e8nes (on pr\u00e9f\u00e8re \u00eatre clairs) :&#x1f95b; Lait et produits laitiers (roquefort)&#x1f330; Fruits \u00e0 coque (noix)<\/li>\n<li>May contain traces of mustard depending on seasoning.<\/li>\n<\/ul>\n\n\n\n<h2 class=\"wp-block-heading\">Pairing Suggestion<\/h2>\n\n\n\n<p>Ideal as a starter or as a buffet side. Pairs well with a dry Catalan white wine (Xarel\u00b7lo, Macabeu) or a well-chilled Proven\u00e7al ros\u00e9.<\/p>\n\n\n\n<h2 class=\"wp-block-heading\">Delivery &#038; Production<\/h2>\n\n\n\n<p>Made fresh daily in our kitchens. <strong>Free delivery in Barcelona from \u20ac60 ex VAT.<\/strong> For orders &gt; 6 units, please allow <strong>48 hours in advance<\/strong>.<\/p>","protected":false},"excerpt":{"rendered":"<h3 data-start=\"169\" data-end=\"238\"><strong data-start=\"176\" data-end=\"238\">Roquefort &amp; walnut salad (clean, crunchy, no fuss)<\/strong><\/h3>\n<p data-start=\"240\" data-end=\"544\">Crisp lettuce leaves, Roquefort cheese <strong data-start=\"300\" data-end=\"319\">broken by hand<\/strong> - in irregular pieces, as you'd expect - juicy cherry tomatoes, and generous walnuts for a crunchy finish.<br data-start=\"450\" data-end=\"453\" \/>Lightly seasoned to bring out the character of the cheese, without overpowering it.<\/p>\n<p data-start=\"546\" data-end=\"655\">A simple, rustic and effective salad that doesn't try to be wise and fully embraces its temperament.<\/p>\n<p data-start=\"657\" data-end=\"849\">\ud83d\udc49 <strong data-start=\"660\" data-end=\"670\">Taste :<\/strong> frank, salty, balanced by freshness<br data-start=\"710\" data-end=\"713\" \/>\ud83d\udc49 <strong data-start=\"716\" data-end=\"729\">Texture :<\/strong> crunchy, melting, alive<br data-start=\"755\" data-end=\"758\" \/>\ud83d\udc49 <strong data-start=\"761\" data-end=\"780\">Perfect for :<\/strong> a bistro lunch, a lively starter or an uncompromising dinner<\/p>\n<hr data-start=\"851\" data-end=\"854\" \/>\n<p data-start=\"856\" data-end=\"967\"><strong data-start=\"856\" data-end=\"897\">Allergens (we prefer to be clear) :<\/strong><br data-start=\"897\" data-end=\"900\" \/>\ud83e\udd5b Milk and dairy products (Roquefort)<br data-start=\"940\" data-end=\"943\" \/>\ud83c\udf30 Nuts<\/p>\n<p data-start=\"969\" data-end=\"1029\">May contain traces of mustard depending on seasoning.<\/p>","protected":false},"featured_media":6891,"template":"","meta":{"rank_math_title":"Salade Roquefort pommes noix \u00e0 Barcelone | Poc a Pots","rank_math_description":"Salade roquefort & noix (franche, croquante, sans chichis) De feuilles de laitue bien croquantes,\u2026 Livraison Barcelone d\u00e8s 60\u20ac.","rank_math_focus_keyword":"salade roquefort pommes noix","rank_math_robots":null,"rank_math_canonical_url":"","rank_math_facebook_title":"","rank_math_facebook_description":"","_joinchat":[]},"product_brand":[],"product_cat":[79],"product_tag":[225],"class_list":{"0":"post-6499","1":"product","2":"type-product","3":"status-publish","4":"has-post-thumbnail","6":"product_cat-entrees-salades","7":"product_tag-salades","9":"first","10":"instock","11":"taxable","12":"shipping-taxable","13":"purchasable","14":"product-type-simple"},"_links":{"self":[{"href":"https:\/\/www.pocapots.es\/en\/wp-json\/wp\/v2\/product\/6499","targetHints":{"allow":["GET"]}}],"collection":[{"href":"https:\/\/www.pocapots.es\/en\/wp-json\/wp\/v2\/product"}],"about":[{"href":"https:\/\/www.pocapots.es\/en\/wp-json\/wp\/v2\/types\/product"}],"wp:featuredmedia":[{"embeddable":true,"href":"https:\/\/www.pocapots.es\/en\/wp-json\/wp\/v2\/media\/6891"}],"wp:attachment":[{"href":"https:\/\/www.pocapots.es\/en\/wp-json\/wp\/v2\/media?parent=6499"}],"wp:term":[{"taxonomy":"product_brand","embeddable":true,"href":"https:\/\/www.pocapots.es\/en\/wp-json\/wp\/v2\/product_brand?post=6499"},{"taxonomy":"product_cat","embeddable":true,"href":"https:\/\/www.pocapots.es\/en\/wp-json\/wp\/v2\/product_cat?post=6499"},{"taxonomy":"product_tag","embeddable":true,"href":"https:\/\/www.pocapots.es\/en\/wp-json\/wp\/v2\/product_tag?post=6499"}],"curies":[{"name":"wp","href":"https:\/\/api.w.org\/{rel}","templated":true}]}}