{"id":6492,"date":"2025-04-01T17:03:04","date_gmt":"2025-04-01T15:03:04","guid":{"rendered":"https:\/\/www.pocapots.es\/?post_type=product&#038;p=6492"},"modified":"2026-04-21T01:17:16","modified_gmt":"2026-04-20T23:17:16","slug":"lemon-meringue-pie","status":"publish","type":"product","link":"https:\/\/www.pocapots.es\/en\/produit\/tarte-citron-meringuee\/","title":{"rendered":"Lemon meringue pie"},"content":{"rendered":"<h2 class=\"wp-block-heading\">Composition<\/h2>\n\n\n\n<ul class=\"wp-block-list\">\n<li>Acidic, sweet, crisp, melting... A perfect balance.<\/li>\n<\/ul>\n\n\n\n<h2 class=\"wp-block-heading\">Pairing Suggestion<\/h2>\n\n\n\n<p>Perfect for rounding off a meal. Pairs beautifully with a sweet wine (Sauternes, Banyuls) or a well-chilled demi-sec cava. Optionally, coffee or black tea for a classic, clean finish.<\/p>\n\n\n\n<h2 class=\"wp-block-heading\">Delivery &#038; Production<\/h2>\n\n\n\n<p>Made fresh daily in our kitchens. <strong>Free delivery in Barcelona from \u20ac60 ex VAT.<\/strong> For orders &gt; 6 units, please allow <strong>48 hours in advance<\/strong>.<\/p>\n\n\n\n<p><em>Allergens: gluten, eggs, lactose<\/em><\/p>","protected":false},"excerpt":{"rendered":"<p>Acidic, sweet, crisp, melting... A perfect balance.<br \/>\nAllergens: gluten, eggs, lactose<\/p>","protected":false},"featured_media":541,"template":"","meta":{"rank_math_title":"Tarte citron meringu\u00e9e \u2014 Desserts \u00e0 Barcelone | Poc a Pots","rank_math_description":"Acidul\u00e9e, sucr\u00e9e, croustillante, fondante\u2026 Un \u00e9quilibre parfait. Livraison offerte \u00e0 Barcelone d\u00e8s 60 \u20ac HT. Commandez en ligne.","rank_math_focus_keyword":"tarte citron meringu\u00e9e","rank_math_robots":null,"rank_math_canonical_url":"","rank_math_facebook_title":"","rank_math_facebook_description":"","_joinchat":[]},"product_brand":[],"product_cat":[80],"product_tag":[255,254,159],"class_list":{"0":"post-6492","1":"product","2":"type-product","3":"status-publish","4":"has-post-thumbnail","6":"product_cat-desserts","7":"product_tag-dessert","8":"product_tag-farine-bio","9":"product_tag-fruits","11":"first","12":"instock","13":"taxable","14":"shipping-taxable","15":"purchasable","16":"product-type-simple"},"_links":{"self":[{"href":"https:\/\/www.pocapots.es\/en\/wp-json\/wp\/v2\/product\/6492","targetHints":{"allow":["GET"]}}],"collection":[{"href":"https:\/\/www.pocapots.es\/en\/wp-json\/wp\/v2\/product"}],"about":[{"href":"https:\/\/www.pocapots.es\/en\/wp-json\/wp\/v2\/types\/product"}],"wp:featuredmedia":[{"embeddable":true,"href":"https:\/\/www.pocapots.es\/en\/wp-json\/wp\/v2\/media\/541"}],"wp:attachment":[{"href":"https:\/\/www.pocapots.es\/en\/wp-json\/wp\/v2\/media?parent=6492"}],"wp:term":[{"taxonomy":"product_brand","embeddable":true,"href":"https:\/\/www.pocapots.es\/en\/wp-json\/wp\/v2\/product_brand?post=6492"},{"taxonomy":"product_cat","embeddable":true,"href":"https:\/\/www.pocapots.es\/en\/wp-json\/wp\/v2\/product_cat?post=6492"},{"taxonomy":"product_tag","embeddable":true,"href":"https:\/\/www.pocapots.es\/en\/wp-json\/wp\/v2\/product_tag?post=6492"}],"curies":[{"name":"wp","href":"https:\/\/api.w.org\/{rel}","templated":true}]}}