{"id":846,"date":"2021-08-24T15:47:47","date_gmt":"2021-08-24T13:47:47","guid":{"rendered":"https:\/\/pocapots.tiviti.es\/?page_id=846"},"modified":"2026-04-20T22:20:46","modified_gmt":"2026-04-20T20:20:46","slug":"all-our-products","status":"publish","type":"page","link":"https:\/\/www.pocapots.es\/en\/tous-nos-produits\/","title":{"rendered":"All our products"},"content":{"rendered":"","protected":false},"excerpt":{"rendered":"","protected":false},"author":1,"featured_media":0,"parent":0,"menu_order":0,"comment_status":"closed","ping_status":"closed","template":"","meta":{"rank_math_title":"Boutique \u2014 Traiteur fran\u00e7ais \u00e0 Barcelone | Buffets, plateaux, desserts","rank_math_description":"Catalogue Poc a Pots : buffets compos\u00e9s, plateaux sal\u00e9s et sucr\u00e9s, plats \u00e0 partager, desserts. Livraison gratuite \u00e0 Barcelone d\u00e8s 60\u20ac. Commande en ligne.","rank_math_focus_keyword":"traiteur livraison barcelone","rank_math_robots":null,"rank_math_canonical_url":"","rank_math_facebook_title":"D\u00e9couvrez notre cuisine fran\u00e7aise \u00e0 Barcelone","rank_math_facebook_description":"Tous les meilleurs plats de la cuisine fran\u00e7aise \u00e0 Barcelone. Buffets sal\u00e9s et sucr\u00e9s pour ravir les amateurs de cuisine fran\u00e7aise \u00e0 Barcelone!","_joinchat":[],"footnotes":""},"class_list":["post-846","page","type-page","status-publish","hentry"],"_links":{"self":[{"href":"https:\/\/www.pocapots.es\/en\/wp-json\/wp\/v2\/pages\/846","targetHints":{"allow":["GET"]}}],"collection":[{"href":"https:\/\/www.pocapots.es\/en\/wp-json\/wp\/v2\/pages"}],"about":[{"href":"https:\/\/www.pocapots.es\/en\/wp-json\/wp\/v2\/types\/page"}],"author":[{"embeddable":true,"href":"https:\/\/www.pocapots.es\/en\/wp-json\/wp\/v2\/users\/1"}],"replies":[{"embeddable":true,"href":"https:\/\/www.pocapots.es\/en\/wp-json\/wp\/v2\/comments?post=846"}],"version-history":[{"count":1,"href":"https:\/\/www.pocapots.es\/en\/wp-json\/wp\/v2\/pages\/846\/revisions"}],"predecessor-version":[{"id":6944,"href":"https:\/\/www.pocapots.es\/en\/wp-json\/wp\/v2\/pages\/846\/revisions\/6944"}],"wp:attachment":[{"href":"https:\/\/www.pocapots.es\/en\/wp-json\/wp\/v2\/media?parent=846"}],"curies":[{"name":"wp","href":"https:\/\/api.w.org\/{rel}","templated":true}]}}