{"id":6710,"date":"2025-04-02T22:12:26","date_gmt":"2025-04-02T20:12:26","guid":{"rendered":"https:\/\/www.pocapots.es\/?page_id=6710"},"modified":"2026-04-20T22:20:27","modified_gmt":"2026-04-20T20:20:27","slug":"your-event","status":"publish","type":"page","link":"https:\/\/www.pocapots.es\/en\/votre-evenement\/","title":{"rendered":"Your Event"},"content":{"rendered":"<h2 class=\"wp-block-heading\"><strong>Organising an event couldn't be easier!<\/strong><\/h2>\n\n\n\n<div class=\"wp-block-group alignfull is-content-justification-center is-layout-constrained wp-container-core-group-is-layout-b073b61b wp-block-group-is-layout-constrained\" style=\"margin-top:0;margin-bottom:0;padding-top:calc( 0.5 * var(--wp--style--root--padding-right, var(--wp--custom--gap--horizontal)));padding-right:var(--wp--style--root--padding-right, var(--wp--custom--gap--horizontal));padding-bottom:calc( 0.5 * var(--wp--style--root--padding-right, var(--wp--custom--gap--horizontal)));padding-left:var(--wp--style--root--padding-left, var(--wp--custom--gap--horizontal))\">\n<div style=\"height:0px\" aria-hidden=\"true\" class=\"wp-block-spacer\"><\/div>\n\n\n\n<div class=\"wp-block-columns alignwide are-vertically-aligned-center is-layout-flex wp-container-core-columns-is-layout-6aa4370a wp-block-columns-is-layout-flex\">\n<div class=\"wp-block-column is-vertically-aligned-center is-layout-flow wp-block-column-is-layout-flow\">\n<figure class=\"wp-block-image size-full\"><img decoding=\"async\" width=\"2560\" height=\"1920\" data-src=\"https:\/\/www.pocapots.es\/wp-content\/uploads\/2025\/04\/IMG_20250125_214133-scaled.jpeg\" alt=\"\" class=\"wp-image-6719 lazyload\" style=\"--smush-placeholder-width: 2560px; --smush-placeholder-aspect-ratio: 2560\/1920;aspect-ratio:1;object-fit:cover\" data-srcset=\"https:\/\/www.pocapots.es\/wp-content\/uploads\/2025\/04\/IMG_20250125_214133-scaled.jpeg 2560w, https:\/\/www.pocapots.es\/wp-content\/uploads\/2025\/04\/IMG_20250125_214133-300x225.jpeg 300w, https:\/\/www.pocapots.es\/wp-content\/uploads\/2025\/04\/IMG_20250125_214133-1024x768.jpeg 1024w, https:\/\/www.pocapots.es\/wp-content\/uploads\/2025\/04\/IMG_20250125_214133-768x576.jpeg 768w, https:\/\/www.pocapots.es\/wp-content\/uploads\/2025\/04\/IMG_20250125_214133-1536x1152.jpeg 1536w, https:\/\/www.pocapots.es\/wp-content\/uploads\/2025\/04\/IMG_20250125_214133-2048x1536.jpeg 2048w, https:\/\/www.pocapots.es\/wp-content\/uploads\/2025\/04\/IMG_20250125_214133-600x450.jpeg 600w\" data-sizes=\"(max-width: 2560px) 100vw, 2560px\" src=\"data:image\/svg+xml;base64,PHN2ZyB3aWR0aD0iMSIgaGVpZ2h0PSIxIiB4bWxucz0iaHR0cDovL3d3dy53My5vcmcvMjAwMC9zdmciPjwvc3ZnPg==\" \/><\/figure>\n\n\n\n<p><strong>1 drink included <br><\/strong>(juice, wine, cava, beer, vermouth)<\/p>\n\n\n\n<p><\/p>\n<\/div>\n\n\n\n<div class=\"wp-block-column is-vertically-aligned-center is-layout-flow wp-block-column-is-layout-flow\">\n<h3 class=\"wp-block-heading alignwide\">Buffet menu \u20ac25\/person<\/h3>\n\n\n\n<ul class=\"wp-block-list\">\n<li>Toast with duck rillettes OR toast with Iberian ham<\/li>\n\n\n\n<li>Mini Lorraine quiche (bacon) OR Mini spinach and goat's cheese quiche<\/li>\n\n\n\n<li>Lentil OR quinoa OR hummus salad<\/li>\n\n\n\n<li>Sausage, mustard and Emmental puff pastry OR spinach and goat's cheese puff pastry<\/li>\n\n\n\n<li>Tortilla tapas on bread and cherry tomatoes <\/li>\n\n\n\n<li>Beef and cheddar burger OR tarragon chicken rillettes burger<\/li>\n\n\n\n<li>Toast with French cheese OR local cheese and dried fruit<\/li>\n\n\n\n<li>You choose whether you want a birthday cake (large cake OR miniatures)<\/li>\n\n\n\n<li>Chocolate brownie 70%<\/li>\n\n\n\n<li>Exotic fruit skewers<\/li>\n<\/ul>\n<\/div>\n<\/div>\n\n\n\n<div style=\"height:calc( 0.25 * var(--wp--style--root--padding-right, var(--wp--custom--gap--horizontal)))\" aria-hidden=\"true\" class=\"wp-block-spacer\"><\/div>\n<\/div>\n\n\n\n<div class=\"wp-block-buttons is-layout-flex wp-block-buttons-is-layout-flex\">\n<div class=\"wp-block-button\"><a class=\"wp-block-button__link wp-element-button\" href=\"https:\/\/web.whatsapp.com\/send?phone=34693586456&amp;text=Bonjour%20Poc%20a%20Pots!\" target=\"_blank\" rel=\"noreferrer noopener\">Contact us<\/a><\/div>\n<\/div>\n\n\n\n<hr class=\"wp-block-separator has-alpha-channel-opacity\"\/>\n\n\n\n<div class=\"wp-block-group alignfull is-content-justification-center is-layout-constrained wp-container-core-group-is-layout-b073b61b wp-block-group-is-layout-constrained\" style=\"margin-top:0;margin-bottom:0;padding-top:calc( 0.5 * var(--wp--style--root--padding-right, var(--wp--custom--gap--horizontal)));padding-right:var(--wp--style--root--padding-right, var(--wp--custom--gap--horizontal));padding-bottom:calc( 0.5 * var(--wp--style--root--padding-right, var(--wp--custom--gap--horizontal)));padding-left:var(--wp--style--root--padding-left, var(--wp--custom--gap--horizontal))\">\n<div style=\"height:calc( 0.25 * var(--wp--style--root--padding-right, var(--wp--custom--gap--horizontal)))\" aria-hidden=\"true\" class=\"wp-block-spacer\"><\/div>\n\n\n\n<div class=\"wp-block-group alignwide is-layout-constrained wp-block-group-is-layout-constrained\">\n<h3 class=\"wp-block-heading alignfull has-text-align-left\" style=\"font-style:normal;font-weight:100\"><strong>Seated menu \u20ac25\/person for up to 35 people in the dining room<\/strong><\/h3>\n<\/div>\n\n\n\n<div class=\"wp-block-columns alignwide is-layout-flex wp-container-core-columns-is-layout-1a7dd963 wp-block-columns-is-layout-flex\">\n<div class=\"wp-block-column is-layout-flow wp-block-column-is-layout-flow\">\n<h3 class=\"wp-block-heading is-service-name has-medium-font-size\" style=\"font-style:normal;font-weight:700\">Inputs<\/h3>\n\n\n\n<p class=\"is-service-description\">Mini Quiche Lorraine (bacon) or Mini Quiche Spinach and Goat's cheese<\/p>\n\n\n\n<p class=\"is-service-description\">Mini lentil or quinoa salad or hummus<\/p>\n\n\n\n<p class=\"is-service-description\">Mini sausage and Emmental puff pastry or spinach and goat's cheese puff pastry.<\/p>\n<\/div>\n\n\n\n<div class=\"wp-block-column is-layout-flow wp-block-column-is-layout-flow\">\n<h3 class=\"wp-block-heading is-service-name has-medium-font-size\" style=\"font-style:normal;font-weight:700\">Dishes<\/h3>\n\n\n\n<p class=\"has-text-align-left is-service-description\">Beef and lettuce lasagne<br><strong>or<\/strong><br>Galette compl\u00e8te (buckwheat pancakes with ham, cheese and egg) with lettuce<br><strong>or<\/strong><br>Moroccan chicken or vegan tagine with couscous<br><strong>or<\/strong><br>Pork cheek confit with honey and thyme sauce or duck confit (+\u20ac2) with rice or mashed potatoes<\/p>\n\n\n\n<p class=\"is-service-description\"><\/p>\n<\/div>\n\n\n\n<div class=\"wp-block-column is-layout-flow wp-block-column-is-layout-flow\">\n<h3 class=\"wp-block-heading is-service-name has-medium-font-size\" style=\"font-style:normal;font-weight:700\">Desserts<\/h3>\n\n\n\n<p class=\"is-service-description\">You choose whether you want a birthday cake (large or miniature)<\/p>\n\n\n\n<p class=\"is-service-description\">Chocolate brownie 70%<\/p>\n\n\n\n<p class=\"is-service-description\">Exotic fruit skewers<\/p>\n\n\n\n<p class=\"is-service-description\"><\/p>\n<\/div>\n<\/div>\n\n\n\n<div style=\"height:calc( 0.25 * var(--wp--style--root--padding-right, var(--wp--custom--gap--horizontal)))\" aria-hidden=\"true\" class=\"wp-block-spacer\"><\/div>\n<\/div>\n\n\n\n<div class=\"wp-block-buttons is-layout-flex wp-block-buttons-is-layout-flex\">\n<div class=\"wp-block-button\"><a class=\"wp-block-button__link wp-element-button\" href=\"https:\/\/web.whatsapp.com\/send?phone=34693586456&amp;text=Bonjour%20Poc%20a%20Pots!\" target=\"_blank\" rel=\"noreferrer noopener\">Contact us<\/a><\/div>\n<\/div>\n\n\n\n<hr class=\"wp-block-separator has-alpha-channel-opacity\"\/>\n\n\n\n<div class=\"wp-block-group alignfull is-content-justification-center is-layout-constrained wp-container-core-group-is-layout-b073b61b wp-block-group-is-layout-constrained\" style=\"margin-top:0;margin-bottom:0;padding-top:calc( 0.5 * var(--wp--style--root--padding-right, var(--wp--custom--gap--horizontal)));padding-right:var(--wp--style--root--padding-right, var(--wp--custom--gap--horizontal));padding-bottom:calc( 0.5 * var(--wp--style--root--padding-right, var(--wp--custom--gap--horizontal)));padding-left:var(--wp--style--root--padding-left, var(--wp--custom--gap--horizontal))\">\n<div style=\"height:0px\" aria-hidden=\"true\" class=\"wp-block-spacer\"><\/div>\n\n\n\n<div class=\"wp-block-group alignwide is-layout-constrained wp-block-group-is-layout-constrained\">\n<h3 class=\"wp-block-heading alignfull has-text-align-left\" style=\"font-style:normal;font-weight:100\"><strong>Conditions<\/strong><\/h3>\n<\/div>\n\n\n\n<div class=\"wp-block-columns alignwide is-layout-flex wp-container-core-columns-is-layout-1a7dd963 wp-block-columns-is-layout-flex\">\n<div class=\"wp-block-column is-layout-flow wp-block-column-is-layout-flow\">\n<p class=\"is-service-description\">We accept reservations <strong>from 20 people<\/strong> up to 100 people.<\/p>\n\n\n\n<p class=\"is-service-description\">Menus and desserts can be more elaborate if you have a larger budget, with more gastronomic references.<\/p>\n\n\n\n<p class=\"is-service-description\"><strong>Drinks prices <\/strong>outside the menu<br>Softs: \u20ac2.5<br>Beer: \u20ac3.50<br>Organic wine: \u20ac4<br>Shots: \u20ac4<br>Cubatas: \u20ac8<\/p>\n\n\n\n<p class=\"is-service-description\">It is forbidden to bring food or drink.<\/p>\n\n\n\n<p class=\"is-service-description\"><\/p>\n<\/div>\n\n\n\n<div class=\"wp-block-column is-layout-flow wp-block-column-is-layout-flow\">\n<p class=\"is-service-description\"><strong>Timetable :<\/strong><br>Decoration from 7.30pm.<br>Groups of 30 people until 1am.<br>Groups of 20 until midnight.<\/p>\n\n\n\n<p class=\"is-service-description\"><strong>Karaoke available<\/strong> on request (additional cost: \u20ac150)!<br>Decoration without confetti (prohibited)<\/p>\n\n\n\n<p class=\"is-service-description\">You can bring your own DJ or take control of the music with Spotify. We can also provide a DJ at an additional cost of \u20ac300.<\/p>\n\n\n\n<p class=\"is-service-description\"><strong>Video broadcasting<\/strong> possible<br>(Video projector, LED screen, etc.)<\/p>\n\n\n\n<p class=\"has-text-align-left is-service-description\"><\/p>\n\n\n\n<p class=\"is-service-description\"><\/p>\n<\/div>\n\n\n\n<div class=\"wp-block-column is-layout-flow wp-block-column-is-layout-flow\">\n<p class=\"is-service-description\">Use of the terrace ends at 11pm.<\/p>\n\n\n\n<p class=\"is-service-description\">Music can continue inside until 1am (Friday and Saturday) and until midnight on other days (you can go outside to smoke on the car park side).<\/p>\n\n\n\n<p class=\"is-service-description\">There are 3 car parks next to the premises (choose the ones opposite that do NOT close at night and warn your guests).<\/p>\n\n\n\n<p class=\"is-service-description\">Menus must be paid for before or on arrival! <\/p>\n\n\n\n<p class=\"is-service-description\"><\/p>\n<\/div>\n<\/div>\n\n\n\n<div style=\"height:calc( 0.25 * var(--wp--style--root--padding-right, var(--wp--custom--gap--horizontal)))\" aria-hidden=\"true\" class=\"wp-block-spacer\"><\/div>\n<\/div>\n\n\n\n<div class=\"wp-block-buttons is-layout-flex wp-block-buttons-is-layout-flex\">\n<div class=\"wp-block-button\"><a class=\"wp-block-button__link wp-element-button\" href=\"https:\/\/web.whatsapp.com\/send?phone=34693586456&amp;text=Bonjour%20Poc%20a%20Pots!\" target=\"_blank\" rel=\"noreferrer noopener\">Contact us<\/a><\/div>\n<\/div>\n\n\n\n<p><\/p>","protected":false},"excerpt":{"rendered":"<p>Vous souhaitez organiser un \u00e9v\u00e9nement, rien de plus simple ! 1 boisson inclue (jus, vins, cava, bi\u00e8re, vermouth) Menu buffet 25\u20ac\/personne Menu assis 25\u20ac\/pers jusqu&rsquo;\u00e0 35 personnes maximum en salle Entr\u00e9es Mini Quiche Lorraine (bacon) ou Mini Quiche \u00c9pinards et Ch\u00e8vre Mini salade de lentilles ou de quinoa ou houmous Mini feuillet\u00e9 saucisse et emmental [&#8230;]\n","protected":false},"author":39,"featured_media":0,"parent":0,"menu_order":0,"comment_status":"closed","ping_status":"closed","template":"","meta":{"rank_math_title":"Nos services \u2014 Catering \u00e9v\u00e9nementiel, entreprises & yachts \u00e0 Barcelone","rank_math_description":"De vos s\u00e9minaires \u00e0 vos \u00e9v\u00e9nements priv\u00e9s : buffets, cocktails, chef \u00e0 domicile, catering yacht. Poc a Pots organise votre \u00e9v\u00e9nement \u00e0 Barcelone, cl\u00e9 en main.","rank_math_focus_keyword":"catering \u00e9v\u00e9nementiel barcelone","rank_math_robots":null,"rank_math_canonical_url":"","rank_math_facebook_title":"","rank_math_facebook_description":"","_joinchat":[],"footnotes":""},"class_list":["post-6710","page","type-page","status-publish","hentry"],"_links":{"self":[{"href":"https:\/\/www.pocapots.es\/en\/wp-json\/wp\/v2\/pages\/6710","targetHints":{"allow":["GET"]}}],"collection":[{"href":"https:\/\/www.pocapots.es\/en\/wp-json\/wp\/v2\/pages"}],"about":[{"href":"https:\/\/www.pocapots.es\/en\/wp-json\/wp\/v2\/types\/page"}],"author":[{"embeddable":true,"href":"https:\/\/www.pocapots.es\/en\/wp-json\/wp\/v2\/users\/39"}],"replies":[{"embeddable":true,"href":"https:\/\/www.pocapots.es\/en\/wp-json\/wp\/v2\/comments?post=6710"}],"version-history":[{"count":11,"href":"https:\/\/www.pocapots.es\/en\/wp-json\/wp\/v2\/pages\/6710\/revisions"}],"predecessor-version":[{"id":6879,"href":"https:\/\/www.pocapots.es\/en\/wp-json\/wp\/v2\/pages\/6710\/revisions\/6879"}],"wp:attachment":[{"href":"https:\/\/www.pocapots.es\/en\/wp-json\/wp\/v2\/media?parent=6710"}],"curies":[{"name":"wp","href":"https:\/\/api.w.org\/{rel}","templated":true}]}}