{"id":6211,"date":"2024-09-20T12:23:10","date_gmt":"2024-09-20T10:23:10","guid":{"rendered":"https:\/\/www.pocapots.es\/?page_id=6211"},"modified":"2024-09-20T12:23:10","modified_gmt":"2024-09-20T10:23:10","slug":"our-daily-specials-for-coworking-spaces-in-barcelona","status":"publish","type":"page","link":"https:\/\/www.pocapots.es\/en\/nos-plats-du-jour-pour-les-espaces-de-coworking-a-barcelone\/","title":{"rendered":"Nos Plats du Jour pour les Espaces de Coworking \u00e0 Barcelone"},"content":{"rendered":"<h2 class=\"wp-block-heading\">Discover our daily delights: the French touch at the heart of your coworking space in Barcelona!<\/h2>\n\n\n\n<p>You work hard to achieve your professional goals, and we work just as hard to provide you with tasty meals that will delight your taste buds. Dive into our international cuisine with a French touch with our homemade daily specials.<\/p>\n\n\n\n<h3 class=\"wp-block-heading\">An authentic, healthy and local culinary experience<\/h3>\n\n\n\n<p>Our daily specials are prepared with mainly organic and local ingredients, guaranteeing freshness, flavour and respect for the environment. Every day, a new taste experience awaits you, inspired by the seasons and the magnificent produce of our region.<\/p>\n\n\n\n<ul class=\"wp-block-list\">\n<li>Have you had enough of fast, industrial meals?<\/li>\n\n\n\n<li>Looking for a healthy, balanced diet?<\/li>\n\n\n\n<li>Are you a fan of authentic French cuisine?<\/li>\n\n\n\n<li>Looking to support local businesses and organic farmers?<\/li>\n\n\n\n<li>Do you work in a coworking space in Barcelona and want to treat yourself without leaving your desk?<\/li>\n<\/ul>\n\n\n\n<h3 class=\"wp-block-heading\">Why choose our service?<\/h3>\n\n\n\n<p>We're not just another catering service, we're your partner for healthy, tasty food. With us, you can be sure of :<\/p>\n\n\n\n<ul class=\"wp-block-list\">\n<li><strong>Eating home-cooked food<\/strong>without compromising on quality.<\/li>\n\n\n\n<li><strong>Enjoy organic and local ingredients<\/strong>respectful of your health and our planet.<\/li>\n\n\n\n<li><strong>And even eat dishes made to order<\/strong> (for more than 12 people)<\/li>\n<\/ul>\n\n\n\n<h3 class=\"wp-block-heading\">Recommended by our satisfied customers<\/h3>\n\n\n\n<figure class=\"wp-block-image size-medium is-resized\"><img decoding=\"async\" width=\"300\" height=\"244\" data-src=\"https:\/\/www.pocapots.es\/wp-content\/uploads\/2024\/09\/image-300x244.png\" alt=\"\" class=\"wp-image-6213 lazyload\" style=\"--smush-placeholder-width: 300px; --smush-placeholder-aspect-ratio: 300\/244;aspect-ratio:1;object-fit:contain;width:150px\" data-srcset=\"https:\/\/www.pocapots.es\/wp-content\/uploads\/2024\/09\/image-300x244.png 300w, https:\/\/www.pocapots.es\/wp-content\/uploads\/2024\/09\/image-768x626.png 768w, https:\/\/www.pocapots.es\/wp-content\/uploads\/2024\/09\/image-15x12.png 15w, https:\/\/www.pocapots.es\/wp-content\/uploads\/2024\/09\/image-600x489.png 600w, https:\/\/www.pocapots.es\/wp-content\/uploads\/2024\/09\/image.png 1024w\" data-sizes=\"(max-width: 300px) 100vw, 300px\" src=\"data:image\/svg+xml;base64,PHN2ZyB3aWR0aD0iMSIgaGVpZ2h0PSIxIiB4bWxucz0iaHR0cDovL3d3dy53My5vcmcvMjAwMC9zdmciPjwvc3ZnPg==\" \/><\/figure>\n\n\n\n<p>For the past 7 years, we have been putting all our know-how at the service of the local community and French expatriates. Our daily specials are the quintessence of our experience and our passion for French cuisine.<\/p>\n\n\n\n<p>Every day, our dishes delight the taste buds of our loyal customers in our restaurant in the heart of Barcelona. Let yourself be tempted by a cuisine that combines tradition, taste and health.<\/p>\n\n\n\n<p>Our customers love us, and this is reflected in our excellent Google reviews. <strong>With a rating of 4.9\/5<\/strong>Our commitment to offering you the very best is recognised by all those who have tasted our specialities.<\/p>\n\n\n\n<blockquote class=\"wp-block-quote has-medium-font-size is-layout-flow wp-block-quote-is-layout-flow\">\n<p class=\"has-small-font-size\"><strong>The dishes are delicious and varied, a real delight every day. You can feel the love for quality cooking. Thank you!\" - Marie L.<\/strong><\/p>\n<\/blockquote>\n\n\n\n<h3 class=\"wp-block-heading\">Fast next-day or same-day delivery for orders before 12:00 noon<\/h3>\n\n\n\n<p>We know that your time is precious. That's why we're committed to delivering your meals directly to your coworking space, free of charge for orders over \u20ac60.<\/p>\n\n\n\n<h3 class=\"wp-block-heading\">Limited quantities available!<\/h3>\n\n\n\n<p>Our daily specials are available in limited quantities to ensure optimum freshness. Don't delay in ordering!<\/p>\n\n\n\n<div class=\"wp-block-buttons is-layout-flex wp-block-buttons-is-layout-flex\">\n<div class=\"wp-block-button\"><a class=\"wp-block-button__link wp-element-button\">Order now!<\/a><\/div>\n<\/div>","protected":false},"excerpt":{"rendered":"<p>D\u00e9couvrez nos d\u00e9lices quotidiens : la touche fran\u00e7aise au c\u0153ur de votre espace de coworking \u00e0 Barcelone ! Vous travaillez dur pour atteindre vos objectifs professionnels, et nous travaillons tout aussi dur pour vous offrir des repas savoureux qui raviront vos papilles. Plongez dans notre cuisine internationale avec une \u00ab\u00a0French touch\u00a0\u00bb avec nos plats du [&#8230;]\n","protected":false},"author":39,"featured_media":0,"parent":0,"menu_order":0,"comment_status":"closed","ping_status":"closed","template":"","meta":{"_joinchat":[],"footnotes":""},"class_list":["post-6211","page","type-page","status-publish","hentry"],"_links":{"self":[{"href":"https:\/\/www.pocapots.es\/en\/wp-json\/wp\/v2\/pages\/6211","targetHints":{"allow":["GET"]}}],"collection":[{"href":"https:\/\/www.pocapots.es\/en\/wp-json\/wp\/v2\/pages"}],"about":[{"href":"https:\/\/www.pocapots.es\/en\/wp-json\/wp\/v2\/types\/page"}],"author":[{"embeddable":true,"href":"https:\/\/www.pocapots.es\/en\/wp-json\/wp\/v2\/users\/39"}],"replies":[{"embeddable":true,"href":"https:\/\/www.pocapots.es\/en\/wp-json\/wp\/v2\/comments?post=6211"}],"version-history":[{"count":2,"href":"https:\/\/www.pocapots.es\/en\/wp-json\/wp\/v2\/pages\/6211\/revisions"}],"predecessor-version":[{"id":6214,"href":"https:\/\/www.pocapots.es\/en\/wp-json\/wp\/v2\/pages\/6211\/revisions\/6214"}],"wp:attachment":[{"href":"https:\/\/www.pocapots.es\/en\/wp-json\/wp\/v2\/media?parent=6211"}],"curies":[{"name":"wp","href":"https:\/\/api.w.org\/{rel}","templated":true}]}}