{"id":418,"date":"2021-05-19T19:09:09","date_gmt":"2021-05-19T17:09:09","guid":{"rendered":"https:\/\/pocapots.tiviti.es\/?page_id=418"},"modified":"2023-06-29T15:01:53","modified_gmt":"2023-06-29T13:01:53","slug":"legal-notice","status":"publish","type":"page","link":"https:\/\/www.pocapots.es\/en\/mentions-legales\/","title":{"rendered":"Legal Notice"},"content":{"rendered":"<h2 class=\"wp-block-heading\"><strong>ARTICLE 1 \u2013 LEGAL INFORMATION<\/strong><\/h2>\n\n\n\n<p>Under Article 10 of the Law on Information Society Services and Electronic Commerce, the identity of the various stakeholders is specified in the context of its implementation and monitoring.<\/p>\n\n\n\n<h3 class=\"wp-block-heading\"><strong>AT.<\/strong>\u00a0Site editor<\/h3>\n\n\n\n<p>The site is published by Virginie Rocher, professional (aut\u00f3nomo) domiciled at the following address: Calle Salva, 23 08004 Barcelona and having NIF Y1388652H as NIF.<\/p>\n\n\n\n<p>Phone : <a href=\"https:\/\/www.google.com\/search?q=poc+a+pots+&amp;safe=active&amp;sxsrf=ALeKk02fyK5JWjQ5jnygsXcpL8abqoO9Dg%3A1621443852618&amp;ei=DEWlYLSBJZTaUqbEvuAC&amp;oq=poc+a+pots+&amp;gs_lcp=Cgdnd3Mtd2l6EAMyBAgjECcyBAgjECcyBggAEBYQHjoHCCMQsAMQJzoHCAAQRxCwA1DqLljnL2CgMWgCcAJ4AIABcIgBnAKSAQMxLjKYAQCgAQGqAQdnd3Mtd2l6yAEDwAEB&amp;sclient=gws-wiz&amp;ved=0ahUKEwi0t-6GndbwAhUUrRQKHSaiDywQ4dUDCA4&amp;uact=5#\" data-dtype=\"d3ifr\" data-local-attribute=\"d3ph\" data-ved=\"2ahUKEwi88N3zntbwAhUD8eAKHabQBCAQkAgoADAcegQIIBAD\">+34 693 58 64 56<\/a> (Whastapp, Phone)<\/p>\n\n\n\n<p>Email address: pocapots@gmail.com<\/p>\n\n\n\n<p><em>hereinafter &quot;the Publisher&quot;<\/em><\/p>\n\n\n\n<h3 class=\"wp-block-heading\"><strong>B.<\/strong>\u00a0Publication director<\/h3>\n\n\n\n<p>The Publication Director is Virginie Rocher.&nbsp;<\/p>\n\n\n\n<h3 class=\"wp-block-heading\"><strong>vs.<\/strong>\u00a0Site host<\/h3>\n\n\n\n<p>The site is hosted by OVH \u2013 2 rue Kellermann \u2013 59100 Roubaix \u2013 France.&nbsp; &nbsp; &nbsp; &nbsp; &nbsp; &nbsp; &nbsp; &nbsp; &nbsp; &nbsp; &nbsp;&nbsp;<\/p>\n\n\n\n<h3 class=\"wp-block-heading\"><strong>D.<\/strong>&nbsp;Users<\/h3>\n\n\n\n<p>Users are considered to be all Internet users who browse, read, view and use the site.<\/p>\n\n\n\n<h2 class=\"wp-block-heading\"><strong>ARTICLE 2 \u2013 ACCESSIBILITY<\/strong><\/h2>\n\n\n\n<p>The Site is in principle accessible to Users 24 hours a day, 7 days a week, except for interruption, scheduled or not, for maintenance needs or in the event of force majeure.<\/p>\n\n\n\n<p>In the event of impossibility of access to the Site, the latter undertakes to do its utmost to restore access. The Site cannot be held responsible for any damage, whatever its nature, resulting from its unavailability.<\/p>\n\n\n\n<h2 class=\"wp-block-heading\"><strong>ARTICLE 3 \u2013 APPLICABLE LAW AND JURISDICTION<\/strong><\/h2>\n\n\n\n<p>These Legal Notices are governed by French law. In the event of a dispute and in the absence of an amicable agreement, the dispute will be brought before the French courts in accordance with the rules of jurisdiction in force.<\/p>\n\n\n\n<h2 class=\"wp-block-heading\"><strong>ARTICLE 4 \u2013 CONTACT<\/strong><\/h2>\n\n\n\n<p>For any report of illegal content or activities, the User may contact the Publisher at the following address: pocapots@gmail.com, or by registered mail with acknowledgment of receipt addressed to the Publisher at the contact details specified herein. Legal Notice.<\/p>\n\n\n\n<p><em>The site wishes you an excellent navigation!<\/em><\/p>","protected":false},"excerpt":{"rendered":"<p>ARTICLE 1 \u2013 INFORMATIONS L\u00c9GALES En vertu de l\u2019Article10 de la Loi sur les services de la soci\u00e9t\u00e9 de l\u2019information et le commerce \u00e9lectronique il est pr\u00e9cis\u00e9 l\u2019identit\u00e9 des diff\u00e9rents intervenants dans le cadre de sa r\u00e9alisation et de son suivi. A.\u00a0\u00c9diteur du site Le site est \u00e9dit\u00e9 par Virginie Rocher, professionnelle (aut\u00f3nomo) domicili\u00e9 \u00e0 [&#8230;]\n","protected":false},"author":1,"featured_media":0,"parent":0,"menu_order":0,"comment_status":"closed","ping_status":"closed","template":"","meta":{"_joinchat":[],"footnotes":""},"class_list":["post-418","page","type-page","status-publish","hentry"],"_links":{"self":[{"href":"https:\/\/www.pocapots.es\/en\/wp-json\/wp\/v2\/pages\/418","targetHints":{"allow":["GET"]}}],"collection":[{"href":"https:\/\/www.pocapots.es\/en\/wp-json\/wp\/v2\/pages"}],"about":[{"href":"https:\/\/www.pocapots.es\/en\/wp-json\/wp\/v2\/types\/page"}],"author":[{"embeddable":true,"href":"https:\/\/www.pocapots.es\/en\/wp-json\/wp\/v2\/users\/1"}],"replies":[{"embeddable":true,"href":"https:\/\/www.pocapots.es\/en\/wp-json\/wp\/v2\/comments?post=418"}],"version-history":[{"count":0,"href":"https:\/\/www.pocapots.es\/en\/wp-json\/wp\/v2\/pages\/418\/revisions"}],"wp:attachment":[{"href":"https:\/\/www.pocapots.es\/en\/wp-json\/wp\/v2\/media?parent=418"}],"curies":[{"name":"wp","href":"https:\/\/api.w.org\/{rel}","templated":true}]}}