{"id":7040,"date":"2026-05-13T22:38:31","date_gmt":"2026-05-13T20:38:31","guid":{"rendered":"https:\/\/www.pocapots.es\/produit\/charter-pica-pica\/"},"modified":"2026-05-15T12:19:26","modified_gmt":"2026-05-15T10:19:26","slug":"charter-pica-pica","status":"publish","type":"product","link":"https:\/\/www.pocapots.es\/ca\/produit\/charter-pica-pica\/","title":{"rendered":"Charter Pica Pica \u2014 ap\u00e9ro signature \u00e0 bord"},"content":{"rendered":"<p><strong>25 \u20ac par personne \u2014 minimum 5 personnes (5 produits par commande).<\/strong><\/p>\n<p>Un pica pica pens\u00e9 pour le bateau : ready-to-eat, \u00e9quilibr\u00e9, qui change des chips-olives.<\/p>\n<h4>Composition<\/h4>\n<ul>\n<li>Toast ib\u00e9rico<\/li>\n<li>Toast fromage<\/li>\n<li>Mini quiche<\/li>\n<li>Mini burger poulet mayonnaise<\/li>\n<li>Houmous et crudit\u00e9s<\/li>\n<li>Brochette tomate mozzarella<\/li>\n<li>Brochette melon \/ past\u00e8que<\/li>\n<li>Brownie<\/li>\n<\/ul>\n<h4>Logistique partenaire<\/h4>\n<ul>\n<li>D\u00e9lai minimum de commande : 48 h avant la sortie<\/li>\n<li>Livraison incluse : Port Vell, Marina Vela et Port Ol\u00edmpic, Barcelone<\/li>\n<li>Conditionnement traiteur pr\u00eat \u00e0 servir, plateaux compostables<\/li>\n<\/ul>\n<p><em>Commande &amp; devis : <a href=\"mailto:virginie@pocapots.es\">virginie@pocapots.es<\/a> \u00b7 <a href=\"tel:+34693586456\">+34 693 58 64 56<\/a><\/em><\/p>","protected":false},"excerpt":{"rendered":"<p>Ap\u00e9ro pica pica \u00e9labor\u00e9, alternative premium au snack g\u00e9n\u00e9rique servi en mer. Minimum 5 personnes. Livraison incluse Port Vell \/ Marina Vela \/ Port Ol\u00edmpic.<\/p>","protected":false},"featured_media":7043,"template":"","meta":{"rank_math_title":"","rank_math_description":"","rank_math_focus_keyword":"","rank_math_robots":"","rank_math_canonical_url":"","rank_math_facebook_title":"","rank_math_facebook_description":"","_joinchat":[]},"product_brand":[],"product_cat":[288],"product_tag":[],"class_list":{"0":"post-7040","1":"product","2":"type-product","3":"status-publish","4":"has-post-thumbnail","6":"product_cat-charter-catering","8":"first","9":"instock","10":"taxable","11":"shipping-taxable","12":"purchasable","13":"product-type-simple"},"_links":{"self":[{"href":"https:\/\/www.pocapots.es\/ca\/wp-json\/wp\/v2\/product\/7040","targetHints":{"allow":["GET"]}}],"collection":[{"href":"https:\/\/www.pocapots.es\/ca\/wp-json\/wp\/v2\/product"}],"about":[{"href":"https:\/\/www.pocapots.es\/ca\/wp-json\/wp\/v2\/types\/product"}],"wp:featuredmedia":[{"embeddable":true,"href":"https:\/\/www.pocapots.es\/ca\/wp-json\/wp\/v2\/media\/7043"}],"wp:attachment":[{"href":"https:\/\/www.pocapots.es\/ca\/wp-json\/wp\/v2\/media?parent=7040"}],"wp:term":[{"taxonomy":"product_brand","embeddable":true,"href":"https:\/\/www.pocapots.es\/ca\/wp-json\/wp\/v2\/product_brand?post=7040"},{"taxonomy":"product_cat","embeddable":true,"href":"https:\/\/www.pocapots.es\/ca\/wp-json\/wp\/v2\/product_cat?post=7040"},{"taxonomy":"product_tag","embeddable":true,"href":"https:\/\/www.pocapots.es\/ca\/wp-json\/wp\/v2\/product_tag?post=7040"}],"curies":[{"name":"wp","href":"https:\/\/api.w.org\/{rel}","templated":true}]}}