{"id":6885,"date":"2026-02-07T18:55:07","date_gmt":"2026-02-07T17:55:07","guid":{"rendered":"https:\/\/www.pocapots.es\/?post_type=product&#038;p=6885"},"modified":"2026-02-07T19:11:13","modified_gmt":"2026-02-07T18:11:13","slug":"quiche-lorraine","status":"publish","type":"product","link":"https:\/\/www.pocapots.es\/ca\/produit\/quiche-lorraine\/","title":{"rendered":"Quiche Lorraine"},"content":{"rendered":"<h3 data-start=\"161\" data-end=\"239\"><strong data-start=\"168\" data-end=\"239\">Quiche Lorraine amb formatge Emmental (la que tothom hi est\u00e0 d&#039;acord) per a 6 o 8 persones<\/strong><\/h3>\n<p data-start=\"241\" data-end=\"579\">Vam agafar una pasta ben untada amb mantega (s\u00ed, la de veritat), la vam farcir amb una barreja de crema d&#039;ou que es fon molt, hi vam afegir trossets de bac\u00f3 grassonets que canten al bistrot i vam acabar amb formatge Emmental ratllat, com ha de ser.<br data-start=\"445\" data-end=\"448\" \/>El resultat: una quiche honesta i generosa, sense trampes ni enrenou.<br data-start=\"512\" data-end=\"515\" \/>Es pot menjar calent, tebi o fred\u2026 per\u00f2 rarament en silenci.<\/p>\n<p data-start=\"581\" data-end=\"722\">\ud83d\udc49 <strong data-start=\"584\" data-end=\"597\">Textura:<\/strong> fonent-se al centre, cruixent a les vores<br data-start=\"643\" data-end=\"646\" \/>\ud83d\udc49 <strong data-start=\"649\" data-end=\"667\">Moment ideal:<\/strong> dinar seri\u00f3s, p\u00edcnic elegant o berenar nocturn<\/p>\n<hr data-start=\"724\" data-end=\"727\" \/>\n<p data-start=\"729\" data-end=\"853\"><strong data-start=\"729\" data-end=\"767\">Al\u00b7l\u00e8rgens (m\u00e9s val prevenir que curar):<\/strong><br data-start=\"767\" data-end=\"770\" \/>\ud83e\udd5a Ous<br data-start=\"777\" data-end=\"780\" \/>\ud83e\udd5b Llet i productes lactis (nata, formatge Emmental)<br data-start=\"826\" data-end=\"829\" \/>\ud83c\udf3e Gluten (blat \u2013 massa)<\/p>\n<p data-start=\"855\" data-end=\"914\">Cont\u00e9 carn de porc (bacon); s\u00ed, \u00e9s una aut\u00e8ntica Lorraine.<\/p>","protected":false},"excerpt":{"rendered":"<p>Carbass\u00f3 fos, formatge de cabra crem\u00f3s, pasta daurada... Un mos de confort.<br \/>\nAl\u00b7l\u00e8rgens: gluten, ous, lactosa<\/p>","protected":false},"featured_media":6886,"template":"","meta":{"_joinchat":[]},"product_brand":[],"product_cat":[81],"product_tag":[114],"class_list":{"0":"post-6885","1":"product","2":"type-product","3":"status-publish","4":"has-post-thumbnail","6":"product_cat-plats","7":"product_tag-vegetarien-2","9":"first","10":"instock","11":"taxable","12":"shipping-taxable","13":"purchasable","14":"product-type-simple"},"_links":{"self":[{"href":"https:\/\/www.pocapots.es\/ca\/wp-json\/wp\/v2\/product\/6885","targetHints":{"allow":["GET"]}}],"collection":[{"href":"https:\/\/www.pocapots.es\/ca\/wp-json\/wp\/v2\/product"}],"about":[{"href":"https:\/\/www.pocapots.es\/ca\/wp-json\/wp\/v2\/types\/product"}],"wp:featuredmedia":[{"embeddable":true,"href":"https:\/\/www.pocapots.es\/ca\/wp-json\/wp\/v2\/media\/6886"}],"wp:attachment":[{"href":"https:\/\/www.pocapots.es\/ca\/wp-json\/wp\/v2\/media?parent=6885"}],"wp:term":[{"taxonomy":"product_brand","embeddable":true,"href":"https:\/\/www.pocapots.es\/ca\/wp-json\/wp\/v2\/product_brand?post=6885"},{"taxonomy":"product_cat","embeddable":true,"href":"https:\/\/www.pocapots.es\/ca\/wp-json\/wp\/v2\/product_cat?post=6885"},{"taxonomy":"product_tag","embeddable":true,"href":"https:\/\/www.pocapots.es\/ca\/wp-json\/wp\/v2\/product_tag?post=6885"}],"curies":[{"name":"wp","href":"https:\/\/api.w.org\/{rel}","templated":true}]}}