{"id":6819,"date":"2025-10-08T07:42:51","date_gmt":"2025-10-08T05:42:51","guid":{"rendered":"https:\/\/www.pocapots.es\/?post_type=product&#038;p=6819"},"modified":"2026-04-21T01:10:23","modified_gmt":"2026-04-20T23:10:23","slug":"torrades-de-fajol-i-tartar-de-vedella-wagyu","status":"publish","type":"product","link":"https:\/\/www.pocapots.es\/ca\/produit\/toast-de-sarrasin-et-tartare-de-boeuf-waygu\/","title":{"rendered":"Torrades de fajol i t\u00e0rtar de vedella Wagyu"},"content":{"rendered":"<h2 class=\"wp-block-heading\">Composition<\/h2>\n\n\n\n<ul class=\"wp-block-list\">\n<li>Pa cruixent de fajol amb un toc de flor de sal i el gust inimitable de Waygu.<\/li>\n<\/ul>\n\n\n\n<h2 class=\"wp-block-heading\">Consell de maridatge<\/h2>\n\n\n\n<p>Pe\u00e7a de c\u00f2ctel ideal per a aperitiu o buffet de sopar. Acompanya amb un cava brut, un vi blanc sec (Xarel\u00b7lo, Macabeu) o un negre lleuger ben fred. Servir fred, acabat de treure del frigor\u00edfic.<\/p>\n\n\n\n<h2 class=\"wp-block-heading\">Lliurament &#038; elaboraci\u00f3<\/h2>\n\n\n\n<p>Fabricat el mateix dia a les nostres cuines. <strong>Lliurament gratu\u00eft a Barcelona des de 60 \u20ac IVA excl.<\/strong> Per comandes &gt; 6 unitats, preveu <strong>48 h d\u2019antelaci\u00f3<\/strong>.<\/p>\n\n\n\n<p><em>Al\u00b7l\u00e8rgens: carn<\/em><\/p>","protected":false},"excerpt":{"rendered":"<p>Pa cruixent de fajol amb un toc de flor de sal i el gust inimitable de Waygu.<br \/>\nAl\u00b7l\u00e8rgens: carn<\/p>","protected":false},"featured_media":6882,"template":"","meta":{"rank_math_title":"Toast de sarrasin et tartare de boeuf Waygu \u00e0 Barcelone | Poc ...","rank_math_description":"Pain croustillant de sarrasin une pointe de fleur de sel et le go\u00fbt inimitable du Waygu. Livraison offerte \u00e0 Barcelone d\u00e8s 60 \u20ac HT. Commandez en ligne.","rank_math_focus_keyword":"toast de sarrasin et tartare de boeuf waygu","rank_math_robots":null,"rank_math_canonical_url":"","rank_math_facebook_title":"","rank_math_facebook_description":"","_joinchat":[]},"product_brand":[],"product_cat":[68],"product_tag":[168,283,165],"class_list":{"0":"post-6819","1":"product","2":"type-product","3":"status-publish","4":"has-post-thumbnail","6":"product_cat-plateaux-pour-buffet","7":"product_tag-asiatique","8":"product_tag-sans-gluten","9":"product_tag-viandes","11":"first","12":"instock","13":"taxable","14":"shipping-taxable","15":"purchasable","16":"product-type-simple"},"_links":{"self":[{"href":"https:\/\/www.pocapots.es\/ca\/wp-json\/wp\/v2\/product\/6819","targetHints":{"allow":["GET"]}}],"collection":[{"href":"https:\/\/www.pocapots.es\/ca\/wp-json\/wp\/v2\/product"}],"about":[{"href":"https:\/\/www.pocapots.es\/ca\/wp-json\/wp\/v2\/types\/product"}],"wp:featuredmedia":[{"embeddable":true,"href":"https:\/\/www.pocapots.es\/ca\/wp-json\/wp\/v2\/media\/6882"}],"wp:attachment":[{"href":"https:\/\/www.pocapots.es\/ca\/wp-json\/wp\/v2\/media?parent=6819"}],"wp:term":[{"taxonomy":"product_brand","embeddable":true,"href":"https:\/\/www.pocapots.es\/ca\/wp-json\/wp\/v2\/product_brand?post=6819"},{"taxonomy":"product_cat","embeddable":true,"href":"https:\/\/www.pocapots.es\/ca\/wp-json\/wp\/v2\/product_cat?post=6819"},{"taxonomy":"product_tag","embeddable":true,"href":"https:\/\/www.pocapots.es\/ca\/wp-json\/wp\/v2\/product_tag?post=6819"}],"curies":[{"name":"wp","href":"https:\/\/api.w.org\/{rel}","templated":true}]}}