{"id":6762,"date":"2025-05-09T10:45:32","date_gmt":"2025-05-09T08:45:32","guid":{"rendered":"https:\/\/www.pocapots.es\/?post_type=product&#038;p=6762"},"modified":"2026-04-21T01:10:39","modified_gmt":"2026-04-20T23:10:39","slug":"broqueta-de-tomaquet-mozzarella-alfabrega-iberica","status":"publish","type":"product","link":"https:\/\/www.pocapots.es\/ca\/produit\/brochette-de-tomate-mozzarella-basilic-iberico\/","title":{"rendered":"Broqueta d&#039;alf\u00e0brega ib\u00e8rica de tom\u00e0quet i mozzarella"},"content":{"rendered":"<h2 class=\"wp-block-heading\">Composition<\/h2>\n\n\n\n<ul class=\"wp-block-list\">\n<li>Brochettes de l\u2019\u00e9te avec des tomates cerise, bille de mozzarella, basilic frais et chiffonnade de jambon Ib\u00e9rique<\/li>\n<\/ul>\n\n\n\n<h2 class=\"wp-block-heading\">Conseil d\u2019accord<\/h2>\n\n\n\n<p>Pi\u00e8ce cocktail id\u00e9ale pour ap\u00e9ritif ou buffet d\u00eenatoire. Accord avec un cava brut, un vin blanc sec (Xarel\u00b7lo, Macabeu) ou un rouge l\u00e9ger bien frais. Servir froid, juste sorti du frais.<\/p>\n\n\n\n<h2 class=\"wp-block-heading\">Livraison &#038; fabrication<\/h2>\n\n\n\n<p>Fabriqu\u00e9 le jour m\u00eame dans nos cuisines. <strong>Livraison offerte \u00e0 Barcelone d\u00e8s 60 \u20ac HT.<\/strong> Pour les commandes &gt; 6 unit\u00e9s, pr\u00e9voir <strong>48 h \u00e0 l\u2019avance<\/strong>.<\/p>","protected":false},"excerpt":{"rendered":"<p>Broquetes d&#039;estiu amb tom\u00e0quets cherry, boletes de mozzarella, alf\u00e0brega fresca i xifonata de pernil ib\u00e8ric<\/p>","protected":false},"featured_media":6632,"template":"","meta":{"rank_math_title":"Brochette de tomate mozzarella basilic Iberico \u00e0 Barcelone | P...","rank_math_description":"Brochettes de l\u2019\u00e9te avec des tomates cerise, bille de mozzarella, basilic frais et chiffonnade de\u2026 Livraison Barcelone d\u00e8s 60\u20ac.","rank_math_focus_keyword":"brochette de tomate mozzarella basilic iberico","rank_math_robots":null,"rank_math_canonical_url":"","rank_math_facebook_title":"","rank_math_facebook_description":"","_joinchat":[]},"product_brand":[],"product_cat":[68],"product_tag":[262,165],"class_list":{"0":"post-6762","1":"product","2":"type-product","3":"status-publish","4":"has-post-thumbnail","6":"product_cat-plateaux-pour-buffet","7":"product_tag-cuisine-asiatique","8":"product_tag-viandes","10":"first","11":"instock","12":"taxable","13":"shipping-taxable","14":"purchasable","15":"product-type-simple"},"_links":{"self":[{"href":"https:\/\/www.pocapots.es\/ca\/wp-json\/wp\/v2\/product\/6762","targetHints":{"allow":["GET"]}}],"collection":[{"href":"https:\/\/www.pocapots.es\/ca\/wp-json\/wp\/v2\/product"}],"about":[{"href":"https:\/\/www.pocapots.es\/ca\/wp-json\/wp\/v2\/types\/product"}],"wp:featuredmedia":[{"embeddable":true,"href":"https:\/\/www.pocapots.es\/ca\/wp-json\/wp\/v2\/media\/6632"}],"wp:attachment":[{"href":"https:\/\/www.pocapots.es\/ca\/wp-json\/wp\/v2\/media?parent=6762"}],"wp:term":[{"taxonomy":"product_brand","embeddable":true,"href":"https:\/\/www.pocapots.es\/ca\/wp-json\/wp\/v2\/product_brand?post=6762"},{"taxonomy":"product_cat","embeddable":true,"href":"https:\/\/www.pocapots.es\/ca\/wp-json\/wp\/v2\/product_cat?post=6762"},{"taxonomy":"product_tag","embeddable":true,"href":"https:\/\/www.pocapots.es\/ca\/wp-json\/wp\/v2\/product_tag?post=6762"}],"curies":[{"name":"wp","href":"https:\/\/api.w.org\/{rel}","templated":true}]}}