{"id":6656,"date":"2025-04-02T13:18:12","date_gmt":"2025-04-02T11:18:12","guid":{"rendered":"https:\/\/www.pocapots.es\/?post_type=product&#038;p=6656"},"modified":"2026-04-21T01:10:51","modified_gmt":"2026-04-20T23:10:51","slug":"brioix-de-formatge-de-cabra-i-carbasso","status":"publish","type":"product","link":"https:\/\/www.pocapots.es\/ca\/produit\/brioche-chevre-courgette\/","title":{"rendered":"Brioche de formatge de cabra i carbass\u00f3"},"content":{"rendered":"<h2 class=\"wp-block-heading\">Composition<\/h2>\n\n\n\n<ul class=\"wp-block-list\">\n<li>Courgettes, ch\u00e8vre fondant oignons confits, graine de courge dans une brioche moelleuse<\/li>\n<li>Petit mais costaud.<\/li>\n<\/ul>\n\n\n\n<h2 class=\"wp-block-heading\">Consell de maridatge<\/h2>\n\n\n\n<p>\u00c0 servir ti\u00e8de, en ap\u00e9ritif ou pour accompagner un buffet. Accord avec un cava brut catalan, un Xarel\u00b7lo ou un vin blanc sec de Pened\u00e8s. Un cidre brut normand fonctionne aussi, notamment avec les brioches aux fromages forts.<\/p>\n\n\n\n<h2 class=\"wp-block-heading\">Lliurament &#038; elaboraci\u00f3<\/h2>\n\n\n\n<p>Fabricat el mateix dia a les nostres cuines. <strong>Lliurament gratu\u00eft a Barcelona des de 60 \u20ac IVA excl.<\/strong> Per comandes &gt; 6 unitats, preveu <strong>48 h d\u2019antelaci\u00f3<\/strong>.<\/p>\n\n\n\n<p><em>Al\u00b7l\u00e8rgens: gluten, lactosa, ceba, s\u00e8sam<\/em><\/p>","protected":false},"excerpt":{"rendered":"<p>Carbassons, formatge de cabra fos, ceba confitada, llavors de carbassa en un brioix tou. Petit per\u00f2 potent.<br \/>\nAl\u00b7l\u00e8rgens: gluten, lactosa, ceba, s\u00e8sam<\/p>","protected":false},"featured_media":1958,"template":"","meta":{"rank_math_title":"Brioche ch\u00e8vre courgette \u00e0 Barcelone | Poc a Pots","rank_math_description":"Courgettes, ch\u00e8vre fondant oignons confits, graine de courge dans une brioche moelleuse. Petit ma\u2026 Livraison Barcelone d\u00e8s 60\u20ac.","rank_math_focus_keyword":"brioche ch\u00e8vre courgette","rank_math_robots":null,"rank_math_canonical_url":"","rank_math_facebook_title":"","rank_math_facebook_description":"","_joinchat":[]},"product_brand":[],"product_cat":[268],"product_tag":[193],"class_list":{"0":"post-6656","1":"product","2":"type-product","3":"status-publish","4":"has-post-thumbnail","6":"product_cat-brioches-salees","7":"product_tag-brioches","9":"first","10":"instock","11":"taxable","12":"shipping-taxable","13":"purchasable","14":"product-type-simple"},"_links":{"self":[{"href":"https:\/\/www.pocapots.es\/ca\/wp-json\/wp\/v2\/product\/6656","targetHints":{"allow":["GET"]}}],"collection":[{"href":"https:\/\/www.pocapots.es\/ca\/wp-json\/wp\/v2\/product"}],"about":[{"href":"https:\/\/www.pocapots.es\/ca\/wp-json\/wp\/v2\/types\/product"}],"wp:featuredmedia":[{"embeddable":true,"href":"https:\/\/www.pocapots.es\/ca\/wp-json\/wp\/v2\/media\/1958"}],"wp:attachment":[{"href":"https:\/\/www.pocapots.es\/ca\/wp-json\/wp\/v2\/media?parent=6656"}],"wp:term":[{"taxonomy":"product_brand","embeddable":true,"href":"https:\/\/www.pocapots.es\/ca\/wp-json\/wp\/v2\/product_brand?post=6656"},{"taxonomy":"product_cat","embeddable":true,"href":"https:\/\/www.pocapots.es\/ca\/wp-json\/wp\/v2\/product_cat?post=6656"},{"taxonomy":"product_tag","embeddable":true,"href":"https:\/\/www.pocapots.es\/ca\/wp-json\/wp\/v2\/product_tag?post=6656"}],"curies":[{"name":"wp","href":"https:\/\/api.w.org\/{rel}","templated":true}]}}